{"id":2263,"date":"2019-06-24T15:38:03","date_gmt":"2019-06-24T18:38:03","guid":{"rendered":"https:\/\/tecnologia.ufpr.br\/lahurb\/?page_id=2263"},"modified":"2019-07-03T15:31:40","modified_gmt":"2019-07-03T18:31:40","slug":"2018-3","status":"publish","type":"page","link":"https:\/\/tecnologia.ufpr.br\/lahurb\/2018-3\/","title":{"rendered":"2018"},"content":{"rendered":"\n<p><strong><a href=\"https:\/\/tecnologia.ufpr.br\/lahurb\/wp-content\/uploads\/sites\/31\/2018\/11\/Aspectos-do-perfil-dos-egressos-do-PPGMADE-em-22-anos-e-o-efeito-multiplicador-da-forma%C3%A7%C3%A3o-dos-doutores.pdf\" target=\"_blank\" rel=\"noreferrer noopener\" aria-label=\" (abre em uma nova aba)\">Aspectos do perfil dos egressos do PPGMADE em 22 anos e o efeito multiplicador da forma\u00e7\u00e3o dos doutores<\/a><\/strong><\/p>\n\n\n\n<h6 class=\"wp-block-heading\">Autoras:<strong>&nbsp;Cristina de Ara\u00fajo Lima e Rafaela Antunes Fortunato<\/strong><\/h6>\n\n\n\n<p>&#8211;<\/p>\n\n\n\n<p><strong><a href=\"https:\/\/tecnologia.ufpr.br\/lahurb\/wp-content\/uploads\/sites\/31\/2018\/11\/Coberturas-Verdes-e-Convencionais-e-a-Mitiga%C3%A7%C3%A3o-das-Ilhas-de-Calor-Urbano.pdf\" target=\"_blank\" rel=\"noreferrer noopener\">Coberturas Verdes e Convencionais e a Mitiga\u00e7\u00e3o das Ilhas de Calor Urbano<\/a><\/strong><\/p>\n\n\n\n<h6 class=\"wp-block-heading\">Autores:<strong>&nbsp;Cristina de Ara\u00fajo Lima, Mateus Pedro Scroccaro e S\u00e9rgio Fernando Tavares<\/strong><\/h6>\n\n\n\n<p>&#8211;<\/p>\n\n\n\n<p><strong><a href=\"https:\/\/tecnologia.ufpr.br\/lahurb\/wp-content\/uploads\/sites\/31\/2018\/11\/Planejamento-urbano-flex%C3%ADvel-na-cidade-contempor%C3%A2nea-contribui%C3%A7%C3%B5es-a-partir-da-an%C3%A1lise-do-Plano-22-Barcelona.pdf\" target=\"_blank\" rel=\"noreferrer noopener\">Planejamento urbano flex\u00edvel na cidade contempor\u00e2nea &#8211; contribui\u00e7\u00f5es a partir da an\u00e1lise do Plano 22 Barcelona<\/a><\/strong><\/p>\n\n\n\n<h6 class=\"wp-block-heading\">Autores:<strong> Let\u00edcia Nerone Gadens e Joaquin Sabat\u00e9 Bel<\/strong><\/h6>\n\n\n\n<p>&#8211;<\/p>\n\n\n\n<p><strong><a href=\"https:\/\/tecnologia.ufpr.br\/lahurb\/wp-content\/uploads\/sites\/31\/2018\/11\/Centralidade-e-a-cidade-contempor%C3%A2nea-reflex%C3%B5es-para-pensar-o-direito-%C3%A0-cidade-na-produ%C3%A7%C3%A3o-da-metr%C3%B3pole.pdf\" target=\"_blank\" rel=\"noreferrer noopener\">Centralidade e a cidade contempor\u00e2nea &#8211; reflex\u00f5es para pensar o direito \u00e0 cidade na produ\u00e7\u00e3o da metr\u00f3pole<\/a><\/strong><\/p>\n\n\n\n<h6 class=\"wp-block-heading\">Autores:&nbsp;<strong>Madianita Nunes da Silva e Gustavo Domingues Gaspari<\/strong><\/h6>\n\n\n\n<p>&#8211;<\/p>\n\n\n\n<p><strong><a href=\"https:\/\/tecnologia.ufpr.br\/lahurb\/wp-content\/uploads\/sites\/31\/2018\/11\/O-caso-do-Complexo-Parais%C3%B3polis-em-gest%C3%B5es-diferen%C3%A7as-conceituais-em-programas-de-interven%C3%A7%C3%A3o-em-favelas-em-S%C3%A3o-Paulo.pdf\" target=\"_blank\" rel=\"noreferrer noopener\">O caso do Complexo Parais\u00f3polis em gest\u00f5es &#8211; diferen\u00e7as conceituais em programas de interven\u00e7\u00e3o em favelas em S\u00e3o Paulo<\/a><\/strong><\/p>\n\n\n\n<h6 class=\"wp-block-heading\">Autoras:\u00a0<strong>Maria Carolina Maziviero e Alane Santos da Silva<\/strong><\/h6>\n\n\n\n<p>&#8211;<\/p>\n\n\n\n<div class=\"wp-block-file\"><a href=\"https:\/\/tecnologia.ufpr.br\/lahurb\/wp-content\/uploads\/sites\/31\/2019\/07\/Cristina_Cultures-de-la-mobilite_5_Couverture-1.pdf\" target=\"_blank\" rel=\"noreferrer noopener\"><strong>CULTURES DE LA MOBILIT\u00c9 : LE\u00c7ONS D\u2019UNE COMPARAISON, CINCINNATI (USA),  CURITIBA (BR\u00c9SIL)<\/strong><\/a><\/div>\n\n\n\n<h6 class=\"wp-block-heading\">Autoras: <strong>Cristina de Ara\u00fajo Lima<\/strong>  e Guy Tapie<\/h6>\n","protected":false},"excerpt":{"rendered":"<p>Aspectos do perfil dos egressos do PPGMADE em 22 anos e o efeito multiplicador da forma\u00e7\u00e3o dos doutores Autoras:&nbsp;Cristina de Ara\u00fajo Lima e Rafaela Antunes Fortunato &#8211; Coberturas Verdes e Convencionais e a Mitiga\u00e7\u00e3o das Ilhas de Calor Urbano Autores:&nbsp;Cristina de Ara\u00fajo Lima, Mateus Pedro Scroccaro e S\u00e9rgio Fernando Tavares &#8211; Planejamento urbano flex\u00edvel na [&hellip;]<\/p>\n","protected":false},"author":1047,"featured_media":0,"parent":0,"menu_order":0,"comment_status":"closed","ping_status":"closed","template":"","meta":{"footnotes":""},"_links":{"self":[{"href":"https:\/\/tecnologia.ufpr.br\/lahurb\/wp-json\/wp\/v2\/pages\/2263"}],"collection":[{"href":"https:\/\/tecnologia.ufpr.br\/lahurb\/wp-json\/wp\/v2\/pages"}],"about":[{"href":"https:\/\/tecnologia.ufpr.br\/lahurb\/wp-json\/wp\/v2\/types\/page"}],"author":[{"embeddable":true,"href":"https:\/\/tecnologia.ufpr.br\/lahurb\/wp-json\/wp\/v2\/users\/1047"}],"replies":[{"embeddable":true,"href":"https:\/\/tecnologia.ufpr.br\/lahurb\/wp-json\/wp\/v2\/comments?post=2263"}],"version-history":[{"count":10,"href":"https:\/\/tecnologia.ufpr.br\/lahurb\/wp-json\/wp\/v2\/pages\/2263\/revisions"}],"predecessor-version":[{"id":2833,"href":"https:\/\/tecnologia.ufpr.br\/lahurb\/wp-json\/wp\/v2\/pages\/2263\/revisions\/2833"}],"wp:attachment":[{"href":"https:\/\/tecnologia.ufpr.br\/lahurb\/wp-json\/wp\/v2\/media?parent=2263"}],"curies":[{"name":"wp","href":"https:\/\/api.w.org\/{rel}","templated":true}]}}