{"id":2236,"date":"2019-06-24T15:33:24","date_gmt":"2019-06-24T18:33:24","guid":{"rendered":"https:\/\/tecnologia.ufpr.br\/lahurb\/?page_id=2236"},"modified":"2019-06-24T16:01:51","modified_gmt":"2019-06-24T19:01:51","slug":"2014-3","status":"publish","type":"page","link":"https:\/\/tecnologia.ufpr.br\/lahurb\/2014-3\/","title":{"rendered":"2014"},"content":{"rendered":"\n<p><strong><a href=\"https:\/\/tecnologia.ufpr.br\/lahurb\/wp-content\/uploads\/sites\/31\/2018\/11\/A-configura%C3%A7%C3%A3o-urbana-e-o-Sistema-BRT-de-Curitiba-Brasil-Investigando-a-qualidade-espacial-do-entorno-de-terminais-uma-metodologia-em-constru%C3%A7%C3%A3o.pdf\" target=\"_blank\" rel=\"noreferrer noopener\" aria-label=\" (abre em uma nova aba)\">A configura\u00e7\u00e3o urbana e o Sistema BRT de Curitiba &#8211; Brasil &#8211; Investigando a qualidade espacial do entorno de terminais &#8211; uma metodologia em constru\u00e7\u00e3o<\/a><\/strong><\/p>\n\n\n\n<h6 class=\"wp-block-heading\">Autora:&nbsp;<strong>Cristina de Ara\u00fajo Lima<\/strong><\/h6>\n\n\n\n<p>&#8211;<\/p>\n\n\n\n<p><strong><a href=\"https:\/\/tecnologia.ufpr.br\/lahurb\/wp-content\/uploads\/sites\/31\/2018\/11\/Movimento-pendular-e-transporte-p%C3%BAblico-na-%C3%A1rea-de-concentra%C3%A7%C3%A3o-da-popula%C3%A7%C3%A3o-de-Curitiba-o-caso-de-Fazenda-Rio-Grande.pdf\" target=\"_blank\" rel=\"noreferrer noopener\">Movimento pendular e transporte p\u00fablico na \u00e1rea de concentra\u00e7\u00e3o da popula\u00e7\u00e3o de Curitiba &#8211; o caso de Fazenda Rio Grande<\/a><\/strong><\/p>\n\n\n\n<h6 class=\"wp-block-heading\">Autoras:<strong>&nbsp;Cristina de Ara\u00fajo Lima e Roberta Giraldi Romano<\/strong><\/h6>\n\n\n\n<p>&#8211;<\/p>\n\n\n\n<p><strong><a href=\"https:\/\/tecnologia.ufpr.br\/lahurb\/wp-content\/uploads\/sites\/31\/2018\/11\/O-processo-de-produ%C3%A7%C3%A3o-dos-espa%C3%A7os-informais-de-moradia-na-metr%C3%B3pole-de-Curitiba-entre-as-d%C3%A9cadas-de-1990-e-2000.pdf\" target=\"_blank\" rel=\"noreferrer noopener\">O processo de produ\u00e7\u00e3o dos espa\u00e7os informais de moradia na metr\u00f3pole de Curitiba entre as d\u00e9cadas de 1990 e 2000<\/a><\/strong><\/p>\n\n\n\n<h6 class=\"wp-block-heading\">Autora:&nbsp;<strong>Madianita Nunes da Silva<\/strong><\/h6>\n\n\n\n<p>&#8211;<\/p>\n\n\n\n<p><strong><a href=\"https:\/\/tecnologia.ufpr.br\/lahurb\/wp-content\/uploads\/sites\/31\/2018\/11\/Produ%C3%A7%C3%A3o-dos-espa%C3%A7os-informais-de-moradia-na-metr%C3%B3pole-de-Curitiba.pdf\" target=\"_blank\" rel=\"noreferrer noopener\">Produ\u00e7\u00e3o dos espa\u00e7os informais de moradia na metr\u00f3pole de Curitiba<\/a><\/strong><\/p>\n\n\n\n<h6 class=\"wp-block-heading\">Autora:\u00a0<strong>Madianita Nunes da Silva<\/strong><\/h6>\n\n\n\n<p>&#8211;<\/p>\n\n\n\n<p><strong><a href=\"https:\/\/tecnologia.ufpr.br\/lahurb\/wp-content\/uploads\/sites\/31\/2018\/11\/Revitaliza%C3%A7%C3%A3o-e-moderniza%C3%A7%C3%A3o-portu%C3%A1ria-em-Santos-l%C3%B3gica-de-funcionamento-interesses-atendidos-e-implica%C3%A7%C3%B5es-sociais.pdf\" target=\"_blank\" rel=\"noreferrer noopener\">Revitaliza\u00e7\u00e3o e moderniza\u00e7\u00e3o portu\u00e1ria em Santos &#8211; l\u00f3gica de funcionamento, interesses atendidos e implica\u00e7\u00f5es sociais<\/a><\/strong><\/p>\n\n\n\n<h6 class=\"wp-block-heading\">Autora:&nbsp;<strong>Maria Carolina Maziviero<\/strong><\/h6>\n","protected":false},"excerpt":{"rendered":"<p>A configura\u00e7\u00e3o urbana e o Sistema BRT de Curitiba &#8211; Brasil &#8211; Investigando a qualidade espacial do entorno de terminais &#8211; uma metodologia em constru\u00e7\u00e3o Autora:&nbsp;Cristina de Ara\u00fajo Lima &#8211; Movimento pendular e transporte p\u00fablico na \u00e1rea de concentra\u00e7\u00e3o da popula\u00e7\u00e3o de Curitiba &#8211; o caso de Fazenda Rio Grande Autoras:&nbsp;Cristina de Ara\u00fajo Lima e [&hellip;]<\/p>\n","protected":false},"author":1047,"featured_media":0,"parent":0,"menu_order":0,"comment_status":"closed","ping_status":"closed","template":"","meta":{"footnotes":""},"_links":{"self":[{"href":"https:\/\/tecnologia.ufpr.br\/lahurb\/wp-json\/wp\/v2\/pages\/2236"}],"collection":[{"href":"https:\/\/tecnologia.ufpr.br\/lahurb\/wp-json\/wp\/v2\/pages"}],"about":[{"href":"https:\/\/tecnologia.ufpr.br\/lahurb\/wp-json\/wp\/v2\/types\/page"}],"author":[{"embeddable":true,"href":"https:\/\/tecnologia.ufpr.br\/lahurb\/wp-json\/wp\/v2\/users\/1047"}],"replies":[{"embeddable":true,"href":"https:\/\/tecnologia.ufpr.br\/lahurb\/wp-json\/wp\/v2\/comments?post=2236"}],"version-history":[{"count":6,"href":"https:\/\/tecnologia.ufpr.br\/lahurb\/wp-json\/wp\/v2\/pages\/2236\/revisions"}],"predecessor-version":[{"id":2338,"href":"https:\/\/tecnologia.ufpr.br\/lahurb\/wp-json\/wp\/v2\/pages\/2236\/revisions\/2338"}],"wp:attachment":[{"href":"https:\/\/tecnologia.ufpr.br\/lahurb\/wp-json\/wp\/v2\/media?parent=2236"}],"curies":[{"name":"wp","href":"https:\/\/api.w.org\/{rel}","templated":true}]}}