{"id":2218,"date":"2019-06-24T15:28:07","date_gmt":"2019-06-24T18:28:07","guid":{"rendered":"https:\/\/tecnologia.ufpr.br\/lahurb\/?page_id=2218"},"modified":"2019-06-24T15:59:33","modified_gmt":"2019-06-24T18:59:33","slug":"2016-3","status":"publish","type":"page","link":"https:\/\/tecnologia.ufpr.br\/lahurb\/2016-3\/","title":{"rendered":"2016"},"content":{"rendered":"\n<p><strong><a rel=\"noreferrer noopener\" href=\"https:\/\/tecnologia.ufpr.br\/lahurb\/wp-content\/uploads\/sites\/31\/2018\/11\/15-Anos-de-Estatuto-da-Cidade-Contribui%C3%A7%C3%A3o-de-Melhoria-e-a-recupera%C3%A7%C3%A3o-da-valoriza%C3%A7%C3%A3o.pdf\" target=\"_blank\">15 Anos de Estatuto da Cidade &#8211; Contribui\u00e7\u00e3o de Melhoria e a recupera\u00e7\u00e3o da valoriza\u00e7\u00e3o<\/a><\/strong><\/p>\n\n\n\n<h6 class=\"wp-block-heading\">Autoras:&nbsp;<strong>Gislene Pereira e Fabiana W\u00fctrich<\/strong><\/h6>\n\n\n\n<p>&#8211;<\/p>\n\n\n\n<p><strong><a href=\"https:\/\/tecnologia.ufpr.br\/lahurb\/publicacoes\/andar-a-pe-mobilidade-urbana-e-sustentabilidade-nas-regioes-metropolitanas-brasileiras\/\" target=\"_blank\" rel=\"noreferrer noopener\">Andar a p\u00e9 &#8211; Mobilidade urbana e sustentabilidade nas regi\u00f5es metropolitanas brasileiras<\/a><\/strong><\/p>\n\n\n\n<h6 class=\"wp-block-heading\">Autoras:<strong>&nbsp;Cristina de Ara\u00fajo Lima e Helena Mendon\u00e7a Faria<\/strong><\/h6>\n\n\n\n<p>&#8211;<\/p>\n\n\n\n<p><strong><a href=\"https:\/\/tecnologia.ufpr.br\/lahurb\/wp-content\/uploads\/sites\/31\/2018\/11\/Mobilidade-e-Desenho-Urbano-estudo-das-rela%C3%A7%C3%B5es-espaciais-em-Curitiba.pdf\">Mobilidade e Desenho Urbano &#8211; estudo das rela\u00e7\u00f5es espaciais em Curitiba<\/a><\/strong><\/p>\n\n\n\n<h6 class=\"wp-block-heading\">Autoras:<strong>&nbsp;Cristina de Ara\u00fajo Lima e Let\u00edcia Nerone Gadens<\/strong><\/h6>\n\n\n\n<p>&#8211;<\/p>\n\n\n\n<p><strong><a href=\"https:\/\/tecnologia.ufpr.br\/lahurb\/wp-content\/uploads\/sites\/31\/2018\/11\/The-materialized-identity-of-the-houses-of-Polish-immigration-in-the-scenario-of-Curitiba-Metropolitan-Area-Brazil.pdf\" target=\"_blank\" rel=\"noreferrer noopener\">The materialized identity of the houses of Polish immigration in the scenario of Curitiba Metropolitan Area &#8211; Brazil<\/a><\/strong><\/p>\n\n\n\n<h6 class=\"wp-block-heading\">Autores:<strong>\u00a0Cristina de Ara\u00fajo Lima, Alan Ripoll Alves e Carlos Alberto Cioce Sampaio<\/strong><\/h6>\n\n\n\n<p>&#8211;<\/p>\n\n\n\n<p><strong><a href=\"https:\/\/tecnologia.ufpr.br\/lahurb\/wp-content\/uploads\/sites\/31\/2018\/11\/A-transi%C3%A7%C3%A3o-do-modo-de-viver-e-projetar-cidades-Mobilidade-Sustent%C3%A1vel-e-as-novas-tecnologias.pdf\" target=\"_blank\" rel=\"noreferrer noopener\">A transi\u00e7\u00e3o do modo de viver e projetar cidades &#8211; Mobilidade Sustent\u00e1vel e as novas tecnologias<\/a><\/strong><\/p>\n\n\n\n<h6 class=\"wp-block-heading\">Autoras:\u00a0<strong>Maria Carolina Maziviero e Jady Medeiros Silva<\/strong><\/h6>\n\n\n\n<p>&#8211;<\/p>\n\n\n\n<p><strong><a href=\"https:\/\/tecnologia.ufpr.br\/lahurb\/wp-content\/uploads\/sites\/31\/2018\/11\/Entre-a-recupera%C3%A7%C3%A3o-patrimonial-e-a-quest%C3%A3o-da-moradia-projetos-de-renova%C3%A7%C3%A3o-urbana-para-o-centro-de-Santos.pdf\" target=\"_blank\" rel=\"noreferrer noopener\">Entre a recupera\u00e7\u00e3o patrimonial e a quest\u00e3o da moradia &#8211; projetos de renova\u00e7\u00e3o urbana para o centro de Santos<\/a><\/strong><\/p>\n\n\n\n<h6 class=\"wp-block-heading\">Autora:&nbsp;<strong>Maria Carolina Maziviero<\/strong><\/h6>\n","protected":false},"excerpt":{"rendered":"<p>15 Anos de Estatuto da Cidade &#8211; Contribui\u00e7\u00e3o de Melhoria e a recupera\u00e7\u00e3o da valoriza\u00e7\u00e3o Autoras:&nbsp;Gislene Pereira e Fabiana W\u00fctrich &#8211; Andar a p\u00e9 &#8211; Mobilidade urbana e sustentabilidade nas regi\u00f5es metropolitanas brasileiras Autoras:&nbsp;Cristina de Ara\u00fajo Lima e Helena Mendon\u00e7a Faria &#8211; Mobilidade e Desenho Urbano &#8211; estudo das rela\u00e7\u00f5es espaciais em Curitiba Autoras:&nbsp;Cristina de [&hellip;]<\/p>\n","protected":false},"author":1047,"featured_media":0,"parent":0,"menu_order":0,"comment_status":"closed","ping_status":"closed","template":"","meta":{"footnotes":""},"_links":{"self":[{"href":"https:\/\/tecnologia.ufpr.br\/lahurb\/wp-json\/wp\/v2\/pages\/2218"}],"collection":[{"href":"https:\/\/tecnologia.ufpr.br\/lahurb\/wp-json\/wp\/v2\/pages"}],"about":[{"href":"https:\/\/tecnologia.ufpr.br\/lahurb\/wp-json\/wp\/v2\/types\/page"}],"author":[{"embeddable":true,"href":"https:\/\/tecnologia.ufpr.br\/lahurb\/wp-json\/wp\/v2\/users\/1047"}],"replies":[{"embeddable":true,"href":"https:\/\/tecnologia.ufpr.br\/lahurb\/wp-json\/wp\/v2\/comments?post=2218"}],"version-history":[{"count":6,"href":"https:\/\/tecnologia.ufpr.br\/lahurb\/wp-json\/wp\/v2\/pages\/2218\/revisions"}],"predecessor-version":[{"id":2329,"href":"https:\/\/tecnologia.ufpr.br\/lahurb\/wp-json\/wp\/v2\/pages\/2218\/revisions\/2329"}],"wp:attachment":[{"href":"https:\/\/tecnologia.ufpr.br\/lahurb\/wp-json\/wp\/v2\/media?parent=2218"}],"curies":[{"name":"wp","href":"https:\/\/api.w.org\/{rel}","templated":true}]}}