{"id":2182,"date":"2019-06-24T14:57:35","date_gmt":"2019-06-24T17:57:35","guid":{"rendered":"https:\/\/tecnologia.ufpr.br\/lahurb\/?page_id=2182"},"modified":"2019-06-24T14:57:35","modified_gmt":"2019-06-24T17:57:35","slug":"2001-2","status":"publish","type":"page","link":"https:\/\/tecnologia.ufpr.br\/lahurb\/2001-2\/","title":{"rendered":"2001"},"content":{"rendered":"\n<p><strong><a href=\"https:\/\/tecnologia.ufpr.br\/lahurb\/wp-content\/uploads\/sites\/31\/2017\/08\/Texto_Mananciais_2008.pdf\" target=\"_blank\" rel=\"noreferrer noopener\">Ocupa\u00e7\u00e3o urbana em \u00e1rea de mananciais na Regi\u00e3o Metropolitana de Curitiba &#8211; Munic\u00edpios de Pinhais e Piraquara: densidade e \u00edndice de ocupa\u00e7\u00e3o como evid\u00eancias de um padr\u00e3o em consolida\u00e7\u00e3o<\/a><\/strong><\/p>\n\n\n\n<h6 class=\"wp-block-heading\">Autores:&nbsp;<strong>Cristina de Ara\u00fajo Lima,&nbsp;<\/strong><strong>Milton Luiz Brero de Campos e&nbsp;<\/strong><strong>Maria In\u00eas Terbeck<\/strong><\/h6>\n","protected":false},"excerpt":{"rendered":"<p>Ocupa\u00e7\u00e3o urbana em \u00e1rea de mananciais na Regi\u00e3o Metropolitana de Curitiba &#8211; Munic\u00edpios de Pinhais e Piraquara: densidade e \u00edndice de ocupa\u00e7\u00e3o como evid\u00eancias de um padr\u00e3o em consolida\u00e7\u00e3o Autores:&nbsp;Cristina de Ara\u00fajo Lima,&nbsp;Milton Luiz Brero de Campos e&nbsp;Maria In\u00eas Terbeck<\/p>\n","protected":false},"author":1047,"featured_media":0,"parent":0,"menu_order":0,"comment_status":"closed","ping_status":"closed","template":"","meta":{"footnotes":""},"_links":{"self":[{"href":"https:\/\/tecnologia.ufpr.br\/lahurb\/wp-json\/wp\/v2\/pages\/2182"}],"collection":[{"href":"https:\/\/tecnologia.ufpr.br\/lahurb\/wp-json\/wp\/v2\/pages"}],"about":[{"href":"https:\/\/tecnologia.ufpr.br\/lahurb\/wp-json\/wp\/v2\/types\/page"}],"author":[{"embeddable":true,"href":"https:\/\/tecnologia.ufpr.br\/lahurb\/wp-json\/wp\/v2\/users\/1047"}],"replies":[{"embeddable":true,"href":"https:\/\/tecnologia.ufpr.br\/lahurb\/wp-json\/wp\/v2\/comments?post=2182"}],"version-history":[{"count":1,"href":"https:\/\/tecnologia.ufpr.br\/lahurb\/wp-json\/wp\/v2\/pages\/2182\/revisions"}],"predecessor-version":[{"id":2188,"href":"https:\/\/tecnologia.ufpr.br\/lahurb\/wp-json\/wp\/v2\/pages\/2182\/revisions\/2188"}],"wp:attachment":[{"href":"https:\/\/tecnologia.ufpr.br\/lahurb\/wp-json\/wp\/v2\/media?parent=2182"}],"curies":[{"name":"wp","href":"https:\/\/api.w.org\/{rel}","templated":true}]}}