{"id":2170,"date":"2019-06-24T14:51:28","date_gmt":"2019-06-24T17:51:28","guid":{"rendered":"https:\/\/tecnologia.ufpr.br\/lahurb\/?page_id=2170"},"modified":"2019-06-24T14:51:28","modified_gmt":"2019-06-24T17:51:28","slug":"2007-2","status":"publish","type":"page","link":"https:\/\/tecnologia.ufpr.br\/lahurb\/2007-2\/","title":{"rendered":"2007"},"content":{"rendered":"\n<p><strong><a href=\"https:\/\/tecnologia.ufpr.br\/lahurb\/wp-content\/uploads\/sites\/31\/2017\/08\/Mercado_Imobiliario_na_RMC.pdf\" target=\"_blank\" rel=\"noreferrer noopener\">Mercado imobili\u00e1rio e estrutura\u00e7\u00e3o do espa\u00e7o na Regi\u00e3o Metropolitana de Curitiba<\/a><\/strong><\/p>\n\n\n\n<h6 class=\"wp-block-heading\">Autoras:&nbsp;<strong>Gislene Pereira e&nbsp;<\/strong><strong>Madianita Nunes da Silva<\/strong><\/h6>\n","protected":false},"excerpt":{"rendered":"<p>Mercado imobili\u00e1rio e estrutura\u00e7\u00e3o do espa\u00e7o na Regi\u00e3o Metropolitana de Curitiba Autoras:&nbsp;Gislene Pereira e&nbsp;Madianita Nunes da Silva<\/p>\n","protected":false},"author":1047,"featured_media":0,"parent":0,"menu_order":0,"comment_status":"closed","ping_status":"closed","template":"","meta":{"footnotes":""},"_links":{"self":[{"href":"https:\/\/tecnologia.ufpr.br\/lahurb\/wp-json\/wp\/v2\/pages\/2170"}],"collection":[{"href":"https:\/\/tecnologia.ufpr.br\/lahurb\/wp-json\/wp\/v2\/pages"}],"about":[{"href":"https:\/\/tecnologia.ufpr.br\/lahurb\/wp-json\/wp\/v2\/types\/page"}],"author":[{"embeddable":true,"href":"https:\/\/tecnologia.ufpr.br\/lahurb\/wp-json\/wp\/v2\/users\/1047"}],"replies":[{"embeddable":true,"href":"https:\/\/tecnologia.ufpr.br\/lahurb\/wp-json\/wp\/v2\/comments?post=2170"}],"version-history":[{"count":1,"href":"https:\/\/tecnologia.ufpr.br\/lahurb\/wp-json\/wp\/v2\/pages\/2170\/revisions"}],"predecessor-version":[{"id":2176,"href":"https:\/\/tecnologia.ufpr.br\/lahurb\/wp-json\/wp\/v2\/pages\/2170\/revisions\/2176"}],"wp:attachment":[{"href":"https:\/\/tecnologia.ufpr.br\/lahurb\/wp-json\/wp\/v2\/media?parent=2170"}],"curies":[{"name":"wp","href":"https:\/\/api.w.org\/{rel}","templated":true}]}}