{"id":2158,"date":"2019-06-24T12:06:47","date_gmt":"2019-06-24T15:06:47","guid":{"rendered":"https:\/\/tecnologia.ufpr.br\/lahurb\/?page_id=2158"},"modified":"2019-07-03T16:04:16","modified_gmt":"2019-07-03T19:04:16","slug":"2018-2","status":"publish","type":"page","link":"https:\/\/tecnologia.ufpr.br\/lahurb\/2018-2\/","title":{"rendered":"2018"},"content":{"rendered":"\n<p><a href=\"https:\/\/tecnologia.ufpr.br\/lahurb\/wp-content\/uploads\/sites\/31\/2018\/11\/2018_MONOGRAFIA-_ANDRE-ROCKER.pdf\" target=\"_blank\" rel=\"noreferrer noopener\">Recupera\u00e7\u00e3o de rios no meio urbano<\/a><\/p>\n\n\n\n<p><a href=\"https:\/\/tecnologia.ufpr.br\/lahurb\/wp-content\/uploads\/sites\/31\/2018\/08\/MONOGRAFIA_BRUNNO-DOUAT.pdf\" target=\"_blank\" rel=\"noreferrer noopener\">A cidade em moqu\u00e9m &#8211; tabus, totens e a antropofagia como processo de desenho urbano<\/a><\/p>\n\n\n\n<p><a rel=\"noreferrer noopener\" href=\"https:\/\/tecnologia.ufpr.br\/lahurb\/wp-content\/uploads\/sites\/31\/2018\/08\/MONOGRAFIA_CLARISSA-FERREIRA.pdf\" target=\"_blank\">O espa\u00e7o urbano perif\u00e9rico &#8211; a produ\u00e7\u00e3o do PMCMV em Curitiba<\/a><\/p>\n\n\n\n<div class=\"wp-block-file\"><a href=\"https:\/\/tecnologia.ufpr.br\/lahurb\/wp-content\/uploads\/sites\/31\/2019\/06\/Monografia_Pedro_Sorrentino-Final-1.pdf\" target=\"_blank\" rel=\"noreferrer noopener\">Conflito Entre Conserva\u00e7\u00e3o Ambiental e Habita\u00e7\u00e3o nas Ocupa\u00e7\u00f5es Populares do Bairro Caximba &#8211; Curitiba\/PR<\/a><\/div>\n\n\n\n<div class=\"wp-block-file\"><a href=\"https:\/\/tecnologia.ufpr.br\/lahurb\/wp-content\/uploads\/sites\/31\/2019\/06\/Monografia_Maria-Eduarda-Duda2018-1.pdf\" target=\"_blank\" rel=\"noreferrer noopener\">Assist\u00eancia T\u00e9cnica para Autoconstru\u00e7\u00e3o de Habita\u00e7\u00e3o de Interesse Social em Curitiba<\/a><\/div>\n\n\n\n<div class=\"wp-block-file\"><a href=\"https:\/\/tecnologia.ufpr.br\/lahurb\/wp-content\/uploads\/sites\/31\/2019\/06\/Monografia-Corrigida_Elisa_compressed.pdf\" target=\"_blank\" rel=\"noreferrer noopener\">A Produ\u00e7\u00e3o do Espa\u00e7o Popular de Moradia Pela Mulher: Estudo de Caso do Jardim das Orqu\u00eddeas, Guarituba &#8211; Piraquara (PR)<\/a><\/div>\n\n\n\n<div class=\"wp-block-file\"><a href=\"https:\/\/tecnologia.ufpr.br\/lahurb\/wp-content\/uploads\/sites\/31\/2019\/07\/Monografia_Hermes_Nichele_DEFINITIVA-2.pdf\" target=\"_blank\" rel=\"noreferrer noopener\">Plano de tra\u00e7ados de Linhas Estruturais no modal MAGLEV para o n\u00facleo urbano central da Regi\u00e3o Metropolitana de Curitiba &#8211; PR: Sistema de Transporte e Mobilidade Sustent\u00e1vel<\/a><\/div>\n\n\n\n<p><\/p>\n","protected":false},"excerpt":{"rendered":"<p>Recupera\u00e7\u00e3o de rios no meio urbano A cidade em moqu\u00e9m &#8211; tabus, totens e a antropofagia como processo de desenho urbano O espa\u00e7o urbano perif\u00e9rico &#8211; a produ\u00e7\u00e3o do PMCMV em Curitiba<\/p>\n","protected":false},"author":1047,"featured_media":0,"parent":0,"menu_order":0,"comment_status":"closed","ping_status":"closed","template":"","meta":{"footnotes":""},"_links":{"self":[{"href":"https:\/\/tecnologia.ufpr.br\/lahurb\/wp-json\/wp\/v2\/pages\/2158"}],"collection":[{"href":"https:\/\/tecnologia.ufpr.br\/lahurb\/wp-json\/wp\/v2\/pages"}],"about":[{"href":"https:\/\/tecnologia.ufpr.br\/lahurb\/wp-json\/wp\/v2\/types\/page"}],"author":[{"embeddable":true,"href":"https:\/\/tecnologia.ufpr.br\/lahurb\/wp-json\/wp\/v2\/users\/1047"}],"replies":[{"embeddable":true,"href":"https:\/\/tecnologia.ufpr.br\/lahurb\/wp-json\/wp\/v2\/comments?post=2158"}],"version-history":[{"count":5,"href":"https:\/\/tecnologia.ufpr.br\/lahurb\/wp-json\/wp\/v2\/pages\/2158\/revisions"}],"predecessor-version":[{"id":2839,"href":"https:\/\/tecnologia.ufpr.br\/lahurb\/wp-json\/wp\/v2\/pages\/2158\/revisions\/2839"}],"wp:attachment":[{"href":"https:\/\/tecnologia.ufpr.br\/lahurb\/wp-json\/wp\/v2\/media?parent=2158"}],"curies":[{"name":"wp","href":"https:\/\/api.w.org\/{rel}","templated":true}]}}