{"id":2149,"date":"2019-06-24T12:06:23","date_gmt":"2019-06-24T15:06:23","guid":{"rendered":"https:\/\/tecnologia.ufpr.br\/lahurb\/?page_id=2149"},"modified":"2019-07-08T13:25:58","modified_gmt":"2019-07-08T16:25:58","slug":"2017-2","status":"publish","type":"page","link":"https:\/\/tecnologia.ufpr.br\/lahurb\/2017-2\/","title":{"rendered":"2017"},"content":{"rendered":"\n<p><a href=\"https:\/\/tecnologia.ufpr.br\/lahurb\/wp-content\/uploads\/sites\/31\/2018\/08\/Monografia-Rodrigo-Final.pdf\" target=\"_blank\" rel=\"noreferrer noopener\">Espa\u00e7o seguro &#8211; desenho urbano como estrat\u00e9gia de redu\u00e7\u00e3o da criminalidade em Curitiba<\/a><\/p>\n\n\n\n<p><a href=\"https:\/\/tecnologia.ufpr.br\/lahurb\/wp-content\/uploads\/sites\/31\/2018\/08\/MONOGRAFIA-DANIELLA-BUZATTO_VOLUME-FINAL_07-08.pdf\" target=\"_blank\" rel=\"noreferrer noopener\">Reestrutura\u00e7\u00e3o socioespacial em \u00e1rea central &#8211; A regi\u00e3o no entorno da Rua Professor Fernando Moreira &#8211; Curitiba<\/a><\/p>\n\n\n\n<p><a href=\"https:\/\/tecnologia.ufpr.br\/lahurb\/wp-content\/uploads\/sites\/31\/2018\/08\/MONOGRAFIA_CAROLINA-MURAKI-compressed.pdf\" target=\"_blank\" rel=\"noreferrer noopener\">Sistemas de mobilidade como instrumento de revitaliza\u00e7\u00e3o urbana<\/a><\/p>\n","protected":false},"excerpt":{"rendered":"<p>Espa\u00e7o seguro &#8211; desenho urbano como estrat\u00e9gia de redu\u00e7\u00e3o da criminalidade em Curitiba Reestrutura\u00e7\u00e3o socioespacial em \u00e1rea central &#8211; A regi\u00e3o no entorno da Rua Professor Fernando Moreira &#8211; Curitiba Sistemas de mobilidade como instrumento de revitaliza\u00e7\u00e3o urbana<\/p>\n","protected":false},"author":1047,"featured_media":0,"parent":0,"menu_order":0,"comment_status":"closed","ping_status":"closed","template":"","meta":{"footnotes":""},"_links":{"self":[{"href":"https:\/\/tecnologia.ufpr.br\/lahurb\/wp-json\/wp\/v2\/pages\/2149"}],"collection":[{"href":"https:\/\/tecnologia.ufpr.br\/lahurb\/wp-json\/wp\/v2\/pages"}],"about":[{"href":"https:\/\/tecnologia.ufpr.br\/lahurb\/wp-json\/wp\/v2\/types\/page"}],"author":[{"embeddable":true,"href":"https:\/\/tecnologia.ufpr.br\/lahurb\/wp-json\/wp\/v2\/users\/1047"}],"replies":[{"embeddable":true,"href":"https:\/\/tecnologia.ufpr.br\/lahurb\/wp-json\/wp\/v2\/comments?post=2149"}],"version-history":[{"count":2,"href":"https:\/\/tecnologia.ufpr.br\/lahurb\/wp-json\/wp\/v2\/pages\/2149\/revisions"}],"predecessor-version":[{"id":2866,"href":"https:\/\/tecnologia.ufpr.br\/lahurb\/wp-json\/wp\/v2\/pages\/2149\/revisions\/2866"}],"wp:attachment":[{"href":"https:\/\/tecnologia.ufpr.br\/lahurb\/wp-json\/wp\/v2\/media?parent=2149"}],"curies":[{"name":"wp","href":"https:\/\/api.w.org\/{rel}","templated":true}]}}