{"id":2140,"date":"2019-06-24T12:05:55","date_gmt":"2019-06-24T15:05:55","guid":{"rendered":"https:\/\/tecnologia.ufpr.br\/lahurb\/?page_id=2140"},"modified":"2019-07-08T13:13:19","modified_gmt":"2019-07-08T16:13:19","slug":"2016-2","status":"publish","type":"page","link":"https:\/\/tecnologia.ufpr.br\/lahurb\/2016-2\/","title":{"rendered":"2016"},"content":{"rendered":"\n<p><a href=\"https:\/\/tecnologia.ufpr.br\/lahurb\/wp-content\/uploads\/sites\/31\/2018\/08\/Monografia-Final.compressed.pdf\" target=\"_blank\" rel=\"noreferrer noopener\">Espa\u00e7os informais de moradia e direito \u00e0 cidade &#8211; o caso de San Bl\u00e1s &#8211; Assun\u00e7\u00e3o &#8211; Paraguai<\/a><\/p>\n\n\n\n<p><a rel=\"noreferrer noopener\" href=\"https:\/\/tecnologia.ufpr.br\/lahurb\/wp-content\/uploads\/sites\/31\/2018\/10\/MONOGRAFIA_FINAL-compressed.pdf\" target=\"_blank\">Urbaniza\u00e7\u00e3o de espa\u00e7o informal de moradia &#8211; Vila Jardim Acr\u00f3pole &#8211; Curitiba (PR)<\/a><\/p>\n\n\n\n<div class=\"wp-block-file\"><a href=\"https:\/\/tecnologia.ufpr.br\/lahurb\/wp-content\/uploads\/sites\/31\/2019\/07\/Monografia_AmandaMotta-1.pdf\" target=\"_blank\" rel=\"noreferrer noopener\">Expans\u00e3o Urbana a partir da implanta\u00e7\u00e3o da Universidade Federal da Fronteira Sul (UFFS) no munic\u00edpio de Laranjeiras do Sul &#8211; PR<\/a><\/div>\n\n\n\n<div class=\"wp-block-file\"><a href=\"https:\/\/tecnologia.ufpr.br\/lahurb\/wp-content\/uploads\/sites\/31\/2019\/07\/Monografia_OLIVEIRA_AUGUSTO.pdf\" target=\"_blank\" rel=\"noreferrer noopener\">Urbaniza\u00e7\u00e3o de espa\u00e7o informal de moradia: Vila Jardim Acr\u00f3pole &#8211; Curitiba (PR)<\/a><\/div>\n\n\n\n<div class=\"wp-block-file\"><a href=\"https:\/\/tecnologia.ufpr.br\/lahurb\/wp-content\/uploads\/sites\/31\/2019\/07\/MONOGRAFIA-LET\u00cdCIA-AKITA_compressed.pdf\" target=\"_blank\" rel=\"noreferrer noopener\">Desenho Ambiental Urbano: Projeto de requalifica\u00e7\u00e3o do entorno do rio Ribeir\u00e3o dos Padilhas<\/a><\/div>\n","protected":false},"excerpt":{"rendered":"<p>Espa\u00e7os informais de moradia e direito \u00e0 cidade &#8211; o caso de San Bl\u00e1s &#8211; Assun\u00e7\u00e3o &#8211; Paraguai Urbaniza\u00e7\u00e3o de espa\u00e7o informal de moradia &#8211; Vila Jardim Acr\u00f3pole &#8211; Curitiba (PR)<\/p>\n","protected":false},"author":1047,"featured_media":0,"parent":0,"menu_order":0,"comment_status":"closed","ping_status":"closed","template":"","meta":{"footnotes":""},"_links":{"self":[{"href":"https:\/\/tecnologia.ufpr.br\/lahurb\/wp-json\/wp\/v2\/pages\/2140"}],"collection":[{"href":"https:\/\/tecnologia.ufpr.br\/lahurb\/wp-json\/wp\/v2\/pages"}],"about":[{"href":"https:\/\/tecnologia.ufpr.br\/lahurb\/wp-json\/wp\/v2\/types\/page"}],"author":[{"embeddable":true,"href":"https:\/\/tecnologia.ufpr.br\/lahurb\/wp-json\/wp\/v2\/users\/1047"}],"replies":[{"embeddable":true,"href":"https:\/\/tecnologia.ufpr.br\/lahurb\/wp-json\/wp\/v2\/comments?post=2140"}],"version-history":[{"count":3,"href":"https:\/\/tecnologia.ufpr.br\/lahurb\/wp-json\/wp\/v2\/pages\/2140\/revisions"}],"predecessor-version":[{"id":2857,"href":"https:\/\/tecnologia.ufpr.br\/lahurb\/wp-json\/wp\/v2\/pages\/2140\/revisions\/2857"}],"wp:attachment":[{"href":"https:\/\/tecnologia.ufpr.br\/lahurb\/wp-json\/wp\/v2\/media?parent=2140"}],"curies":[{"name":"wp","href":"https:\/\/api.w.org\/{rel}","templated":true}]}}