{"id":2116,"date":"2019-06-24T12:04:06","date_gmt":"2019-06-24T15:04:06","guid":{"rendered":"https:\/\/tecnologia.ufpr.br\/lahurb\/?page_id=2116"},"modified":"2019-06-24T12:04:06","modified_gmt":"2019-06-24T15:04:06","slug":"2014-2","status":"publish","type":"page","link":"https:\/\/tecnologia.ufpr.br\/lahurb\/2014-2\/","title":{"rendered":"2014"},"content":{"rendered":"\n<p><a href=\"https:\/\/tecnologia.ufpr.br\/lahurb\/wp-content\/uploads\/sites\/31\/2018\/08\/Monografia_Gustavo-Domingues-Gaspari.pdf\" target=\"_blank\" rel=\"noreferrer noopener\">O processo de forma\u00e7\u00e3o do subcentro do Pinheirinho &#8211; Curitiba &#8211; PR<\/a><\/p>\n\n\n\n<p><a href=\"https:\/\/tecnologia.ufpr.br\/lahurb\/wp-content\/uploads\/sites\/31\/2018\/08\/Alana-Klein_2014-Monografia-PORTO-MATARAZZO-E-A-PRODU%C3%87%C3%83O-DA-CIDADE-DE-ANTONINA-PR.pdf\" target=\"_blank\" rel=\"noreferrer noopener\">Porto Matarazzo e a produ\u00e7\u00e3o da cidade de Antonina &#8211; PR<\/a><\/p>\n","protected":false},"excerpt":{"rendered":"<p>O processo de forma\u00e7\u00e3o do subcentro do Pinheirinho &#8211; Curitiba &#8211; PR Porto Matarazzo e a produ\u00e7\u00e3o da cidade de Antonina &#8211; PR<\/p>\n","protected":false},"author":1047,"featured_media":0,"parent":0,"menu_order":0,"comment_status":"closed","ping_status":"closed","template":"","meta":{"footnotes":""},"_links":{"self":[{"href":"https:\/\/tecnologia.ufpr.br\/lahurb\/wp-json\/wp\/v2\/pages\/2116"}],"collection":[{"href":"https:\/\/tecnologia.ufpr.br\/lahurb\/wp-json\/wp\/v2\/pages"}],"about":[{"href":"https:\/\/tecnologia.ufpr.br\/lahurb\/wp-json\/wp\/v2\/types\/page"}],"author":[{"embeddable":true,"href":"https:\/\/tecnologia.ufpr.br\/lahurb\/wp-json\/wp\/v2\/users\/1047"}],"replies":[{"embeddable":true,"href":"https:\/\/tecnologia.ufpr.br\/lahurb\/wp-json\/wp\/v2\/comments?post=2116"}],"version-history":[{"count":1,"href":"https:\/\/tecnologia.ufpr.br\/lahurb\/wp-json\/wp\/v2\/pages\/2116\/revisions"}],"predecessor-version":[{"id":2122,"href":"https:\/\/tecnologia.ufpr.br\/lahurb\/wp-json\/wp\/v2\/pages\/2116\/revisions\/2122"}],"wp:attachment":[{"href":"https:\/\/tecnologia.ufpr.br\/lahurb\/wp-json\/wp\/v2\/media?parent=2116"}],"curies":[{"name":"wp","href":"https:\/\/api.w.org\/{rel}","templated":true}]}}