{"id":2107,"date":"2019-06-24T12:03:39","date_gmt":"2019-06-24T15:03:39","guid":{"rendered":"https:\/\/tecnologia.ufpr.br\/lahurb\/?page_id=2107"},"modified":"2019-06-24T12:03:39","modified_gmt":"2019-06-24T15:03:39","slug":"2013-2","status":"publish","type":"page","link":"https:\/\/tecnologia.ufpr.br\/lahurb\/2013-2\/","title":{"rendered":"2013"},"content":{"rendered":"\n<p><a href=\"https:\/\/tecnologia.ufpr.br\/lahurb\/producao-de-habitacao-de-interesse-social-em-curitiba-pelo-programa-minha-casa-minha-vida-entre-2009-e-2012-monografia\/\" target=\"_blank\" rel=\"noreferrer noopener\">Produ\u00e7\u00e3o de habita\u00e7\u00e3o de interesse social em Curitiba pelo Programa Minha Casa Minha Vida entre 2009 e 2012<\/a><\/p>\n","protected":false},"excerpt":{"rendered":"<p>Produ\u00e7\u00e3o de habita\u00e7\u00e3o de interesse social em Curitiba pelo Programa Minha Casa Minha Vida entre 2009 e 2012<\/p>\n","protected":false},"author":1047,"featured_media":0,"parent":0,"menu_order":0,"comment_status":"closed","ping_status":"closed","template":"","meta":{"footnotes":""},"_links":{"self":[{"href":"https:\/\/tecnologia.ufpr.br\/lahurb\/wp-json\/wp\/v2\/pages\/2107"}],"collection":[{"href":"https:\/\/tecnologia.ufpr.br\/lahurb\/wp-json\/wp\/v2\/pages"}],"about":[{"href":"https:\/\/tecnologia.ufpr.br\/lahurb\/wp-json\/wp\/v2\/types\/page"}],"author":[{"embeddable":true,"href":"https:\/\/tecnologia.ufpr.br\/lahurb\/wp-json\/wp\/v2\/users\/1047"}],"replies":[{"embeddable":true,"href":"https:\/\/tecnologia.ufpr.br\/lahurb\/wp-json\/wp\/v2\/comments?post=2107"}],"version-history":[{"count":1,"href":"https:\/\/tecnologia.ufpr.br\/lahurb\/wp-json\/wp\/v2\/pages\/2107\/revisions"}],"predecessor-version":[{"id":2113,"href":"https:\/\/tecnologia.ufpr.br\/lahurb\/wp-json\/wp\/v2\/pages\/2107\/revisions\/2113"}],"wp:attachment":[{"href":"https:\/\/tecnologia.ufpr.br\/lahurb\/wp-json\/wp\/v2\/media?parent=2107"}],"curies":[{"name":"wp","href":"https:\/\/api.w.org\/{rel}","templated":true}]}}