{"id":2098,"date":"2019-06-24T12:02:39","date_gmt":"2019-06-24T15:02:39","guid":{"rendered":"https:\/\/tecnologia.ufpr.br\/lahurb\/?page_id=2098"},"modified":"2019-06-24T12:02:39","modified_gmt":"2019-06-24T15:02:39","slug":"2012-2","status":"publish","type":"page","link":"https:\/\/tecnologia.ufpr.br\/lahurb\/2012-2\/","title":{"rendered":"2012"},"content":{"rendered":"\n<p><a href=\"https:\/\/tecnologia.ufpr.br\/lahurb\/plano-de-reabilitacao-do-reboucas-curitiba-pr-monografia\/\" target=\"_blank\" rel=\"noreferrer noopener\">Plano de reabilita\u00e7\u00e3o do Rebou\u00e7as &#8211; Curitiba PR<\/a><\/p>\n\n\n\n<p><a href=\"https:\/\/tecnologia.ufpr.br\/lahurb\/wp-content\/uploads\/sites\/31\/2018\/08\/Martha-Bachtold-Produ%C3%A7%C3%A3o-de-Habita%C3%A7%C3%A3o-de-Interesse-social-e-direito-%C3%A0-moradia.pdf\" target=\"_blank\" rel=\"noreferrer noopener\">Projeto de reassentamento para a Villa Nova Costeira &#8211; S\u00e3o Jos\u00e9 dos Pinhais<\/a><\/p>\n\n\n\n<p><a href=\"https:\/\/tecnologia.ufpr.br\/lahurb\/wp-content\/uploads\/sites\/31\/2018\/08\/FINAL.pdf\" target=\"_blank\" rel=\"noreferrer noopener\">Reestrutura\u00e7\u00e3o do espa\u00e7o em \u00e1reas urbanas sob influ\u00eancia de eixos de circula\u00e7\u00e3o regional &#8211; o caso da Avenida das Torres em S\u00e3o Jos\u00e9 dos Pinhais &#8211; PR<\/a><\/p>\n","protected":false},"excerpt":{"rendered":"<p>Plano de reabilita\u00e7\u00e3o do Rebou\u00e7as &#8211; Curitiba PR Projeto de reassentamento para a Villa Nova Costeira &#8211; S\u00e3o Jos\u00e9 dos Pinhais Reestrutura\u00e7\u00e3o do espa\u00e7o em \u00e1reas urbanas sob influ\u00eancia de eixos de circula\u00e7\u00e3o regional &#8211; o caso da Avenida das Torres em S\u00e3o Jos\u00e9 dos Pinhais &#8211; PR<\/p>\n","protected":false},"author":1047,"featured_media":0,"parent":0,"menu_order":0,"comment_status":"closed","ping_status":"closed","template":"","meta":{"footnotes":""},"_links":{"self":[{"href":"https:\/\/tecnologia.ufpr.br\/lahurb\/wp-json\/wp\/v2\/pages\/2098"}],"collection":[{"href":"https:\/\/tecnologia.ufpr.br\/lahurb\/wp-json\/wp\/v2\/pages"}],"about":[{"href":"https:\/\/tecnologia.ufpr.br\/lahurb\/wp-json\/wp\/v2\/types\/page"}],"author":[{"embeddable":true,"href":"https:\/\/tecnologia.ufpr.br\/lahurb\/wp-json\/wp\/v2\/users\/1047"}],"replies":[{"embeddable":true,"href":"https:\/\/tecnologia.ufpr.br\/lahurb\/wp-json\/wp\/v2\/comments?post=2098"}],"version-history":[{"count":1,"href":"https:\/\/tecnologia.ufpr.br\/lahurb\/wp-json\/wp\/v2\/pages\/2098\/revisions"}],"predecessor-version":[{"id":2104,"href":"https:\/\/tecnologia.ufpr.br\/lahurb\/wp-json\/wp\/v2\/pages\/2098\/revisions\/2104"}],"wp:attachment":[{"href":"https:\/\/tecnologia.ufpr.br\/lahurb\/wp-json\/wp\/v2\/media?parent=2098"}],"curies":[{"name":"wp","href":"https:\/\/api.w.org\/{rel}","templated":true}]}}