{"id":2089,"date":"2019-06-24T12:01:59","date_gmt":"2019-06-24T15:01:59","guid":{"rendered":"https:\/\/tecnologia.ufpr.br\/lahurb\/?page_id=2089"},"modified":"2019-06-24T12:01:59","modified_gmt":"2019-06-24T15:01:59","slug":"2010-2","status":"publish","type":"page","link":"https:\/\/tecnologia.ufpr.br\/lahurb\/2010-2\/","title":{"rendered":"2010"},"content":{"rendered":"\n<p><a href=\"https:\/\/tecnologia.ufpr.br\/lahurb\/wp-content\/uploads\/sites\/31\/2018\/08\/Produ%C3%A7%C3%A3o-e-Reestrutura%C3%A7%C3%A3o-do-espa%C3%A7o-urbano-Curitiba-sede-da-copa-do-mundo-de-futebol-2014.pdf\" target=\"_blank\" rel=\"noreferrer noopener\">Produ\u00e7\u00e3o e reestrutura\u00e7\u00e3o do espa\u00e7o urbano &#8211; Curitiba &#8211; Sede da Copa 2014<\/a><\/p>\n\n\n\n<p><a href=\"https:\/\/tecnologia.ufpr.br\/lahurb\/wp-content\/uploads\/sites\/31\/2018\/08\/MonografiaTFG_DeboraSFerraz.pdf\" target=\"_blank\" rel=\"noreferrer noopener\">Requalifica\u00e7\u00e3o do bairro Cidade Industrial de Curitiba &#8211; PR<\/a><\/p>\n","protected":false},"excerpt":{"rendered":"<p>Produ\u00e7\u00e3o e reestrutura\u00e7\u00e3o do espa\u00e7o urbano &#8211; Curitiba &#8211; Sede da Copa 2014 Requalifica\u00e7\u00e3o do bairro Cidade Industrial de Curitiba &#8211; PR<\/p>\n","protected":false},"author":1047,"featured_media":0,"parent":0,"menu_order":0,"comment_status":"closed","ping_status":"closed","template":"","meta":{"footnotes":""},"_links":{"self":[{"href":"https:\/\/tecnologia.ufpr.br\/lahurb\/wp-json\/wp\/v2\/pages\/2089"}],"collection":[{"href":"https:\/\/tecnologia.ufpr.br\/lahurb\/wp-json\/wp\/v2\/pages"}],"about":[{"href":"https:\/\/tecnologia.ufpr.br\/lahurb\/wp-json\/wp\/v2\/types\/page"}],"author":[{"embeddable":true,"href":"https:\/\/tecnologia.ufpr.br\/lahurb\/wp-json\/wp\/v2\/users\/1047"}],"replies":[{"embeddable":true,"href":"https:\/\/tecnologia.ufpr.br\/lahurb\/wp-json\/wp\/v2\/comments?post=2089"}],"version-history":[{"count":1,"href":"https:\/\/tecnologia.ufpr.br\/lahurb\/wp-json\/wp\/v2\/pages\/2089\/revisions"}],"predecessor-version":[{"id":2095,"href":"https:\/\/tecnologia.ufpr.br\/lahurb\/wp-json\/wp\/v2\/pages\/2089\/revisions\/2095"}],"wp:attachment":[{"href":"https:\/\/tecnologia.ufpr.br\/lahurb\/wp-json\/wp\/v2\/media?parent=2089"}],"curies":[{"name":"wp","href":"https:\/\/api.w.org\/{rel}","templated":true}]}}