{"id":2080,"date":"2019-06-24T12:00:45","date_gmt":"2019-06-24T15:00:45","guid":{"rendered":"https:\/\/tecnologia.ufpr.br\/lahurb\/?page_id=2080"},"modified":"2019-06-24T12:00:45","modified_gmt":"2019-06-24T15:00:45","slug":"2009-2","status":"publish","type":"page","link":"https:\/\/tecnologia.ufpr.br\/lahurb\/2009-2\/","title":{"rendered":"2009"},"content":{"rendered":"\n<p><a rel=\"noreferrer noopener\" href=\"https:\/\/tecnologia.ufpr.br\/lahurb\/morar-no-centro-reabilitacao-de-um-edificio-vazio-para-habitacao-de-interesse-social-curitiba-pr\/\" target=\"_blank\">Morar no Centro &#8211; Reabilita\u00e7\u00e3o de um edif\u00edcio vazio para habita\u00e7\u00e3o de interesse social &#8211; Curitiba PR<\/a><\/p>\n\n\n\n<p><a href=\"https:\/\/tecnologia.ufpr.br\/lahurb\/requalificacao-urbana-do-centro-de-curitiba-pr\/\" target=\"_blank\" rel=\"noreferrer noopener\">Requalifica\u00e7\u00e3o urbana do centro de Curitiba &#8211; PR<\/a><\/p>\n","protected":false},"excerpt":{"rendered":"<p>Morar no Centro &#8211; Reabilita\u00e7\u00e3o de um edif\u00edcio vazio para habita\u00e7\u00e3o de interesse social &#8211; Curitiba PR Requalifica\u00e7\u00e3o urbana do centro de Curitiba &#8211; PR<\/p>\n","protected":false},"author":1047,"featured_media":0,"parent":0,"menu_order":0,"comment_status":"closed","ping_status":"closed","template":"","meta":{"footnotes":""},"_links":{"self":[{"href":"https:\/\/tecnologia.ufpr.br\/lahurb\/wp-json\/wp\/v2\/pages\/2080"}],"collection":[{"href":"https:\/\/tecnologia.ufpr.br\/lahurb\/wp-json\/wp\/v2\/pages"}],"about":[{"href":"https:\/\/tecnologia.ufpr.br\/lahurb\/wp-json\/wp\/v2\/types\/page"}],"author":[{"embeddable":true,"href":"https:\/\/tecnologia.ufpr.br\/lahurb\/wp-json\/wp\/v2\/users\/1047"}],"replies":[{"embeddable":true,"href":"https:\/\/tecnologia.ufpr.br\/lahurb\/wp-json\/wp\/v2\/comments?post=2080"}],"version-history":[{"count":1,"href":"https:\/\/tecnologia.ufpr.br\/lahurb\/wp-json\/wp\/v2\/pages\/2080\/revisions"}],"predecessor-version":[{"id":2086,"href":"https:\/\/tecnologia.ufpr.br\/lahurb\/wp-json\/wp\/v2\/pages\/2080\/revisions\/2086"}],"wp:attachment":[{"href":"https:\/\/tecnologia.ufpr.br\/lahurb\/wp-json\/wp\/v2\/media?parent=2080"}],"curies":[{"name":"wp","href":"https:\/\/api.w.org\/{rel}","templated":true}]}}