{"id":1815,"date":"2018-10-08T13:42:10","date_gmt":"2018-10-08T16:42:10","guid":{"rendered":"https:\/\/tecnologia.ufpr.br\/lahurb\/?page_id=1815"},"modified":"2019-06-24T23:48:35","modified_gmt":"2019-06-25T02:48:35","slug":"terminal-urbano-de-integracao-de-transporte-publico-area-central-curitiba","status":"publish","type":"page","link":"https:\/\/tecnologia.ufpr.br\/lahurb\/terminal-urbano-de-integracao-de-transporte-publico-area-central-curitiba\/","title":{"rendered":"Terminal Urbano de integra\u00e7\u00e3o de transporte p\u00fablico: \u00e1rea central &#8211; Curitiba &#8211; TFG"},"content":{"rendered":"<p><a href=\"https:\/\/tecnologia.ufpr.br\/lahurb\/wp-content\/uploads\/sites\/31\/2018\/10\/Prancha-01-Diagn%C3%B3stico.pdf\" target=\"_blank\" rel=\"attachment wp-att-1816 noopener\">Prancha 01 &#8211; Diagn\u00f3stico<\/a><\/p>\n<p><a href=\"https:\/\/tecnologia.ufpr.br\/lahurb\/wp-content\/uploads\/sites\/31\/2018\/10\/Prancha-02-Partido.pdf\" target=\"_blank\" rel=\"attachment wp-att-1817 noopener\">Prancha 02 &#8211; Partido<\/a><\/p>\n<p><a href=\"https:\/\/tecnologia.ufpr.br\/lahurb\/wp-content\/uploads\/sites\/31\/2018\/10\/Prancha-03-Implanta%C3%A7%C3%A3o.pdf\" target=\"_blank\" rel=\"attachment wp-att-1818 noopener\">Prancha 03 &#8211; Implanta\u00e7\u00e3o<\/a><\/p>\n","protected":false},"excerpt":{"rendered":"<p>Prancha 01 &#8211; Diagn\u00f3stico Prancha 02 &#8211; Partido Prancha 03 &#8211; Implanta\u00e7\u00e3o<\/p>\n","protected":false},"author":1047,"featured_media":0,"parent":0,"menu_order":0,"comment_status":"closed","ping_status":"closed","template":"","meta":{"footnotes":""},"_links":{"self":[{"href":"https:\/\/tecnologia.ufpr.br\/lahurb\/wp-json\/wp\/v2\/pages\/1815"}],"collection":[{"href":"https:\/\/tecnologia.ufpr.br\/lahurb\/wp-json\/wp\/v2\/pages"}],"about":[{"href":"https:\/\/tecnologia.ufpr.br\/lahurb\/wp-json\/wp\/v2\/types\/page"}],"author":[{"embeddable":true,"href":"https:\/\/tecnologia.ufpr.br\/lahurb\/wp-json\/wp\/v2\/users\/1047"}],"replies":[{"embeddable":true,"href":"https:\/\/tecnologia.ufpr.br\/lahurb\/wp-json\/wp\/v2\/comments?post=1815"}],"version-history":[{"count":3,"href":"https:\/\/tecnologia.ufpr.br\/lahurb\/wp-json\/wp\/v2\/pages\/1815\/revisions"}],"predecessor-version":[{"id":2470,"href":"https:\/\/tecnologia.ufpr.br\/lahurb\/wp-json\/wp\/v2\/pages\/1815\/revisions\/2470"}],"wp:attachment":[{"href":"https:\/\/tecnologia.ufpr.br\/lahurb\/wp-json\/wp\/v2\/media?parent=1815"}],"curies":[{"name":"wp","href":"https:\/\/api.w.org\/{rel}","templated":true}]}}