{"id":1690,"date":"2018-08-14T11:46:35","date_gmt":"2018-08-14T14:46:35","guid":{"rendered":"https:\/\/tecnologia.ufpr.br\/lahurb\/?page_id=1690"},"modified":"2019-06-25T15:36:36","modified_gmt":"2019-06-25T18:36:36","slug":"reestruturacao-socioespacial-em-area-central-a-regiao-no-entorno-da-rua-professor-fernando-moreira-curitiba-tfg","status":"publish","type":"page","link":"https:\/\/tecnologia.ufpr.br\/lahurb\/reestruturacao-socioespacial-em-area-central-a-regiao-no-entorno-da-rua-professor-fernando-moreira-curitiba-tfg\/","title":{"rendered":"Reestrutura\u00e7\u00e3o socioespacial em \u00e1rea central A regi\u00e3o no entorno da Rua Professor Fernando Moreira &#8211; Curitiba &#8211; TFG"},"content":{"rendered":"<p><a href=\"https:\/\/tecnologia.ufpr.br\/lahurb\/wp-content\/uploads\/sites\/31\/2018\/08\/PRANCHA-1-6_TFG_DANIELLA-BUZATTO-compressed.pdf\" target=\"_blank\" rel=\"attachment wp-att-1695 noopener\">PRANCHA 1<\/a><\/p>\n<p><a href=\"https:\/\/tecnologia.ufpr.br\/lahurb\/wp-content\/uploads\/sites\/31\/2018\/08\/PRANCHA-2-6_TFG_DANIELLA-BUZATTO.pdf\" target=\"_blank\" rel=\"attachment wp-att-1691 noopener\">PRANCHA 2<\/a><\/p>\n<p><a href=\"https:\/\/tecnologia.ufpr.br\/lahurb\/wp-content\/uploads\/sites\/31\/2018\/08\/PRANCHA-3-6_TFG_DANIELLA-BUZATTO-compressed.pdf\" target=\"_blank\" rel=\"attachment wp-att-1696 noopener\">PRANCHA 3<\/a><\/p>\n<p><a href=\"https:\/\/tecnologia.ufpr.br\/lahurb\/wp-content\/uploads\/sites\/31\/2018\/08\/PRANCHA-4-6_TFG_DANIELLA-BUZATTO.pdf\" target=\"_blank\" rel=\"attachment wp-att-1692 noopener\">PRANCHA 4<\/a><\/p>\n<p><a href=\"https:\/\/tecnologia.ufpr.br\/lahurb\/wp-content\/uploads\/sites\/31\/2018\/08\/PRANCHA-5-6_TFG_DANIELLA-BUZATTO.pdf\" target=\"_blank\" rel=\"attachment wp-att-1693 noopener\">PRANCHA 5<\/a><\/p>\n<p><a href=\"https:\/\/tecnologia.ufpr.br\/lahurb\/wp-content\/uploads\/sites\/31\/2018\/08\/PRANCHA-6-6_TFG_DANIELLA-BUZATTO.pdf\" target=\"_blank\" rel=\"attachment wp-att-1694 noopener\">PRANCHA 6<\/a><\/p>\n","protected":false},"excerpt":{"rendered":"<p>PRANCHA 1 PRANCHA 2 PRANCHA 3 PRANCHA 4 PRANCHA 5 PRANCHA 6<\/p>\n","protected":false},"author":1047,"featured_media":0,"parent":0,"menu_order":0,"comment_status":"closed","ping_status":"closed","template":"","meta":{"footnotes":""},"_links":{"self":[{"href":"https:\/\/tecnologia.ufpr.br\/lahurb\/wp-json\/wp\/v2\/pages\/1690"}],"collection":[{"href":"https:\/\/tecnologia.ufpr.br\/lahurb\/wp-json\/wp\/v2\/pages"}],"about":[{"href":"https:\/\/tecnologia.ufpr.br\/lahurb\/wp-json\/wp\/v2\/types\/page"}],"author":[{"embeddable":true,"href":"https:\/\/tecnologia.ufpr.br\/lahurb\/wp-json\/wp\/v2\/users\/1047"}],"replies":[{"embeddable":true,"href":"https:\/\/tecnologia.ufpr.br\/lahurb\/wp-json\/wp\/v2\/comments?post=1690"}],"version-history":[{"count":3,"href":"https:\/\/tecnologia.ufpr.br\/lahurb\/wp-json\/wp\/v2\/pages\/1690\/revisions"}],"predecessor-version":[{"id":2644,"href":"https:\/\/tecnologia.ufpr.br\/lahurb\/wp-json\/wp\/v2\/pages\/1690\/revisions\/2644"}],"wp:attachment":[{"href":"https:\/\/tecnologia.ufpr.br\/lahurb\/wp-json\/wp\/v2\/media?parent=1690"}],"curies":[{"name":"wp","href":"https:\/\/api.w.org\/{rel}","templated":true}]}}