{"id":1683,"date":"2018-08-14T11:42:39","date_gmt":"2018-08-14T14:42:39","guid":{"rendered":"https:\/\/tecnologia.ufpr.br\/lahurb\/?page_id=1683"},"modified":"2018-08-14T11:43:54","modified_gmt":"2018-08-14T14:43:54","slug":"proposta-metodologica-de-participacao-para-um-planejamento-autonomista-tfg","status":"publish","type":"page","link":"https:\/\/tecnologia.ufpr.br\/lahurb\/proposta-metodologica-de-participacao-para-um-planejamento-autonomista-tfg\/","title":{"rendered":"Proposta metodol\u00f3gica de participa\u00e7\u00e3o para um planejamento autonomista &#8211; TFG"},"content":{"rendered":"<p><a href=\"https:\/\/tecnologia.ufpr.br\/lahurb\/proposta-metodologica-de-participacao-para-um-planejamento-autonomista-tfg\/pranchas_mariaclaraiuraschafaschek-compressed\/\" target=\"_blank\" rel=\"attachment wp-att-1684 noopener\">PRANCHAS_MARIACLARAIURASCHAFASCHEK<\/a><\/p>\n","protected":false},"excerpt":{"rendered":"<p>PRANCHAS_MARIACLARAIURASCHAFASCHEK<\/p>\n","protected":false},"author":1047,"featured_media":0,"parent":0,"menu_order":0,"comment_status":"closed","ping_status":"closed","template":"","meta":{"footnotes":""},"_links":{"self":[{"href":"https:\/\/tecnologia.ufpr.br\/lahurb\/wp-json\/wp\/v2\/pages\/1683"}],"collection":[{"href":"https:\/\/tecnologia.ufpr.br\/lahurb\/wp-json\/wp\/v2\/pages"}],"about":[{"href":"https:\/\/tecnologia.ufpr.br\/lahurb\/wp-json\/wp\/v2\/types\/page"}],"author":[{"embeddable":true,"href":"https:\/\/tecnologia.ufpr.br\/lahurb\/wp-json\/wp\/v2\/users\/1047"}],"replies":[{"embeddable":true,"href":"https:\/\/tecnologia.ufpr.br\/lahurb\/wp-json\/wp\/v2\/comments?post=1683"}],"version-history":[{"count":3,"href":"https:\/\/tecnologia.ufpr.br\/lahurb\/wp-json\/wp\/v2\/pages\/1683\/revisions"}],"predecessor-version":[{"id":1689,"href":"https:\/\/tecnologia.ufpr.br\/lahurb\/wp-json\/wp\/v2\/pages\/1683\/revisions\/1689"}],"wp:attachment":[{"href":"https:\/\/tecnologia.ufpr.br\/lahurb\/wp-json\/wp\/v2\/media?parent=1683"}],"curies":[{"name":"wp","href":"https:\/\/api.w.org\/{rel}","templated":true}]}}