{"id":1599,"date":"2018-08-14T10:27:58","date_gmt":"2018-08-14T13:27:58","guid":{"rendered":"https:\/\/tecnologia.ufpr.br\/lahurb\/?page_id=1599"},"modified":"2019-06-25T00:01:22","modified_gmt":"2019-06-25T03:01:22","slug":"requalificacao-de-orla-maritima-matinhos-pr-tfg","status":"publish","type":"page","link":"https:\/\/tecnologia.ufpr.br\/lahurb\/requalificacao-de-orla-maritima-matinhos-pr-tfg\/","title":{"rendered":"Requalifica\u00e7\u00e3o de Orla Mar\u00edtima (Matinhos &#8211; PR) &#8211; TFG"},"content":{"rendered":"<p><a href=\"https:\/\/tecnologia.ufpr.br\/lahurb\/wp-content\/uploads\/sites\/31\/2018\/08\/PRANCHA_1.compressed.pdf\" target=\"_blank\" rel=\"attachment wp-att-1601 noopener\">PRANCHA_1<\/a><\/p>\n<p><a href=\"https:\/\/tecnologia.ufpr.br\/lahurb\/wp-content\/uploads\/sites\/31\/2018\/08\/PRANCHA_2-compressed.jpg\" target=\"_blank\" rel=\"attachment wp-att-1601 noopener\">PRANCHA_2<\/a><\/p>\n<p><a href=\"https:\/\/tecnologia.ufpr.br\/lahurb\/wp-content\/uploads\/sites\/31\/2018\/08\/PRANCHA_3-compressed.jpg\" target=\"_blank\" rel=\"attachment wp-att-1601 noopener\">PRANCHA_3<\/a><\/p>\n<p><a href=\"https:\/\/tecnologia.ufpr.br\/lahurb\/wp-content\/uploads\/sites\/31\/2018\/08\/PRANCHA_4.pdf\" target=\"_blank\" rel=\"attachment wp-att-1601 noopener\">PRANCHA_4<\/a><\/p>\n<p><a href=\"https:\/\/tecnologia.ufpr.br\/lahurb\/wp-content\/uploads\/sites\/31\/2018\/08\/PRANCHA_5-compressed.jpg\" target=\"_blank\" rel=\"attachment wp-att-1601 noopener\">PRANCHA_5<\/a><\/p>\n<p><a href=\"https:\/\/tecnologia.ufpr.br\/lahurb\/wp-content\/uploads\/sites\/31\/2018\/08\/PRANCHA_6-compressed.jpg\" target=\"_blank\" rel=\"attachment wp-att-1600 noopener\">PRANCHA_6<\/a><\/p>\n","protected":false},"excerpt":{"rendered":"<p>PRANCHA_1 PRANCHA_2 PRANCHA_3 PRANCHA_4 PRANCHA_5 PRANCHA_6<\/p>\n","protected":false},"author":1047,"featured_media":0,"parent":0,"menu_order":0,"comment_status":"closed","ping_status":"closed","template":"","meta":{"footnotes":""},"_links":{"self":[{"href":"https:\/\/tecnologia.ufpr.br\/lahurb\/wp-json\/wp\/v2\/pages\/1599"}],"collection":[{"href":"https:\/\/tecnologia.ufpr.br\/lahurb\/wp-json\/wp\/v2\/pages"}],"about":[{"href":"https:\/\/tecnologia.ufpr.br\/lahurb\/wp-json\/wp\/v2\/types\/page"}],"author":[{"embeddable":true,"href":"https:\/\/tecnologia.ufpr.br\/lahurb\/wp-json\/wp\/v2\/users\/1047"}],"replies":[{"embeddable":true,"href":"https:\/\/tecnologia.ufpr.br\/lahurb\/wp-json\/wp\/v2\/comments?post=1599"}],"version-history":[{"count":4,"href":"https:\/\/tecnologia.ufpr.br\/lahurb\/wp-json\/wp\/v2\/pages\/1599\/revisions"}],"predecessor-version":[{"id":2497,"href":"https:\/\/tecnologia.ufpr.br\/lahurb\/wp-json\/wp\/v2\/pages\/1599\/revisions\/2497"}],"wp:attachment":[{"href":"https:\/\/tecnologia.ufpr.br\/lahurb\/wp-json\/wp\/v2\/media?parent=1599"}],"curies":[{"name":"wp","href":"https:\/\/api.w.org\/{rel}","templated":true}]}}