{"id":1544,"date":"2018-08-14T09:30:23","date_gmt":"2018-08-14T12:30:23","guid":{"rendered":"https:\/\/tecnologia.ufpr.br\/lahurb\/?page_id=1544"},"modified":"2019-06-24T23:38:26","modified_gmt":"2019-06-25T02:38:26","slug":"condominios-horizontais-em-curitiba-pr-parametros-para-integracao-espacial-tfg","status":"publish","type":"page","link":"https:\/\/tecnologia.ufpr.br\/lahurb\/condominios-horizontais-em-curitiba-pr-parametros-para-integracao-espacial-tfg\/","title":{"rendered":"Condom\u00ednios horizontais em Curitiba (PR) &#8211; Par\u00e2metros para integra\u00e7\u00e3o espacial &#8211; TFG"},"content":{"rendered":"<p><a href=\"https:\/\/tecnologia.ufpr.br\/lahurb\/wp-content\/uploads\/sites\/31\/2018\/08\/01_Memorial.pdf\" target=\"_blank\" rel=\"attachment wp-att-1545 noopener\">01_Memorial<\/a><\/p>\n<p><a href=\"https:\/\/tecnologia.ufpr.br\/lahurb\/wp-content\/uploads\/sites\/31\/2018\/08\/02_Condicionantes.pdf\" target=\"_blank\" rel=\"attachment wp-att-1546 noopener\">02_Condicionantes<\/a><\/p>\n<p><a href=\"https:\/\/tecnologia.ufpr.br\/lahurb\/wp-content\/uploads\/sites\/31\/2018\/08\/03_Criterios.pdf\" target=\"_blank\" rel=\"attachment wp-att-1547 noopener\">03_Criterios<\/a><\/p>\n<p><a href=\"https:\/\/tecnologia.ufpr.br\/lahurb\/wp-content\/uploads\/sites\/31\/2018\/08\/04_Caracterizacao_area-compressed.pdf\" target=\"_blank\" rel=\"attachment wp-att-1549 noopener\">04_Caracterizacao_area<\/a><\/p>\n<p><a href=\"https:\/\/tecnologia.ufpr.br\/lahurb\/wp-content\/uploads\/sites\/31\/2018\/08\/05_Aplicacao_extra.pdf\" target=\"_blank\" rel=\"attachment wp-att-1548 noopener\">05_Aplicacao_extra<\/a><\/p>\n<p><a href=\"https:\/\/tecnologia.ufpr.br\/lahurb\/wp-content\/uploads\/sites\/31\/2018\/08\/06_Aplicacao_intra-compressed.pdf\" target=\"_blank\" rel=\"attachment wp-att-1550 noopener\">06_Aplicacao_intra<\/a><\/p>\n","protected":false},"excerpt":{"rendered":"<p>01_Memorial 02_Condicionantes 03_Criterios 04_Caracterizacao_area 05_Aplicacao_extra 06_Aplicacao_intra<\/p>\n","protected":false},"author":1047,"featured_media":0,"parent":0,"menu_order":0,"comment_status":"closed","ping_status":"closed","template":"","meta":{"footnotes":""},"_links":{"self":[{"href":"https:\/\/tecnologia.ufpr.br\/lahurb\/wp-json\/wp\/v2\/pages\/1544"}],"collection":[{"href":"https:\/\/tecnologia.ufpr.br\/lahurb\/wp-json\/wp\/v2\/pages"}],"about":[{"href":"https:\/\/tecnologia.ufpr.br\/lahurb\/wp-json\/wp\/v2\/types\/page"}],"author":[{"embeddable":true,"href":"https:\/\/tecnologia.ufpr.br\/lahurb\/wp-json\/wp\/v2\/users\/1047"}],"replies":[{"embeddable":true,"href":"https:\/\/tecnologia.ufpr.br\/lahurb\/wp-json\/wp\/v2\/comments?post=1544"}],"version-history":[{"count":3,"href":"https:\/\/tecnologia.ufpr.br\/lahurb\/wp-json\/wp\/v2\/pages\/1544\/revisions"}],"predecessor-version":[{"id":2458,"href":"https:\/\/tecnologia.ufpr.br\/lahurb\/wp-json\/wp\/v2\/pages\/1544\/revisions\/2458"}],"wp:attachment":[{"href":"https:\/\/tecnologia.ufpr.br\/lahurb\/wp-json\/wp\/v2\/media?parent=1544"}],"curies":[{"name":"wp","href":"https:\/\/api.w.org\/{rel}","templated":true}]}}