{"id":1496,"date":"2018-08-14T08:33:38","date_gmt":"2018-08-14T11:33:38","guid":{"rendered":"https:\/\/tecnologia.ufpr.br\/lahurb\/?page_id=1496"},"modified":"2019-06-24T23:09:34","modified_gmt":"2019-06-25T02:09:34","slug":"producao-e-reestruturacao-do-espaco-urbano-curitiba-sede-da-copa-2014-tfg","status":"publish","type":"page","link":"https:\/\/tecnologia.ufpr.br\/lahurb\/producao-e-reestruturacao-do-espaco-urbano-curitiba-sede-da-copa-2014-tfg\/","title":{"rendered":"Produ\u00e7\u00e3o e reestrutura\u00e7\u00e3o do espa\u00e7o urbano &#8211; Curitiba &#8211; Sede da Copa 2014 &#8211; TFG"},"content":{"rendered":"<p><a href=\"https:\/\/tecnologia.ufpr.br\/lahurb\/wp-content\/uploads\/sites\/31\/2018\/08\/P-01.pdf\" target=\"_blank\" rel=\"attachment wp-att-1497 noopener\">P 01<\/a><\/p>\n<p><a href=\"https:\/\/tecnologia.ufpr.br\/lahurb\/wp-content\/uploads\/sites\/31\/2018\/08\/P-02.pdf\" target=\"_blank\" rel=\"attachment wp-att-1498 noopener\">P 02<\/a><\/p>\n<p><a href=\"https:\/\/tecnologia.ufpr.br\/lahurb\/wp-content\/uploads\/sites\/31\/2018\/08\/P-03.pdf\" target=\"_blank\" rel=\"attachment wp-att-1499 noopener\">P 03<\/a><\/p>\n<p><a href=\"https:\/\/tecnologia.ufpr.br\/lahurb\/wp-content\/uploads\/sites\/31\/2018\/08\/P-04.pdf\" target=\"_blank\" rel=\"attachment wp-att-1500 noopener\">P 04<\/a><\/p>\n<p><a href=\"https:\/\/tecnologia.ufpr.br\/lahurb\/wp-content\/uploads\/sites\/31\/2018\/08\/P-05-e-P-06.pdf\" target=\"_blank\" rel=\"attachment wp-att-1501 noopener\">P 05 e P 06<\/a><\/p>\n","protected":false},"excerpt":{"rendered":"<p>P 01 P 02 P 03 P 04 P 05 e P 06<\/p>\n","protected":false},"author":1047,"featured_media":0,"parent":0,"menu_order":0,"comment_status":"closed","ping_status":"closed","template":"","meta":{"footnotes":""},"_links":{"self":[{"href":"https:\/\/tecnologia.ufpr.br\/lahurb\/wp-json\/wp\/v2\/pages\/1496"}],"collection":[{"href":"https:\/\/tecnologia.ufpr.br\/lahurb\/wp-json\/wp\/v2\/pages"}],"about":[{"href":"https:\/\/tecnologia.ufpr.br\/lahurb\/wp-json\/wp\/v2\/types\/page"}],"author":[{"embeddable":true,"href":"https:\/\/tecnologia.ufpr.br\/lahurb\/wp-json\/wp\/v2\/users\/1047"}],"replies":[{"embeddable":true,"href":"https:\/\/tecnologia.ufpr.br\/lahurb\/wp-json\/wp\/v2\/comments?post=1496"}],"version-history":[{"count":3,"href":"https:\/\/tecnologia.ufpr.br\/lahurb\/wp-json\/wp\/v2\/pages\/1496\/revisions"}],"predecessor-version":[{"id":2392,"href":"https:\/\/tecnologia.ufpr.br\/lahurb\/wp-json\/wp\/v2\/pages\/1496\/revisions\/2392"}],"wp:attachment":[{"href":"https:\/\/tecnologia.ufpr.br\/lahurb\/wp-json\/wp\/v2\/media?parent=1496"}],"curies":[{"name":"wp","href":"https:\/\/api.w.org\/{rel}","templated":true}]}}