{"id":1458,"date":"2018-08-13T14:16:39","date_gmt":"2018-08-13T17:16:39","guid":{"rendered":"https:\/\/tecnologia.ufpr.br\/lahurb\/?page_id=1458"},"modified":"2019-06-24T23:18:52","modified_gmt":"2019-06-25T02:18:52","slug":"plano-de-reabilitacao-do-reboucas-curitiba-pr-tfg","status":"publish","type":"page","link":"https:\/\/tecnologia.ufpr.br\/lahurb\/plano-de-reabilitacao-do-reboucas-curitiba-pr-tfg\/","title":{"rendered":"Plano de reabilita\u00e7\u00e3o do Rebou\u00e7as &#8211; Curitiba PR &#8211; TFG"},"content":{"rendered":"<p><a href=\"https:\/\/tecnologia.ufpr.br\/lahurb\/wp-content\/uploads\/sites\/31\/2018\/08\/PRANCHA-01.pdf\" target=\"_blank\" rel=\"attachment wp-att-1461 noopener\">PRANCHA 01<\/a><\/p>\n<p><a href=\"https:\/\/tecnologia.ufpr.br\/lahurb\/wp-content\/uploads\/sites\/31\/2018\/08\/PRANCHA-02.pdf\" target=\"_blank\" rel=\"attachment wp-att-1462 noopener\">PRANCHA 02<\/a><\/p>\n<p><a href=\"https:\/\/tecnologia.ufpr.br\/lahurb\/wp-content\/uploads\/sites\/31\/2018\/08\/PRANCHA-03.pdf\" target=\"_blank\" rel=\"attachment wp-att-1463 noopener\">PRANCHA 03<\/a><\/p>\n<p><a href=\"https:\/\/tecnologia.ufpr.br\/lahurb\/wp-content\/uploads\/sites\/31\/2018\/08\/PRANCHA-04.pdf\" target=\"_blank\" rel=\"attachment wp-att-1464 noopener\">PRANCHA 04<\/a><\/p>\n<p><a href=\"https:\/\/tecnologia.ufpr.br\/lahurb\/wp-content\/uploads\/sites\/31\/2018\/08\/PRANCHA-05.pdf\" target=\"_blank\" rel=\"attachment wp-att-1465 noopener\">PRANCHA 05<\/a><\/p>\n<p><a href=\"https:\/\/tecnologia.ufpr.br\/lahurb\/wp-content\/uploads\/sites\/31\/2018\/08\/PRANCHA-06.pdf\" target=\"_blank\" rel=\"attachment wp-att-1466 noopener\">PRANCHA 06<\/a><\/p>\n","protected":false},"excerpt":{"rendered":"<p>PRANCHA 01 PRANCHA 02 PRANCHA 03 PRANCHA 04 PRANCHA 05 PRANCHA 06<\/p>\n","protected":false},"author":1047,"featured_media":0,"parent":0,"menu_order":0,"comment_status":"closed","ping_status":"closed","template":"","meta":{"footnotes":""},"_links":{"self":[{"href":"https:\/\/tecnologia.ufpr.br\/lahurb\/wp-json\/wp\/v2\/pages\/1458"}],"collection":[{"href":"https:\/\/tecnologia.ufpr.br\/lahurb\/wp-json\/wp\/v2\/pages"}],"about":[{"href":"https:\/\/tecnologia.ufpr.br\/lahurb\/wp-json\/wp\/v2\/types\/page"}],"author":[{"embeddable":true,"href":"https:\/\/tecnologia.ufpr.br\/lahurb\/wp-json\/wp\/v2\/users\/1047"}],"replies":[{"embeddable":true,"href":"https:\/\/tecnologia.ufpr.br\/lahurb\/wp-json\/wp\/v2\/comments?post=1458"}],"version-history":[{"count":4,"href":"https:\/\/tecnologia.ufpr.br\/lahurb\/wp-json\/wp\/v2\/pages\/1458\/revisions"}],"predecessor-version":[{"id":2428,"href":"https:\/\/tecnologia.ufpr.br\/lahurb\/wp-json\/wp\/v2\/pages\/1458\/revisions\/2428"}],"wp:attachment":[{"href":"https:\/\/tecnologia.ufpr.br\/lahurb\/wp-json\/wp\/v2\/media?parent=1458"}],"curies":[{"name":"wp","href":"https:\/\/api.w.org\/{rel}","templated":true}]}}