{"id":1372,"date":"2018-08-13T11:55:48","date_gmt":"2018-08-13T14:55:48","guid":{"rendered":"https:\/\/tecnologia.ufpr.br\/lahurb\/?page_id=1372"},"modified":"2019-06-24T11:04:52","modified_gmt":"2019-06-24T14:04:52","slug":"morar-no-centro-reabilitacao-de-um-edificio-vazio-para-habitacao-de-interesse-social-curitiba-pr","status":"publish","type":"page","link":"https:\/\/tecnologia.ufpr.br\/lahurb\/morar-no-centro-reabilitacao-de-um-edificio-vazio-para-habitacao-de-interesse-social-curitiba-pr\/","title":{"rendered":"Morar no Centro &#8211; Reabilita\u00e7\u00e3o de um edif\u00edcio vazio para habita\u00e7\u00e3o de interesse social &#8211; Curitiba PR &#8211; MONOGRAFIA"},"content":{"rendered":"<p><a href=\"https:\/\/tecnologia.ufpr.br\/lahurb\/wp-content\/uploads\/sites\/31\/2018\/08\/Apresenta%C3%A7%C3%A3o_Fernanda-Pereira-de-Souza.pdf\" target=\"_blank\" rel=\"attachment wp-att-1376 noopener\">Apresenta\u00e7\u00e3o_Fernanda Pereira de Souza<\/a><\/p>\n<p><a href=\"https:\/\/tecnologia.ufpr.br\/lahurb\/wp-content\/uploads\/sites\/31\/2018\/08\/Morar-no-Centro-Reabilita%C3%A7%C3%A3o-de-Edif%C3%ADcio-vazio-para-HIS-Curitiba-PR.pdf\" target=\"_blank\" rel=\"attachment wp-att-1375 noopener\">Morar no Centro-Reabilita\u00e7\u00e3o de Edif\u00edcio vazio para HIS &#8211; Curitiba-PR<\/a><\/p>\n","protected":false},"excerpt":{"rendered":"<p>Apresenta\u00e7\u00e3o_Fernanda Pereira de Souza Morar no Centro-Reabilita\u00e7\u00e3o de Edif\u00edcio vazio para HIS &#8211; Curitiba-PR<\/p>\n","protected":false},"author":1047,"featured_media":0,"parent":0,"menu_order":0,"comment_status":"closed","ping_status":"closed","template":"","meta":{"footnotes":""},"_links":{"self":[{"href":"https:\/\/tecnologia.ufpr.br\/lahurb\/wp-json\/wp\/v2\/pages\/1372"}],"collection":[{"href":"https:\/\/tecnologia.ufpr.br\/lahurb\/wp-json\/wp\/v2\/pages"}],"about":[{"href":"https:\/\/tecnologia.ufpr.br\/lahurb\/wp-json\/wp\/v2\/types\/page"}],"author":[{"embeddable":true,"href":"https:\/\/tecnologia.ufpr.br\/lahurb\/wp-json\/wp\/v2\/users\/1047"}],"replies":[{"embeddable":true,"href":"https:\/\/tecnologia.ufpr.br\/lahurb\/wp-json\/wp\/v2\/comments?post=1372"}],"version-history":[{"count":5,"href":"https:\/\/tecnologia.ufpr.br\/lahurb\/wp-json\/wp\/v2\/pages\/1372\/revisions"}],"predecessor-version":[{"id":2053,"href":"https:\/\/tecnologia.ufpr.br\/lahurb\/wp-json\/wp\/v2\/pages\/1372\/revisions\/2053"}],"wp:attachment":[{"href":"https:\/\/tecnologia.ufpr.br\/lahurb\/wp-json\/wp\/v2\/media?parent=1372"}],"curies":[{"name":"wp","href":"https:\/\/api.w.org\/{rel}","templated":true}]}}