{"id":1033,"date":"2017-09-28T23:48:45","date_gmt":"2017-09-29T02:48:45","guid":{"rendered":"https:\/\/tecnologia.ufpr.br\/lahurb\/?page_id=1033"},"modified":"2021-04-01T20:02:35","modified_gmt":"2021-04-01T23:02:35","slug":"ensino","status":"publish","type":"page","link":"https:\/\/tecnologia.ufpr.br\/lahurb\/ensino\/","title":{"rendered":"Ensino"},"content":{"rendered":"<p><a href=\"https:\/\/tecnologia.ufpr.br\/lahurb\/monografias\" rel=\"noopener\">Monografias (Pesquisa para Trabalho Final de Gradua\u00e7\u00e3o)<\/a><\/p>\n<hr \/>\n<p><a href=\"https:\/\/tecnologia.ufpr.br\/lahurb\/tfg\/\" rel=\"noopener\">Trabalhos Finais de Gradua\u00e7\u00e3o &#8211; TFG<\/a><\/p>\n<hr \/>\n<p><a href=\"https:\/\/tecnologia.ufpr.br\/lahurb\/trabalhos-graduacao\/\" rel=\"noopener\">Trabalhos de Disciplinas da Gradua\u00e7\u00e3o<\/a><\/p>\n<hr \/>\n<p><a href=\"https:\/\/tecnologia.ufpr.br\/lahurb\/dissertacoes-ppu-ufpr\/\" rel=\"noopener\">Disserta\u00e7\u00f5es do Programa de P\u00f3s-Gradua\u00e7\u00e3o em Planejamento Urbano (PPU\/UFPR)<\/a><\/p>\n<hr \/>\n<p><a href=\"https:\/\/tecnologia.ufpr.br\/lahurb\/ensino\/experienciaspedagogicas\" data-wplink-edit=\"true\">Experi\u00eancias Pedag\u00f3gicas<\/a><\/p>\n","protected":false},"excerpt":{"rendered":"<p>Monografias (Pesquisa para Trabalho Final de Gradua\u00e7\u00e3o) Trabalhos Finais de Gradua\u00e7\u00e3o &#8211; TFG Trabalhos de Disciplinas da Gradua\u00e7\u00e3o Disserta\u00e7\u00f5es do Programa de P\u00f3s-Gradua\u00e7\u00e3o em Planejamento Urbano (PPU\/UFPR) Experi\u00eancias Pedag\u00f3gicas<\/p>\n","protected":false},"author":1047,"featured_media":0,"parent":0,"menu_order":0,"comment_status":"closed","ping_status":"closed","template":"","meta":{"footnotes":""},"_links":{"self":[{"href":"https:\/\/tecnologia.ufpr.br\/lahurb\/wp-json\/wp\/v2\/pages\/1033"}],"collection":[{"href":"https:\/\/tecnologia.ufpr.br\/lahurb\/wp-json\/wp\/v2\/pages"}],"about":[{"href":"https:\/\/tecnologia.ufpr.br\/lahurb\/wp-json\/wp\/v2\/types\/page"}],"author":[{"embeddable":true,"href":"https:\/\/tecnologia.ufpr.br\/lahurb\/wp-json\/wp\/v2\/users\/1047"}],"replies":[{"embeddable":true,"href":"https:\/\/tecnologia.ufpr.br\/lahurb\/wp-json\/wp\/v2\/comments?post=1033"}],"version-history":[{"count":20,"href":"https:\/\/tecnologia.ufpr.br\/lahurb\/wp-json\/wp\/v2\/pages\/1033\/revisions"}],"predecessor-version":[{"id":3388,"href":"https:\/\/tecnologia.ufpr.br\/lahurb\/wp-json\/wp\/v2\/pages\/1033\/revisions\/3388"}],"wp:attachment":[{"href":"https:\/\/tecnologia.ufpr.br\/lahurb\/wp-json\/wp\/v2\/media?parent=1033"}],"curies":[{"name":"wp","href":"https:\/\/api.w.org\/{rel}","templated":true}]}}