{"id":1030,"date":"2017-09-28T23:37:04","date_gmt":"2017-09-29T02:37:04","guid":{"rendered":"https:\/\/tecnologia.ufpr.br\/lahurb\/?page_id=1030"},"modified":"2023-01-23T14:31:06","modified_gmt":"2023-01-23T17:31:06","slug":"biblioteca","status":"publish","type":"page","link":"https:\/\/tecnologia.ufpr.br\/lahurb\/biblioteca\/","title":{"rendered":"Biblioteca"},"content":{"rendered":"<p style=\"padding-left: 40px\"><a href=\"https:\/\/tecnologia.ufpr.br\/lahurb\/wp-content\/uploads\/sites\/31\/2023\/01\/Relacao-de-livros-LaHurb-janeiro-de-2023.pdf\">RELA\u00c7\u00c3O DE LIVROS LAHURB<\/a><\/p>\n<p style=\"padding-left: 40px\"><a href=\"https:\/\/tecnologia.ufpr.br\/lahurb\/wp-content\/uploads\/sites\/31\/2018\/05\/CLASSIFICA\u00c7\u00c3O-DOS-LIVROS.pdf\">CLASSIFICA\u00c7\u00c3O DOS LIVROS<\/a><\/p>\n<h4>Livros, e-books\u00a0e artigos<\/h4>\n<hr \/>\n<p style=\"padding-left: 30px\"><strong><a href=\"https:\/\/tecnologia.ufpr.br\/lahurb\/wp-content\/uploads\/sites\/31\/2017\/09\/DAMATTA-Roberto-A-Casa-e-a-Rua.pdf\" rel=\"attachment wp-att-1136 noopener\">A Casa e a Rua<\/a>\u00a0&#8211;<\/strong> DAMATTA, Roberto.<\/p>\n<p style=\"padding-left: 30px\"><strong><a href=\"https:\/\/tecnologia.ufpr.br\/lahurb\/wp-content\/uploads\/sites\/31\/2017\/09\/ARANTES-O.-MARICATO-E.-VAINER-C.-A-cidade-do-pensamento-%C3%BAnico.pdf\" target=\"_blank\" rel=\"attachment wp-att-1133 noopener noreferrer\">A Cidade do Pensamento \u00danico<\/a>\u00a0<\/strong>&#8211; VAINER, Carlos B.; MARICATO, Erm\u00ednia; ARANTES, Otilia B. F.<\/p>\n<p style=\"padding-left: 30px\"><a href=\"https:\/\/tecnologia.ufpr.br\/lahurb\/wp-content\/uploads\/sites\/31\/2017\/09\/LEFEBVRE-Henri-A-Produ%C3%A7%C3%A3o-do-Espa%C3%A7o.pdf\" target=\"_blank\" rel=\"attachment wp-att-1139 noopener noreferrer\"><strong>A Produ\u00e7\u00e3o do Espa\u00e7o<\/strong><\/a><strong>\u00a0<\/strong>&#8211; LEFEBVRE, Henri.<\/p>\n<p style=\"padding-left: 30px\"><a href=\"https:\/\/tecnologia.ufpr.br\/lahurb\/wp-content\/uploads\/sites\/31\/2017\/09\/ANDRADE-Manuel-Correia-de_A-Quest%C3%A3o-do-territ%C3%B3rio-no-Brasil.pdf\" target=\"_blank\" rel=\"attachment wp-att-1132 noopener noreferrer\"><strong>A Quest\u00e3o do Territ\u00f3rio no Brasil<\/strong><\/a><strong>\u00a0<\/strong>&#8211; ANDRADE, Manuel Correia.<\/p>\n<p style=\"padding-left: 30px\"><a href=\"https:\/\/tecnologia.ufpr.br\/lahurb\/wp-content\/uploads\/sites\/31\/2017\/09\/ACSELRAD-H.-Cartografias-sociais-e-territ%C3%B3rio.pdf\" target=\"_blank\" rel=\"attachment wp-att-1131 noopener noreferrer\"><strong>Cartografias Sociais e Territ\u00f3rio<\/strong><\/a>\u00a0&#8211; ACSELRAD, Henri (org.).<\/p>\n<p style=\"padding-left: 30px\"><strong><a href=\"https:\/\/tecnologia.ufpr.br\/lahurb\/wp-content\/uploads\/sites\/31\/2017\/09\/LEFEBVRE-Henri-Contra-los-tecnocratas.pdf\" target=\"_blank\" rel=\"attachment wp-att-1140 noopener noreferrer\">Contra los Tecnocratas<\/a><\/strong>\u00a0&#8211;\u00a0LEFEBVRE, Henri.<\/p>\n<p style=\"padding-left: 30px\"><strong><a href=\"https:\/\/tecnologia.ufpr.br\/lahurb\/wp-content\/uploads\/sites\/31\/2017\/09\/LEFEBVRE-Henri-De-lo-Rural-a-lo-Urbano.pdf\" target=\"_blank\" rel=\"attachment wp-att-1144 noopener noreferrer\">De lo Rural a lo Urbano<\/a>\u00a0<\/strong>&#8211; LEFEBVRE, Henri.<\/p>\n<p style=\"padding-left: 30px\"><strong><a href=\"https:\/\/tecnologia.ufpr.br\/lahurb\/wp-content\/uploads\/sites\/31\/2017\/09\/LEFEBVRE-Henri-La-presencia-y-la-ausencia-Contribucion-a-la-teoria-de-las-representaciones.pdf\" target=\"_blank\" rel=\"attachment wp-att-1145 noopener noreferrer\">La Presencia y la Ausencia &#8211; Contribucion a la Teoria de las Representaciones<\/a><\/strong>\u00a0&#8211;\u00a0LEFEBVRE, Henri.<\/p>\n<p style=\"padding-left: 30px\"><a href=\"https:\/\/tecnologia.ufpr.br\/lahurb\/wp-content\/uploads\/sites\/31\/2017\/09\/CORR%C3%8AA-Roberto-Lobato-O-espa%C3%A7o-Urbano.pdf\" target=\"_blank\" rel=\"attachment wp-att-1135 noopener noreferrer\"><strong>O Espa\u00e7o Urbano<\/strong><\/a>\u00a0&#8211; CORR\u00caA, Roberto Lobato.<\/p>\n<p style=\"padding-left: 30px\"><strong><a href=\"https:\/\/tecnologia.ufpr.br\/lahurb\/wp-content\/uploads\/sites\/31\/2017\/09\/HOLANDA-S%C3%A9rgio-Buarque-Ra%C3%ADzes-do-Brasil.pdf\" target=\"_blank\" rel=\"attachment wp-att-1138 noopener noreferrer\">Ra\u00edzes do Brasil<\/a><\/strong>\u00a0&#8211; HOLANDA, S\u00e9rgio Buarque de.<\/p>\n<p style=\"padding-left: 30px\"><a href=\"https:\/\/tecnologia.ufpr.br\/lahurb\/wp-content\/uploads\/sites\/31\/2017\/09\/VALE-Lawrence-The-Resilient-City-How-Modern-Cities-Recover-From-Disaster.pdf\" target=\"_blank\" rel=\"attachment wp-att-1146 noopener noreferrer\"><strong>The Resilient City &#8211; How Modern Cities Recover From Disaster<\/strong><\/a>\u00a0&#8211; VALE,\u00a0Lawrence.<\/p>\n<p>\u00a0<\/p>\n\n\n<p><\/p>\n","protected":false},"excerpt":{"rendered":"<p>RELA\u00c7\u00c3O DE LIVROS LAHURB CLASSIFICA\u00c7\u00c3O DOS LIVROS Livros, e-books\u00a0e artigos A Casa e a Rua\u00a0&#8211; DAMATTA, Roberto. A Cidade do Pensamento \u00danico\u00a0&#8211; VAINER, Carlos B.; MARICATO, Erm\u00ednia; ARANTES, Otilia B. F. A Produ\u00e7\u00e3o do Espa\u00e7o\u00a0&#8211; LEFEBVRE, Henri. A Quest\u00e3o do Territ\u00f3rio no Brasil\u00a0&#8211; ANDRADE, Manuel Correia. Cartografias Sociais e Territ\u00f3rio\u00a0&#8211; ACSELRAD, Henri (org.). Contra los [&hellip;]<\/p>\n","protected":false},"author":1047,"featured_media":0,"parent":0,"menu_order":0,"comment_status":"closed","ping_status":"closed","template":"","meta":{"footnotes":""},"_links":{"self":[{"href":"https:\/\/tecnologia.ufpr.br\/lahurb\/wp-json\/wp\/v2\/pages\/1030"}],"collection":[{"href":"https:\/\/tecnologia.ufpr.br\/lahurb\/wp-json\/wp\/v2\/pages"}],"about":[{"href":"https:\/\/tecnologia.ufpr.br\/lahurb\/wp-json\/wp\/v2\/types\/page"}],"author":[{"embeddable":true,"href":"https:\/\/tecnologia.ufpr.br\/lahurb\/wp-json\/wp\/v2\/users\/1047"}],"replies":[{"embeddable":true,"href":"https:\/\/tecnologia.ufpr.br\/lahurb\/wp-json\/wp\/v2\/comments?post=1030"}],"version-history":[{"count":94,"href":"https:\/\/tecnologia.ufpr.br\/lahurb\/wp-json\/wp\/v2\/pages\/1030\/revisions"}],"predecessor-version":[{"id":3574,"href":"https:\/\/tecnologia.ufpr.br\/lahurb\/wp-json\/wp\/v2\/pages\/1030\/revisions\/3574"}],"wp:attachment":[{"href":"https:\/\/tecnologia.ufpr.br\/lahurb\/wp-json\/wp\/v2\/media?parent=1030"}],"curies":[{"name":"wp","href":"https:\/\/api.w.org\/{rel}","templated":true}]}}