{"id":1013,"date":"2017-09-04T15:11:07","date_gmt":"2017-09-04T18:11:07","guid":{"rendered":"https:\/\/tecnologia.ufpr.br\/lahurb\/?page_id=1013"},"modified":"2022-08-15T15:36:02","modified_gmt":"2022-08-15T18:36:02","slug":"links","status":"publish","type":"page","link":"https:\/\/tecnologia.ufpr.br\/lahurb\/links\/","title":{"rendered":"Links"},"content":{"rendered":"\n<h4 class=\"wp-block-heading\">Youtube<\/h4>\n\n\n\n<p><a href=\"https:\/\/www.youtube.com\/channel\/UCNgezokKqBE-FXohxqiDg0A\">https:\/\/www.youtube.com\/channel\/UCNgezokKqBE-FXohxqiDg0A<\/a><\/p>\n\n\n<h4>Programa de P\u00f3s-Gradua\u00e7\u00e3o em Planejamento Urbano &#8211; PPU<\/h4>\n<p>http:\/\/www.prppg.ufpr.br\/site\/ppgppu\/pb\/<\/p>\n<hr \/>\n<h4>Banco de Dados<\/h4>\n<hr \/>\n<p style=\"padding-left: 30px\"><strong><a href=\"https:\/\/recuperacaomaisvalia.carto.com\/builder\/338cecd0-0b39-483f-83de-414a05d4dd82\/embed\" target=\"_blank\" rel=\"noopener noreferrer\">Instrumentos de Recupera\u00e7\u00e3o de Mais Valia<br \/><\/a><\/strong><\/p>\n<p style=\"padding-left: 30px\"><strong>Apresenta\u00e7\u00e3o:<\/strong> Este produto consiste em um banco de dados, em formato de Web map, contendo informa\u00e7\u00f5es sobre a utiliza\u00e7\u00e3o de instrumentos de gest\u00e3o do uso do solo na Am\u00e9rica Latina, com foco em casos de sucesso de recupera\u00e7\u00e3o da valoriza\u00e7\u00e3o imobili\u00e1ria para fins de financiamento do desenvolvimento urbano, neste <span style=\"color: #0000ff\"><strong><a href=\"https:\/\/drive.google.com\/file\/d\/1RjJp1u4JncLEzkz4HSfbDnh9ZOLkmRfO\/view?usp=drivesdk\">link<\/a><\/strong><\/span> \u00e9 poss\u00edvel ver um tutorial de como este produto funciona.<\/p>\n<p style=\"padding-left: 30px\"><strong>Como participar?\u00a0<\/strong>Esperamos que voc\u00ea contribua com dados sobre os instrumentos de recupera\u00e7\u00e3o de mais valia do solo de sua cidade, o que possibilitar\u00e1 a variedade, a quantidade e a qualidade das informa\u00e7\u00f5es. \u00c9 poss\u00edvel participar a partir da inser\u00e7\u00e3o dos dados coletados neste <strong><span style=\"color: #0000ff\"><a href=\"https:\/\/docs.google.com\/forms\/d\/e\/1FAIpQLScaRl4l35voUc4VEi0tO3ugtSYrm83xjgzYAc4F1RaTpU7oag\/viewform\">formul\u00e1rio<\/a><\/span>.<\/strong><\/p>\n<h4>Girurbano<\/h4>\n<hr \/>\n<p style=\"padding-left: 30px\"><a href=\"https:\/\/girourbano.carto.com\/builder\/62275e33-4bb1-4e07-8b12-d75fd039d953\/embed\"><strong>Plataforma Interativa Girurbano<\/strong><\/a><\/p>\n<p style=\"padding-left: 30px\"><strong>Apresenta\u00e7\u00e3o:<\/strong>\u00a0A atividade consiste em uma competi\u00e7\u00e3o, desenvolvida em duas etapas, aplicadas em sequ\u00eancia ou de forma independente. A abordagem inovadora do exerc\u00edcio consiste em colocar o aluno como centro de processo, aprendendo com a resolu\u00e7\u00e3o colaborativa da competi\u00e7\u00e3o proposta.<\/p>\n<p style=\"padding-left: 30px\">As atividades s\u00e3o desenvolvidas a partir de dois eixos:<\/p>\n<ol>\n<li>Observa\u00e7\u00e3o cr\u00edtica sobre os processos presentes na cidade e seus resultados espaciais;<\/li>\n<li>A\u00e7\u00e3o propositiva, ao exigir o detalhamento da aplica\u00e7\u00e3o de um instrumento urban\u00edstico em uma situa\u00e7\u00e3o espec\u00edfica.<\/li>\n<\/ol>\n<p style=\"padding-left: 30px\">Somando dois aspectos: reconhecimento material de processos urbanos e pr\u00e1tica de uso de instrumentos urban\u00edsticos; o exerc\u00edcio desenvolve capacidades para enfrentar a complexidade da gest\u00e3o da cidade.<\/p>\n<p style=\"padding-left: 30px\"><strong>Como participar? <\/strong>Em breve<\/p>\n<hr \/>\n<h4>\u00a0<\/h4>\n<h4>A lente do comum<\/h4>\n<p>O Instituto Procomum, sediado em Santos- SP, realizou o semin\u00e1rio &#8220;A Lente do Comum&#8221; no Centro de Pesquisa e Forma\u00e7\u00e3o do Sesc-SP. Um ciclo de conversas para debater e defender o comum: as comunidades; os bens naturais; o conhecimento aberto; a democracia. A s\u00e9rie de v\u00eddeos pode ser encontrada atrav\u00e9s do <a href=\"https:\/\/www.youtube.com\/playlist?list=PLz53SY9iZdF55YaAXY2S-kVlpIBi4623a\">link<\/a>\u00a0do YouTube e tamb\u00e9m no acervo do LAHURB.<\/p>\n<p style=\"padding-left: 30px\">\u00a0<\/p>","protected":false},"excerpt":{"rendered":"<p>Youtube https:\/\/www.youtube.com\/channel\/UCNgezokKqBE-FXohxqiDg0A Programa de P\u00f3s-Gradua\u00e7\u00e3o em Planejamento Urbano &#8211; PPU http:\/\/www.prppg.ufpr.br\/site\/ppgppu\/pb\/ Banco de Dados Instrumentos de Recupera\u00e7\u00e3o de Mais Valia Apresenta\u00e7\u00e3o: Este produto consiste em um banco de dados, em formato de Web map, contendo informa\u00e7\u00f5es sobre a utiliza\u00e7\u00e3o de instrumentos de gest\u00e3o do uso do solo na Am\u00e9rica Latina, com foco em casos de [&hellip;]<\/p>\n","protected":false},"author":1047,"featured_media":0,"parent":0,"menu_order":0,"comment_status":"closed","ping_status":"closed","template":"","meta":{"footnotes":""},"_links":{"self":[{"href":"https:\/\/tecnologia.ufpr.br\/lahurb\/wp-json\/wp\/v2\/pages\/1013"}],"collection":[{"href":"https:\/\/tecnologia.ufpr.br\/lahurb\/wp-json\/wp\/v2\/pages"}],"about":[{"href":"https:\/\/tecnologia.ufpr.br\/lahurb\/wp-json\/wp\/v2\/types\/page"}],"author":[{"embeddable":true,"href":"https:\/\/tecnologia.ufpr.br\/lahurb\/wp-json\/wp\/v2\/users\/1047"}],"replies":[{"embeddable":true,"href":"https:\/\/tecnologia.ufpr.br\/lahurb\/wp-json\/wp\/v2\/comments?post=1013"}],"version-history":[{"count":33,"href":"https:\/\/tecnologia.ufpr.br\/lahurb\/wp-json\/wp\/v2\/pages\/1013\/revisions"}],"predecessor-version":[{"id":3552,"href":"https:\/\/tecnologia.ufpr.br\/lahurb\/wp-json\/wp\/v2\/pages\/1013\/revisions\/3552"}],"wp:attachment":[{"href":"https:\/\/tecnologia.ufpr.br\/lahurb\/wp-json\/wp\/v2\/media?parent=1013"}],"curies":[{"name":"wp","href":"https:\/\/api.w.org\/{rel}","templated":true}]}}