{"id":6,"date":"2023-02-06T17:23:56","date_gmt":"2023-02-06T20:23:56","guid":{"rendered":"https:\/\/tecnologia.ufpr.br\/laberg\/?page_id=6"},"modified":"2025-03-10T11:04:01","modified_gmt":"2025-03-10T14:04:01","slug":"home","status":"publish","type":"page","link":"https:\/\/tecnologia.ufpr.br\/laberg\/","title":{"rendered":"In\u00edcio"},"content":{"rendered":"<div style=\"font-family: verdana,sans-serif\">\n<p style=\"text-align: justify\">O laborat\u00f3rio conta com uma rede de parcerias com outras universidades do Brasil e do exterior.<\/p>\n<p style=\"text-align: justify\">A ergonomia \u00e9 uma ci\u00eancia multidisciplinar preocupada em compreender as intera\u00e7\u00f5es existentes entre o homem e todos os elementos que comp\u00f5em o ambiente a sua volta, a fim de otimizar a sa\u00fade ocupacional e o bem estar humano.<\/p>\n<p style=\"text-align: justify\">Neste contexto, o Laborat\u00f3rio de Ergonomia e Usabilidade (LABERG), criado e coordenado pela Prof\u00aa. Maria Lucia Leite Ribeiro Okimoto, fornece uma estrutura e ambiente prop\u00edcios para realizar atividades de ensino de gradua\u00e7\u00e3o e p\u00f3s-gradua\u00e7\u00e3o, bem como pesquisas e extens\u00f5es que conduzem ao desenvolvimento de solu\u00e7\u00f5es inovadoras voltadas para a ind\u00fastria, \u00e1rea de servi\u00e7os e a sociedade.<\/p>\n<p style=\"text-align: justify\">O LABERG estando inserido nos Departamentos de Engenharia Mec\u00e2nica e Design, possibilita ampla coopera\u00e7\u00e3o e intera\u00e7\u00e3o com os demais departamentos da Universidade Federal do Paran\u00e1- UFPR, sendo estes Engenharia, Design, Medicina, Fisioterapia, Terapia Ocupacional, entre outros.<\/p>\n<p style=\"text-align: justify\">A estrutura do LABERG est\u00e1 dispon\u00edvel para parcerias com empresas para o desenvolvimento de pesquisas em ergonomia, acessibilidade e usabilidade. Se voc\u00ea deseja conhecer os crit\u00e9rios para estas parcerias, <a href=\"https:\/\/tecnologia.ufpr.br\/laberg\/wp-content\/uploads\/sites\/59\/2023\/09\/REGIMENTO-LABERG_UFPR.pdf\" target=\"_blank\" rel=\"noopener\">acesse o regimento do Laberg<\/a>.<\/p>\n<p>Coordenadora: <a href=\"http:\/\/lattes.cnpq.br\/9724832203454429\" target=\"_blank\" rel=\"noreferrer noopener\" data-rich-text-format-boundary=\"true\">Profa. Dra. Maria Lucia Leite Ribeiro Okimoto<\/a><br \/>\n<span style=\"font-size: inherit\">Vice Coordenador: <\/span><a style=\"font-size: inherit\" href=\"http:\/\/lattes.cnpq.br\/7063112693191458\" target=\"_blank\" rel=\"noreferrer noopener\" data-rich-text-format-boundary=\"true\">Prof. Dr. Fl\u00e1vio Issao Kubota<\/a><\/p>\n<\/div>\n","protected":false},"excerpt":{"rendered":"<p>O laborat\u00f3rio conta com uma rede de parcerias com outras universidades do Brasil e do exterior. A ergonomia \u00e9 uma ci\u00eancia multidisciplinar preocupada em compreender as intera\u00e7\u00f5es existentes entre o homem e todos os elementos que comp\u00f5em o ambiente a&#8230;<br \/><a class=\"read-more-button\" href=\"https:\/\/tecnologia.ufpr.br\/laberg\/\">Read more<\/a><\/p>\n","protected":false},"author":1096,"featured_media":0,"parent":0,"menu_order":0,"comment_status":"closed","ping_status":"closed","template":"","meta":{"footnotes":""},"_links":{"self":[{"href":"https:\/\/tecnologia.ufpr.br\/laberg\/wp-json\/wp\/v2\/pages\/6"}],"collection":[{"href":"https:\/\/tecnologia.ufpr.br\/laberg\/wp-json\/wp\/v2\/pages"}],"about":[{"href":"https:\/\/tecnologia.ufpr.br\/laberg\/wp-json\/wp\/v2\/types\/page"}],"author":[{"embeddable":true,"href":"https:\/\/tecnologia.ufpr.br\/laberg\/wp-json\/wp\/v2\/users\/1096"}],"replies":[{"embeddable":true,"href":"https:\/\/tecnologia.ufpr.br\/laberg\/wp-json\/wp\/v2\/comments?post=6"}],"version-history":[{"count":29,"href":"https:\/\/tecnologia.ufpr.br\/laberg\/wp-json\/wp\/v2\/pages\/6\/revisions"}],"predecessor-version":[{"id":321,"href":"https:\/\/tecnologia.ufpr.br\/laberg\/wp-json\/wp\/v2\/pages\/6\/revisions\/321"}],"wp:attachment":[{"href":"https:\/\/tecnologia.ufpr.br\/laberg\/wp-json\/wp\/v2\/media?parent=6"}],"curies":[{"name":"wp","href":"https:\/\/api.w.org\/{rel}","templated":true}]}}