{"id":347,"date":"2025-04-07T09:57:47","date_gmt":"2025-04-07T12:57:47","guid":{"rendered":"https:\/\/tecnologia.ufpr.br\/laberg\/?page_id=347"},"modified":"2025-04-07T10:35:30","modified_gmt":"2025-04-07T13:35:30","slug":"projetos-de-extensao","status":"publish","type":"page","link":"https:\/\/tecnologia.ufpr.br\/laberg\/projetos\/projetos-de-extensao\/","title":{"rendered":"Projetos de Extens\u00e3o"},"content":{"rendered":"<p style=\"text-align: justify\"><strong>2024-Atual | ENGENHAR-MEC 2<\/strong><\/p>\n<p><strong>Descri\u00e7\u00e3o:<\/strong> O projeto tem como objetivo Capacitar, subsidiar e multiplicar o conhecimento na comunidade acad\u00eamica e na sociedade.<\/p>\n<p>Ele atua em quatro frentes:<br \/><span style=\"font-size: revert;color: initial\">1. Capacita\u00e7\u00e3o de alunos e professores para a multiplica\u00e7\u00e3o de conhecimentos de engenharia na comunidade acad\u00eamica da UFPR e tamb\u00e9m na sociedade;<br \/><\/span>2. Cria\u00e7\u00e3o e desenvolvimento de solu\u00e7\u00f5es, inova\u00e7\u00f5es e melhorias em projetos de engenharia;<br \/>3. Projeto de pe\u00e7as, equipamento e solu\u00e7\u00f5es de engenharia em geral;<br \/>4. Prototipagem de ideias, componentes em geral.<\/p>\n<p>Ele tem as seguintes vantagens para a comunidade acad\u00eamica:<br \/>&#8211; Potencializar os projetos de extens\u00e3o;<br \/>&#8211; Dar suporte no desenvolvimento de projetos de conclus\u00e3o de curso;<br \/>&#8211; Aprender a utilizar novas tecnologias;<br \/>&#8211; Troca de experi\u00eancias com profissionais e estudantes de outras \u00e1reas;<br \/>&#8211; Ter a oportunidade de aplicar os conceitos te\u00f3ricos;<br \/>&#8211; Fazer visitas t\u00e9cnicas nas empresas parceiras.<\/p>\n<p style=\"text-align: justify\"><strong>Integrantes:<\/strong> Maria Lucia Leite Ribeiro Okimoto &#8211; Integrante \/ S\u00e9rgio Fernando Lajarin &#8211; Coordenador.<\/p>\n<p style=\"text-align: justify\"><span style=\"color: #ffffff\">.<\/span><\/p>\n<p style=\"text-align: justify\"><strong>2024- Atual | CAPACITA\u00c7\u00c3O E ATUALIZA\u00c7\u00c3O EM TECNOLOGIA ASSISTIVA<\/strong><\/p>\n<p style=\"text-align: justify\"><strong>Descri\u00e7\u00e3o:<\/strong> O projeto de Extens\u00e3o &#8220;Capacita\u00e7\u00e3o e Atualiza\u00e7\u00e3o em Tecnologia Assistiva&#8221; conta com a parceria da Secretaria de Sa\u00fade da Prefeitura Municipal e Curitiba, e tem como objetivo fomentar a parceria de extens\u00e3o na UFPR, a fim de transferir o conhecimento de ensino e pesquisa sobre Tecnologia Assistiva \u00e0 comunidade.<\/p>\n<p style=\"text-align: justify\"><strong>Integrantes:<\/strong> Maria Lucia Leite Ribeiro Okimoto &#8211; Coordenador \/ Paloma Hohmann Poier &#8211; Integrante \/ S\u00e9rgio Fernando Lajarin &#8211; Integrante \/ KELLI CRISTINE ASSIS DA SILVA SMYTHE &#8211; Integrante \/ SILVANA PEREIRA DETRO &#8211; Integrante \/ Fl\u00e1vio Issao Kubota &#8211; Integrante \/ JOS\u00c9 OSMAR KLEIN JUNIOR &#8211; Integrante \/ ADRIANA HESSEL DALAGASSA &#8211; Integrante \/ ALINE FERRARI FABRI &#8211; Integrante \/ ARLETE ANA MOTTER &#8211; Integrante \/ GABRIELA CORDEIRO CORREA DO NASCIMENTO &#8211; Integrante \/ GIOVANA DE FATIMA MENEGOTTO &#8211; Integrante \/ KARIN GRAF &#8211; Integrante \/ LEANDRO JOAO DA SILVA &#8211; Integrante \/ RAMON SIGIFREDO CORTES PAREDES &#8211; Integrante.<\/p>\n<p style=\"text-align: justify\"><span style=\"color: #ffffff\">.<\/span><\/p>\n<p><strong>2024- Atual | APOIO EM DESASTRES<\/strong><\/p>\n<p style=\"text-align: justify\"><strong>Descri\u00e7\u00e3o:<\/strong> Projeto coordenado pelo prof. Dr.Renato Lima da Unidade de Apoio Cient\u00edfico em Desastres &#8211; N\u00facleo Interdisciplinar de Meio Ambiente e Desenvolvimento- CENACID.<\/p>\n<p style=\"text-align: justify\"><strong>Integrantes:<\/strong> Maria Lucia Leite Ribeiro Okimoto &#8211; Integrante \/ WILSON ALCANTARA SOARES &#8211; Integrante \/ RENATO EUGENIO DE LIMA &#8211; Coordenador \/ LUIS GUSTAVO DE CASTRO &#8211; Integrante \/ MARCELO RENATO LAMOUR &#8211; Integrante \/ ROBSON TADEU BOLZON &#8211; Integrante.<\/p>\n<p style=\"text-align: justify\"><span style=\"color: #ffffff\">.<\/span><\/p>\n<p><strong>2020- 2022 | REDE UFPR DE COMBATE AO COVID-19<\/strong><\/p>\n<p style=\"text-align: justify\"><strong>Descri\u00e7\u00e3o:<\/strong> O projeto da Rede UFPR de combate ao COVID-19 \u00e9 formado pelas a\u00e7\u00f5es integradas de um grupo multidisciplinar formado pela uni\u00e3o de diversos setores e departamentos da Universidade Federal do Paran\u00e1. A Rede UFPR de combate ao COVID-19 associa a expertise de profissionais e pesquisadores da Sa\u00fade, Engenharia, Exatas, Tecnologia, Design e com o apoio da FUNPAR e Minist\u00e9rio P\u00fablico do Trabalho do Paran\u00e1, Centro de Apoio Cient\u00edfico em Desastres (CENACID), de professores, pesquisadores, alunos e da comunidade. Algumas das a\u00e7\u00f5es est\u00e3o divulgadas e formalizadas na CHAMADA PARA DIVULGA\u00c7\u00c3O DE A\u00c7\u00d5ES VOLUNT\u00c1RIAS EXTENSIONISTAS DE ENFRENTAMENTO AO NOVO CORONAV\u00cdRUS, como A\u00e7\u00f5es integradas- Produ\u00e7\u00e3o de m\u00e1scaras: impress\u00e3o 3D, inje\u00e7\u00e3o e outros &#8211; UFPR rede combate COVID19; A\u00e7\u00f5es integradas- Produ\u00e7\u00e3o de protetores para leitos e ambul\u00e2ncias &#8211; UFPR rede combate COVID19 e as A\u00e7\u00f5es integradas &#8211; Demandas de Design Gr\u00e1fico &#8211; UFPR rede combate COVID19.<\/p>\n<p style=\"text-align: justify\"><strong>Integrantes:<\/strong> Maria Lucia Leite Ribeiro Okimoto &#8211; Coordenador \/ Andr\u00e9 Schlemmer &#8211; Integrante \/ Gabriel Chemin Rosenmann &#8211; Integrante \/ Paloma Hohmann Poier &#8211; Integrante \/ Graciela Ines Bolzon de Muniz &#8211; Integrante \/ S\u00e9rgio Fernando Lajarin &#8211; Integrante \/ Jorge Luiz Erthal &#8211; Integrante \/ M\u00c1RCIO FONTANA CATAPAN &#8211; Integrante \/ Stephan Hennings Och &#8211; Integrante \/ Ravilson Antonio Chemin Filho &#8211; Integrante \/ Marcos Din\u00eds Lavarda &#8211; Integrante \/ Alexandre Luis Trovon de Carvalho &#8211; Integrante \/ Elisa Strobel do Nascimento &#8211; Integrante \/ VICT\u00d3RIA FAGUNDES CARABAJAL &#8211; Integrante \/ HELOISA PEREIRA MACHADO &#8211; Integrante \/ J\u00daLIA RANDON SAVARIS &#8211; Integrante \/ LUIS HENRIQUE ASSUMPCAO LOLIS &#8211; Integrante \/ JOSE EDUARDO PADILHA DE SOUSA &#8211; Integrante \/ FABIANO OSCAR DROZDA &#8211; Integrante \/ JOAO DA SILVA DIAS &#8211; Integrante \/ DEBORA MICHALOUSKI URDICH &#8211; Integrante \/ CAMILA RIBEIRO FAVA &#8211; Integrante \/ THOMAS GUSSO GURAS &#8211; Integrante \/ ANA PAULA REINERT &#8211; Integrante \/ HELGA HOLZMANN &#8211; Integrante \/ KELLI CRISTINE ASSIS DA SILVA SMYTHE &#8211; Integrante \/ MARCIO HENRIQUE DE SOUSA CARBONI &#8211; Integrante \/ ADRIANO RODRIGUES DE MORAES &#8211; Integrante \/ WILSON ALCANTARA SOARES &#8211; Integrante \/ ANDRE AUGUSTO MARIANO &#8211; Integrante \/ MARIA ISABEL DA SILVEIRA BORDINI &#8211; Integrante \/ EMILIA CHRISTIE PICELLI SANCHES &#8211; Integrante \/ JULIANA BUENO &#8211; Integrante \/ WESLEY VIN\u00cdCIUS DOMINGUES &#8211; Integrante \/ LEANDRO POLLI DA LUZ &#8211; Integrante \/ WELLINGTON TORRES GIL &#8211; Integrante \/ DEBORA FRANCIELE DOS SANTOS &#8211; Integrante \/ LEONARDO HATSCHBACH MACIEL &#8211; Integrante \/ CAROLINE VALDOVSKI LOUREN\u00c7O &#8211; Integrante \/ BEATRIZ SANTOS PEREIRA &#8211; Integrante \/ RAQUEL CATTINI DE MELLO &#8211; Integrante \/ ALESSANDRA CARVALHO DE PAULA &#8211; Integrante \/ BRUNA HENKEL PROCEKE &#8211; Integrante \/ EDUARDO CARDOSO DA SILVA &#8211; Integrante \/ IRANISE MORO PEREIRA JORGE &#8211; Integrante \/ MARIA LUCIA MASSON &#8211; Integrante \/ RENATO EUGENIO DE LIMA &#8211; Integrante \/ ALEXANDRE BETIATTO &#8211; Integrante \/ VINICIUS MENDONCA DE MOURA &#8211; Integrante \/ JULIANA GONCALVES DE ALMEIDA &#8211; Integrante \/ ROBERTO MALCHER DE BARROS &#8211; Integrante \/ NAJLA CAROLINE ASMAHAM NUNES &#8211; Integrante \/ BRUNA KOMETANI BRESOLIN &#8211; Integrante \/ GABRIELI CHRISTINA DA CRUZ NOGUEIRA &#8211; Integrante \/ JESSICA APARECIDA FEDALTO &#8211; Integrante \/ JACQUELINE MELO DE SOUZA &#8211; Integrante \/ ANNA JEYCE OLIVEIRA ARAUJO &#8211; Integrante \/ JESSICA MARIA MOREIRA PESTANA &#8211; Integrante \/ KELLYN LITTER &#8211; Integrante \/ JULIANA RODRIGUES DE MORAES FERREIRA &#8211; Integrante \/ ELISA BOHN BIDO &#8211; Integrante \/ JESSICA PIRES DE MACEDO &#8211; Integrante \/ SILVANA PEREIRA DETRO &#8211; Integrante \/ LUCAS FRANCO MENDES &#8211; Integrante \/ ANA CAROLINA DE SOUZA COSTA &#8211; Integrante \/ LIGIA NAOMI NAKASE &#8211; Integrante \/ JULIANA FERREIRA DE OLIVEIRA &#8211; Integrante \/ REBECA GRAEML ABDALLA &#8211; Integrante \/ CAROLINA SILVA KINOPF &#8211; Integrante \/ Glaucio Valdemari &#8211; Integrante \/ VIVIAN ROTUNO MOURE VALDAMERI &#8211; Integrante \/ PAULO ROBERTO WORFEL &#8211; Integrante \/ ADEMIR LUIZ DO PRADO &#8211; Integrante \/ ISADORA DA SILVA ZANZARINI &#8211; Integrante \/ GUSTAVO BARBOSA PIRES &#8211; Integrante \/ GUSTAVO DA PAZ &#8211; Integrante \/ WALDEMAR VOLANSKI &#8211; Integrante \/ YASMIN PEREIRA BUABSSI &#8211; Integrante \/ BRUNO DA SILVA CARDOSO &#8211; Integrante \/ Tiago Chelni &#8211; Integrante.<\/p>\n<p style=\"text-align: justify\"><span style=\"color: #ffffff\">.<\/span><\/p>\n<p><strong>2020- Atual | MUSICART<\/strong><\/p>\n<p style=\"text-align: justify\"><strong>Descri\u00e7\u00e3o:<\/strong> Projeto de Extens\u00e3o para o desenvolvimento de tecnologias para o ensino de M\u00fasica para pessoas cegas.<\/p>\n<p style=\"text-align: justify\"><strong>Integrantes:<\/strong> Maria Lucia Leite Ribeiro Okimoto &#8211; Coordenador \/ Sandra Marchi &#8211; Integrante \/ Vilson Zattera &#8211; Integrante \/ Ellen Ott &#8211; Integrante \/ Percy Nohama &#8211; Integrante \/ Mari Ines Piekas &#8211; Integrante \/ Leonia Gabardo Negrelli &#8211; Integrante \/ Ronaldo Nespolo &#8211; Integrante.<\/p>\n\n\n<p><\/p>\n","protected":false},"excerpt":{"rendered":"<p>2024-Atual | ENGENHAR-MEC 2 Descri\u00e7\u00e3o: O projeto tem como objetivo Capacitar, subsidiar e multiplicar o conhecimento na comunidade acad\u00eamica e na sociedade. Ele atua em quatro frentes:1. Capacita\u00e7\u00e3o de alunos e professores para a multiplica\u00e7\u00e3o de conhecimentos de engenharia na&#8230;<br \/><a class=\"read-more-button\" href=\"https:\/\/tecnologia.ufpr.br\/laberg\/projetos\/projetos-de-extensao\/\">Read more<\/a><\/p>\n","protected":false},"author":1095,"featured_media":0,"parent":343,"menu_order":0,"comment_status":"closed","ping_status":"closed","template":"","meta":{"footnotes":""},"_links":{"self":[{"href":"https:\/\/tecnologia.ufpr.br\/laberg\/wp-json\/wp\/v2\/pages\/347"}],"collection":[{"href":"https:\/\/tecnologia.ufpr.br\/laberg\/wp-json\/wp\/v2\/pages"}],"about":[{"href":"https:\/\/tecnologia.ufpr.br\/laberg\/wp-json\/wp\/v2\/types\/page"}],"author":[{"embeddable":true,"href":"https:\/\/tecnologia.ufpr.br\/laberg\/wp-json\/wp\/v2\/users\/1095"}],"replies":[{"embeddable":true,"href":"https:\/\/tecnologia.ufpr.br\/laberg\/wp-json\/wp\/v2\/comments?post=347"}],"version-history":[{"count":13,"href":"https:\/\/tecnologia.ufpr.br\/laberg\/wp-json\/wp\/v2\/pages\/347\/revisions"}],"predecessor-version":[{"id":370,"href":"https:\/\/tecnologia.ufpr.br\/laberg\/wp-json\/wp\/v2\/pages\/347\/revisions\/370"}],"up":[{"embeddable":true,"href":"https:\/\/tecnologia.ufpr.br\/laberg\/wp-json\/wp\/v2\/pages\/343"}],"wp:attachment":[{"href":"https:\/\/tecnologia.ufpr.br\/laberg\/wp-json\/wp\/v2\/media?parent=347"}],"curies":[{"name":"wp","href":"https:\/\/api.w.org\/{rel}","templated":true}]}}