{"id":295,"date":"2024-06-18T10:24:46","date_gmt":"2024-06-18T13:24:46","guid":{"rendered":"https:\/\/tecnologia.ufpr.br\/laberg\/?page_id=295"},"modified":"2025-04-07T11:12:11","modified_gmt":"2025-04-07T14:12:11","slug":"premiacoes","status":"publish","type":"page","link":"https:\/\/tecnologia.ufpr.br\/laberg\/premiacoes\/","title":{"rendered":"Premia\u00e7\u00f5es"},"content":{"rendered":"\n<p><strong>2025<\/strong> &#8211; IUAD INTERNATIONAL DESIGN AWARD 2024 Bronze Award &#8211; Category of Communication Design, IAUD &#8211; International Association for Universal Design.<br> <strong>2024<\/strong> &#8211; Pr\u00eamio UFPR de Excel\u00eancia Acad\u00eamica 2024- Orientador de Mestrado de Leonardo Bilinski &#8211; PGMEC, UFPR &#8211; Levantamento de par\u00e2metros para pesenvolvimento de produtos utilizados para desinfec\u00e7\u00e3o por meio de luz UVC.<br> <strong>2024<\/strong> &#8211; Pr\u00eamio UFPR de Excel\u00eancia Acad\u00eamica 2024 &#8211; Orienta\u00e7\u00e3o de Tese de Alison Klein &#8211; PPGDesign, UFPR &#8211; Valida\u00e7\u00e3o de um sistema de avalia\u00e7\u00e3o ergon\u00f4mica utilizando vis\u00e3o computacional: Kinebot.<br> <strong>2024<\/strong> &#8211; Men\u00e7\u00e3o Honrosa Pr\u00eamio P&amp;D Design 2024 de Orienta\u00e7\u00e3o de Tese de Isabella Sierra, Congresso Brasileiro de Pesquisa e Desenvolvimento em Design.<br> <strong>2023<\/strong> &#8211; Pr\u00eamio Capes de Tese &#8211; Edi\u00e7\u00e3o 2023, Coordena\u00e7\u00e3o de Aperfei\u00e7oamento de Pessoal do N\u00edvel Superior &#8211; CAPES.<br> <strong>2023<\/strong> &#8211; Men\u00e7\u00e3o honrosa e classificado em 2\u00ba lugar na categoria Artigo de Revis\u00e3o &#8211; Integra\u00e7\u00e3o de Redes Universit\u00e1rias para o aprimoramento da Produ\u00e7\u00e3o de Tecnologia Assistiva?, IV CBTA &#8211; Congresso Brasileiro de Pesquisa e Desenvolvimento em Tecnologia Assistiva.<br> <strong>2023<\/strong> &#8211; Pr\u00eamio UFPR de Excel\u00eancia Acad\u00eamica 2021\/2022 &#8211; Orienta\u00e7\u00e3o da tese &#8220;Sistemas de viabiliza\u00e7\u00e3o e padroniza\u00e7\u00e3o da Antropometria Digital est\u00e1tica para Pessoas com Defici\u00eancia, UFPR.<br><strong>2023<\/strong> &#8211; Pr\u00eamio UFPR de Excel\u00eancia Acad\u00eamica 2021\/2022 &#8211; de Orienta\u00e7\u00e3o de Mestrado &#8220;Recomenda\u00e7\u00f5es de Acessibilidade e Usabilidade para chatbots web: Inclus\u00e3o do usu\u00e1rio Cego, UFPR.<br><strong>2019<\/strong> &#8211; Pr\u00eamio Curta Ci\u00eancia 2019, Universidade Federal do Paran\u00e1.<br><strong>2019<\/strong> &#8211; 1\u00ba lugar na apresenta\u00e7\u00e3o do trabalho no WORKSHOP INTERNACIONAL SOBRE TECNOLOGIAS ASSISTIVAS,&#8221; Aplica\u00e7\u00e3o do c\u00f3digo t\u00e1til see color por processo de embossing em produtos para tecnologias assistivas&#8221;, FUNDA\u00c7\u00c3O ARAUC\u00c1RIA | SETI-PR | SEJUF- PR.<br><strong>2019 <\/strong>&#8211; 2\u00ba lugar na apresenta\u00e7\u00e3o do trabalho no WORKSHOP INTERNACIONAL SOBRE TECNOLOGIAS ASSISTIVAS,&#8221; INTERA\u00c7\u00c3O INCLUSIVA: MAPEAMENTO DE TECNOLOGIAS MULTIMODAIS PARA PESSOAS COM DEFICIENCIA VISUAL?, FUNDA\u00c7\u00c3O ARAUC\u00c1RIA | SETI-PR | SEJUF- PR.<br><strong>2009 <\/strong>&#8211; Artigo premiado- Avalia\u00e7\u00e3o do Uso de Mouse Ortop\u00e9dico por portadores de DORT, 9\u00ba ERGODESIGN &#8211; Congresso Internacional de Ergonomia e Usabilidade de Interfaces Humano-Tecnologia.<br><strong>2008 <\/strong>&#8211; Premia\u00e7\u00e3o de trabalho- Sele\u00e7\u00e3o de m\u00e9todos de Usabilidade no Projeto- Men\u00e7\u00e3o Honrosa, Centro Universit\u00e1rio SENAC- P&amp;D 2008.<br><strong>2001 <\/strong>&#8211; Premio de Qualidade e Produtividade do Estado do paran\u00e1- Construtora Moro, IBQP.<\/p>\n","protected":false},"excerpt":{"rendered":"<p>2025 &#8211; IUAD INTERNATIONAL DESIGN AWARD 2024 Bronze Award &#8211; Category of Communication Design, IAUD &#8211; International Association for Universal Design. 2024 &#8211; Pr\u00eamio UFPR de Excel\u00eancia Acad\u00eamica 2024- Orientador de Mestrado de Leonardo Bilinski &#8211; PGMEC, UFPR &#8211; Levantamento&#8230;<br \/><a class=\"read-more-button\" href=\"https:\/\/tecnologia.ufpr.br\/laberg\/premiacoes\/\">Read more<\/a><\/p>\n","protected":false},"author":1096,"featured_media":0,"parent":0,"menu_order":0,"comment_status":"closed","ping_status":"closed","template":"","meta":{"footnotes":""},"_links":{"self":[{"href":"https:\/\/tecnologia.ufpr.br\/laberg\/wp-json\/wp\/v2\/pages\/295"}],"collection":[{"href":"https:\/\/tecnologia.ufpr.br\/laberg\/wp-json\/wp\/v2\/pages"}],"about":[{"href":"https:\/\/tecnologia.ufpr.br\/laberg\/wp-json\/wp\/v2\/types\/page"}],"author":[{"embeddable":true,"href":"https:\/\/tecnologia.ufpr.br\/laberg\/wp-json\/wp\/v2\/users\/1096"}],"replies":[{"embeddable":true,"href":"https:\/\/tecnologia.ufpr.br\/laberg\/wp-json\/wp\/v2\/comments?post=295"}],"version-history":[{"count":4,"href":"https:\/\/tecnologia.ufpr.br\/laberg\/wp-json\/wp\/v2\/pages\/295\/revisions"}],"predecessor-version":[{"id":376,"href":"https:\/\/tecnologia.ufpr.br\/laberg\/wp-json\/wp\/v2\/pages\/295\/revisions\/376"}],"wp:attachment":[{"href":"https:\/\/tecnologia.ufpr.br\/laberg\/wp-json\/wp\/v2\/media?parent=295"}],"curies":[{"name":"wp","href":"https:\/\/api.w.org\/{rel}","templated":true}]}}