{"id":236,"date":"2024-06-17T13:53:40","date_gmt":"2024-06-17T16:53:40","guid":{"rendered":"https:\/\/tecnologia.ufpr.br\/laberg\/?page_id=236"},"modified":"2024-06-17T14:29:13","modified_gmt":"2024-06-17T17:29:13","slug":"patentes","status":"publish","type":"page","link":"https:\/\/tecnologia.ufpr.br\/laberg\/patentes\/","title":{"rendered":"Patentes"},"content":{"rendered":"\n<ol>\n<li><strong>DISPOSITIVO ORTOPOSICIONADOR PARA ESCANEAMENTO 3D. <\/strong>2022, Brasil. Patente: Modelo de Utilidade. N\u00famero do registro: BR1020220067007, t\u00edtulo: &#8220;Dispositivo ortoposicionador para escaneamento 3D&#8221; , Institui\u00e7\u00e3o de registro: INPI &#8211; Instituto Nacional da Propriedade Industrial. Dep\u00f3sito: 07\/04\/2022.<\/li>\n\n\n\n<li><strong>MATRIZ PARA GRAVA\u00c7\u00c3O EM RELEVO DO TIPO MACHO E F\u00caMEA<\/strong>. 2019, Brasil. Patente: Privil\u00e9gio de Inova\u00e7\u00e3o. N\u00famero do registro: BR10201900578, t\u00edtulo: &#8220;Matriz para grava\u00e7\u00e3o em relevo do tipo macho e f\u00eamea&#8221; , Institui\u00e7\u00e3o de registro: INPI &#8211; Instituto Nacional da Propriedade Industrial. Dep\u00f3sito: 25\/03\/2019Institui\u00e7\u00e3o(\u00f5es) financiadora(s): CAPES &#8211; Coordena\u00e7\u00e3o de Aperfei\u00e7oamento de Pessoal de N\u00edvel Superior.<\/li>\n\n\n\n<li><strong>DISPOSITIVO DE SUPORTE PARA ESCANEAMENTO TRIDIMENSIONAL<\/strong>. 2018, Brasil. Patente: Privil\u00e9gio de Inova\u00e7\u00e3o. N\u00famero do registro: BR1020180694979, t\u00edtulo: &#8220;Dispositivo de suporte para escaneamento tridimensional&#8221; , Institui\u00e7\u00e3o de registro: INPI &#8211; Instituto Nacional da Propriedade Industrial. Dep\u00f3sito: 24\/09\/2018; Concess\u00e3o: 19\/03\/2024.<\/li>\n\n\n\n<li><strong>REPRESENTA\u00c7\u00c3O TRIDIMENSIONAL CROM\u00c1TICA E SISTEMA DE C\u00d3DIGO DE CORES PARA PESSOAS CEGAS, DALT\u00d4NICAS E COM BAIXA VIS\u00c3O<\/strong>. 2017, Brasil. Patente: Privil\u00e9gio de Inova\u00e7\u00e3o. N\u00famero do registro: BR1020170181740, t\u00edtulo: &#8220;Representa\u00e7\u00e3o tridimensional crom\u00e1tica e sistema de c\u00f3digo de cores para pessoas cegas, dalt\u00f4nicas e com baixa vis\u00e3o&#8221; , Institui\u00e7\u00e3o de registro: INPI &#8211; Instituto Nacional da Propriedade Industrial. Dep\u00f3sito: 24\/08\/2017; Licenciamento: 26\/03\/2019; Comercializa\u00e7\u00e3o: 03\/12\/2021; Concess\u00e3o: 10\/01\/2023. Institui\u00e7\u00e3o(\u00f5es) financiadora(s): CAPES; SPIN- UFPR; Licenciada com exclusividade.<\/li>\n\n\n\n<li><strong>BENGALA CUSTOMIZ\u00c1VEL PARA PESSOAS COM DEFICI\u00caNCIA VISUAL<\/strong>. 2016, Brasil. Patente: Privil\u00e9gio de Inova\u00e7\u00e3o. N\u00famero do registro: BR1020160181410, t\u00edtulo: &#8220;Bengala customiz\u00e1vel para pessoas com defici\u00eancia visual&#8221; , Institui\u00e7\u00e3o de registro: INPI &#8211; Instituto Nacional da Propriedade Industrial. Dep\u00f3sito: 04\/08\/2016.<\/li>\n<\/ol>\n","protected":false},"excerpt":{"rendered":"","protected":false},"author":1096,"featured_media":0,"parent":0,"menu_order":0,"comment_status":"closed","ping_status":"closed","template":"","meta":{"footnotes":""},"_links":{"self":[{"href":"https:\/\/tecnologia.ufpr.br\/laberg\/wp-json\/wp\/v2\/pages\/236"}],"collection":[{"href":"https:\/\/tecnologia.ufpr.br\/laberg\/wp-json\/wp\/v2\/pages"}],"about":[{"href":"https:\/\/tecnologia.ufpr.br\/laberg\/wp-json\/wp\/v2\/types\/page"}],"author":[{"embeddable":true,"href":"https:\/\/tecnologia.ufpr.br\/laberg\/wp-json\/wp\/v2\/users\/1096"}],"replies":[{"embeddable":true,"href":"https:\/\/tecnologia.ufpr.br\/laberg\/wp-json\/wp\/v2\/comments?post=236"}],"version-history":[{"count":6,"href":"https:\/\/tecnologia.ufpr.br\/laberg\/wp-json\/wp\/v2\/pages\/236\/revisions"}],"predecessor-version":[{"id":246,"href":"https:\/\/tecnologia.ufpr.br\/laberg\/wp-json\/wp\/v2\/pages\/236\/revisions\/246"}],"wp:attachment":[{"href":"https:\/\/tecnologia.ufpr.br\/laberg\/wp-json\/wp\/v2\/media?parent=236"}],"curies":[{"name":"wp","href":"https:\/\/api.w.org\/{rel}","templated":true}]}}