{"id":232,"date":"2024-06-17T13:52:30","date_gmt":"2024-06-17T16:52:30","guid":{"rendered":"https:\/\/tecnologia.ufpr.br\/laberg\/?page_id=232"},"modified":"2024-06-18T10:21:16","modified_gmt":"2024-06-18T13:21:16","slug":"artigos","status":"publish","type":"page","link":"https:\/\/tecnologia.ufpr.br\/laberg\/artigos\/","title":{"rendered":"Artigos"},"content":{"rendered":"\n<p><strong>1.<\/strong> <a href=\"https:\/\/dialnet.unirioja.es\/servlet\/articulo?codigo=9327990\" target=\"_blank\" rel=\"noreferrer noopener\">Recomenda\u00e7\u00f5es para a fun\u00e7\u00e3o pr\u00e1tica de uso no Design de Base Popular: o caso dos vendedores ambulantes em S\u00e3o Lu\u00eds &#8211; MA<\/a>. Cuadernos Del Centro De Estudios De Dise\u00f1o Y Comunicaci\u00f3n, v. 209, p. 225-243, 2024. LIMA, A. L. O. ; DINIZ, R. ;&nbsp;OKIMOTO, MARIA L\u00daCIA L. R.&nbsp;.<\/p>\n\n\n\n<p><strong>2.<\/strong> <a href=\"http:\/\/dx.doi.org\/10.23972\/det2023iss27pp01-15\" target=\"_blank\" rel=\"noreferrer noopener\">Proposta de processo para o design de interfaces multimodais inclusivas em eletrodom\u00e9sticos<\/a>. DESIGN E TECNOLOGIA, v. 13, p. 01-15, 2023. LEITE ADAM, DOMINIQUE ;&nbsp;Leite Ribeiro Okimoto, Maria Lucia.<\/p>\n\n\n\n<p><strong>3.<\/strong> <a href=\"http:\/\/dx.doi.org\/10.29147\/datjournal.v8i2.720\" target=\"_blank\" rel=\"noreferrer noopener\">Mapping of ergonomic assessment tools.<\/a> DATJOURNAL DESIGN ART AND TECHNOLOGY, v. 8, p. 136-159, 2023. KLEIN, Alison Alfred ;&nbsp;Leite Ribeiro Okimoto, Maria Lucia.<\/p>\n\n\n\n<p><strong>4.<\/strong> <a href=\"http:\/\/dx.doi.org\/10.5965\/2316796312242023173\" target=\"_blank\" rel=\"noreferrer noopener\">Imagens audiot\u00e1teis para o ensino de artes: desenvolvimento de prot\u00f3tipos para a acessibilidade de pessoas cegas<\/a>. Human Factors in Design, v. 12, p. 173-179, 2023. MUNIZ, J\u00daLIA PEREIRA STEFFEN;&nbsp;OKIMOTO, MARIA L\u00daCIA LEITE RIBEIRO&nbsp;; BRAGA, RODRIGO ANTONIO MARQUES.<\/p>\n\n\n\n<p><strong>5.<\/strong> <a href=\"http:\/\/dx.doi.org\/10.5965\/2316796312242023013\" target=\"_blank\" rel=\"noreferrer noopener\">Integra\u00e7\u00e3o de Redes Universit\u00e1rias para o aprimoramento da Produ\u00e7\u00e3o de Tecnologia Assistiva<\/a>. Human Factors in Design, v. 12, p. 013-025, 2023. AMARAL, JULIO C\u00c9SAR DO ; CINELLI, MILTON JOS\u00c9 ; DOMENECH, SUSANA CRISTINA ; FERREIRA, MARCELO GITIRANA GOMES ; LAZZARI, ENRICO OLIVEIRA ; NICKEL, ELTON MOURA;&nbsp;OKIMOTO, MARIA L\u00daCIA LEITE RIBEIRO&nbsp;.<\/p>\n\n\n\n<p><strong>6.<\/strong> <a href=\"http:\/\/dx.doi.org\/10.35522\/eed.v30i1.1386\" target=\"_blank\" rel=\"noreferrer noopener\">See Color: Desenvolvimento de uma linguagem t\u00e1til das cores para pessoas com defici\u00eancia visual<\/a>. ESTUDOS EM DESIGN (ONLINE), v. 30, p. 75-90, 2022. MARCHI, S. R.&nbsp;; BRUNA BROGIN ;&nbsp;Maria L\u00facia Ribeiro Okimoto&nbsp;.<\/p>\n\n\n\n<p><strong>7.<\/strong> <a href=\"https:\/\/doi.org\/10.29147\/datjournal.v7i2.613\" target=\"_blank\" rel=\"noreferrer noopener\">Privacy by design and the privacy aspects of personal data in the context of inclusive design and services<\/a>. DATJOURNAL DESIGN ART AND TECHNOLOGY, v. 7(22), p. 179-197, 2022. OLIVEIRA, R. D. ; Barbosa.M.L.A. ; KLEIN, A. A. ; KISTMANN, V. B. ;&nbsp;OKIMOTO, M. L. L. R.&nbsp;.<\/p>\n\n\n\n<p><strong>8.<\/strong> <a href=\"http:\/\/dx.doi.org\/10.29147\/datjournal.v7i3.597\" target=\"_blank\" rel=\"noreferrer noopener\"><\/a><a href=\"http:\/\/dx.doi.org\/10.29147\/datjournal.v7i3.597\" target=\"_blank\" rel=\"noreferrer noopener\">Comparative study of rula evaluations using kinebot software. Datjournal design art and technology<\/a>, v. 7, p. 161-172, 2022. KLEIN, Alison Alfred ; CUNHA LEGEY, ANGELA LUIZA ; MOTTER, ARLETE ANA ; CASTRO, ESTEFANI SANTOS ;&nbsp;OKIMOTO, MARIA LUCIA LEITE RIBEIRO&nbsp;.<\/p>\n\n\n\n<p><strong>9.<\/strong> <a href=\"http:\/\/dx.doi.org\/10.5965\/2316796310192021070\" target=\"_blank\" rel=\"noreferrer noopener\">Explorando novas tecnologias para a Antropometria Sentada<\/a>. Human Factors in Design, v. 10, p. 70-83, 2021. SIERRA, ISABELLA DE SOUZA ;&nbsp;OKIMOTO, MARIA L\u00daCIA LEITE RIBEIRO&nbsp;.<\/p>\n\n\n\n<p><strong>10.<\/strong> <a href=\"http:\/\/dx.doi.org\/10.1590\/fm.2021.34115\" target=\"_blank\" rel=\"noreferrer noopener\">Prescription and development of adapted seating devices: learning from practice<\/a>. FISIOTERAPIA EM MOVIMENTO, v. 34, p. 2-11, 2021. SIERRA, ISABELLA DE SOUZA ;&nbsp;OKIMOTO, MARIA L\u00daCIA LEITE RIBEIRO&nbsp;.<\/p>\n\n\n\n<p><strong>11.<\/strong> <a href=\"http:\/\/dx.doi.org\/10.51358\/id.v18i1.828\" target=\"_blank\" rel=\"noreferrer noopener\">Os cegos e o aprendizado multim\u00eddia.<\/a> INFODESIGN (SBDI. ONLINE), v. 18, p. 1-15, 2021.SANCHES, E. C. P. ; BUENO, J. ;&nbsp;Leite Ribeiro Okimoto, Maria Lucia&nbsp;.<\/p>\n\n\n\n<p><strong>12.<\/strong> <a href=\"http:\/\/dx.doi.org\/10.5965\/2316796310202021094\" target=\"_blank\" rel=\"noreferrer noopener\">An\u00e1lise da tarefa de lavar roupas<\/a>. Human Factors in Design, v. 10, p. 94-112, 2021.Adam, Dominique Leite;&nbsp;OKIMOTO, MARIA LUCIA LEITE RIBEIRO.<\/p>\n\n\n\n<p><strong>13.<\/strong> <a href=\"http:\/\/dx.doi.org\/10.23972\/det2021iss22pp83-92\" target=\"_blank\" rel=\"noreferrer noopener\">Proposta de Protocolo de An\u00e1lise da Malha escaneada (MAP)<\/a>. DESIGN E TECNOLOGIA, v. 11, p. 83-92, 2021. SIERRA, ISABELLA DE SOUZA;&nbsp;Okimoto, Maria L\u00facia&nbsp;.<\/p>\n\n\n\n<p><strong>14.<\/strong> <a href=\"http:\/\/dx.doi.org\/10.22570\/ergodesignhci.v7iEspecial.1314\" target=\"_blank\" rel=\"noreferrer noopener\">Influ\u00eancia de fatores humanos na qualidade da malha para antropometria digital: tempo, postura e conforto<\/a>. ERGODESIGN &amp; HCI, v. 7, p. 192-206, 2020. SIERRA, I. S. ; BARBOSA, M. C. ; ROCHA, B. ;&nbsp;Maria L\u00facia Leite Ribeiro Okimoto&nbsp;.<\/p>\n\n\n\n<p><strong>15.<\/strong> <a href=\"http:\/\/dx.doi.org\/10.51358\/id.v17i1.713\" target=\"_blank\" rel=\"noreferrer noopener\">Sistema de Classifica\u00e7\u00e3o de Assento Adaptado (CAA) baseado na Classifica\u00e7\u00e3o Internacional de Funcionalidade (CIF) | Adapted Seat Classification System (CAS) based on the International Classification of Functionality<\/a> (ICF. INFODESIGN (SBDI. ONLINE), v. 17, p. 18-34, 2020. SIERRA, I. S.;&nbsp;OKIMOTO, M. L. L. R.<\/p>\n\n\n\n<p><strong>16.<\/strong> <a href=\"https:\/\/doi.org\/10.34624\/etd.v0i4.18162\" target=\"_blank\" rel=\"noreferrer noopener\">Projeto Cole\u00e7\u00e3o de Semij\u00f3ias: considerando o solo &#8216;tatuagem&#8217; do espet\u00e1culo de dan\u00e7a &#8216;Chico, Eu e Buarque&#8217;<\/a>. Revista dos Encontros Internacionais Ergotrip Design, v. N\u00c2\u00ba 4, p. 1-107, 2020. LIMA, A. L. O.;&nbsp;OKIMOTO, M. L. L. R.&nbsp;.<\/p>\n\n\n\n<p><strong>17.<\/strong> <a href=\"http:\/\/dx.doi.org\/10.36995\/j.recyt.2020.34.005\" target=\"_blank\" rel=\"noreferrer noopener\">Escaneo tridimensional de objetos a trav\u00e9s de materiales transparentes<\/a>. REVISTA CIENCIA E TECNOLOGIA, p. 37-44, 2020. SIERRA, I. S. ; ROSENMANN, G. C. ; FOGGIATTO, J. A. ; CATAPAN, M. F. ;&nbsp;OKIMOTO, M. L. L. R.&nbsp;.<\/p>\n\n\n\n<p><strong>18.<\/strong> <a href=\"http:\/\/dx.doi.org\/10.14488\/1676-1901.v19i2.2991\" target=\"_blank\" rel=\"noreferrer noopener\">Percep\u00e7\u00f5es pr\u00e1ticas sobre a adequa\u00e7\u00e3o de postos de trabalho de manufatura industrial para a inclus\u00e3o de pessoas com defici\u00eancia<\/a>. REVISTA PRODU\u00c7\u00c3O ONLINE, v. 19, p. 449-475, 2019. TEIXEIRA, E. M. ;&nbsp;OKIMOTO, MARIA LUCIA L.R.&nbsp;.<\/p>\n\n\n\n<p><strong>19.<\/strong> <a href=\"https:\/\/estudosemdesign.emnuvens.com.br\/design\/article\/view\/676\/0\" target=\"_blank\" rel=\"noreferrer noopener\">Disability studies e design: a dial\u00e9tica dos modelos de defici\u00eancia e de design<\/a>. ESTUDOS EM DESIGN (ONLINE), v. 27, p. 134-148, 2019. SIERRA, I. ;&nbsp;OKIMOTO, MARIA LUCIA L.R.&nbsp;; BECCARI, M. N. .<\/p>\n\n\n\n<p><strong>20.<\/strong> <a href=\"https:\/\/www.researchgate.net\/publication\/335337800_Analise_formativa_do_modelo_funcional_-_Luminaria_LED\" target=\"_blank\" rel=\"noreferrer noopener\">An\u00e1lise Formativa do modelo funcional-Lumin\u00e1ria LED<\/a>. A\u00c7\u00c3O ERGON\u00d4MICA, v. 13, p. 26-42, 2019. RODRIGUES, Y. W.&nbsp;;&nbsp;OKIMOTO, MARIA LUCIA L.R.&nbsp;; LASTRA, ERICK H.B. ; SILVA, C. M. A. .<\/p>\n\n\n\n<p><strong>21.<\/strong> <a href=\"https:\/\/www.educacaografica.inf.br\/artigos\/guia-visual-para-a-sistematizacao-de-metodos-de-posicionamento-de-pessoas-em-cadeira-de-rodas-visual-guide-for-methods-systematization-for-positioning-people-in-a-wheelchair\" target=\"_blank\" rel=\"noreferrer noopener\">Guia visual para a sistematiza\u00e7\u00e3o de m\u00e9todos de posicionamento de pessoas em cadeira de rodas \/ Visual guide for methods systematization for positioning people in a wheelchair<\/a>. REVISTA EDUCA\u00c7\u00c3O GR\u00c1FICA, v. 23, p. 133-152, 2019.SIERRA, I. ;&nbsp;OKIMOTO, MARIA LUCIA LEITE RIBEIRO&nbsp;; NICKEL, E. M. .<\/p>\n\n\n\n<p><strong>22.<\/strong> <a href=\"http:\/\/dx.doi.org\/10.19080\/CTFTTE.2019.04.555654\" target=\"_blank\" rel=\"noreferrer noopener\">Co-Wear: Functional Fashion Co-Creation Method with People with Disabilities Enables the Development of Functional and Inclusive Fashion Garments<\/a>. p:29-36, v. 5, p. 11-36, 2019. BROGIN, B.;&nbsp;Okimoto, Maria Lucia L.R<strong>.<\/strong>&nbsp;.<\/p>\n\n\n\n<p><strong>23.<\/strong> <a href=\"http:\/\/dx.doi.org\/10.4322\/pmd.2017.005\" target=\"_blank\" rel=\"noreferrer noopener\">Visual Perception of the Physical Affordances of a Fire Extinguisher using an Eye Tracking Device. Product Management &amp; Development<\/a>. v. 15, p. 45-55, 2017. RODRIGUES, Y. W. ; TEIXEIRA, EDSON SIDNEI MACIEL ; ALBACH, DULCE DE MEIRA ; WEISS, DALILA CAMPIGOTTO ;&nbsp;OKIMOTO, M. L. L. R.&nbsp;.<\/p>\n\n\n\n<p><strong>24.<\/strong> <a href=\"http:\/\/136.199.55.186\/rec\/conf\/ispe\/WeigertPRFVO16.html\" target=\"_blank\" rel=\"noreferrer noopener\">Indirect 3D scanning of the foot plant &#8211; Comparison between a medium and low-cost tools<\/a>. Advances in Transdisciplinary Engineering. v. 4, p. 614-621, 2016.&nbsp;WEIGERT, M. C. ; POIER, P. H. ; ROSENMANN, G. C. ; FOGGIATTO, J. A. ; VOLPATO, N. ;&nbsp;OKIMOTO, MARIA LUCIA R.&nbsp;.<\/p>\n\n\n\n<p><strong>25.<\/strong> <a href=\"https:\/\/estudosemdesign.emnuvens.com.br\/design\/article\/viewFile\/159\/179\" target=\"_blank\" rel=\"noreferrer noopener\">Design Universal para inclus\u00e3o de pessoas com defici\u00eancia em linhas de produ\u00e7\u00e3o indudustriais: an\u00e1lise estruturada de publica\u00e7\u00f5es<\/a>. Estudos em Design (Online), v. 23, p. 133-149-149, 2015. TEIXEIRA, EDSON S. MACIEL ;&nbsp;OKIMOTO, Maria Lucia R&nbsp;;&nbsp;HEEMANN, A.&nbsp;.<\/p>\n\n\n\n<p><strong>26.<\/strong> <a href=\"http:\/\/dx.doi.org\/10.1016\/j.promfg.2015.07.739\" target=\"_blank\" rel=\"noreferrer noopener\">User Experience in Augmented Reality Applied to the Welding Education<\/a>. Procedia Manufacturing, v. 3, p. 6223-6227, 2015.&nbsp;OKIMOTO, MARIA LUCIA L.R.; OKIMOTO, PAULO C\u00c9SAR ; GOLDBACH, CARLOS EDUARDO .<\/p>\n\n\n\n<p><strong>27.<\/strong> <a href=\"http:\/\/dx.doi.org\/10.1016\/j.promfg.2015.07.403\" target=\"_blank\" rel=\"noreferrer noopener\">Heuristic and Luminance of Assessment Functional LED Luminaire Model.<\/a> Procedia Manufacturing, v. 3, p. 4236-4243, 2015. RODRIGUES, YAGO W. ; LASTRA, ERICK H.B. ; SILVA, CAIO. M.A. ;&nbsp;OKIMOTO, MARIA LUCIA L.R.&nbsp;; DIETER, LU\u00cdSA. S. ; CATAPAN, MARCIO. F. .<\/p>\n\n\n\n<p><strong>28.<\/strong> <a href=\"http:\/\/dx.doi.org\/10.1016\/j.promfg.2015.07.471\" target=\"_blank\" rel=\"noreferrer noopener\">Requirements for Improving the Usability of Gym Equipment Located in Public Areas: The Case of Blind Users or Low Vision in Brazil<\/a>. Procedia Manufacturing, v. 3, p. 4550-4556, 2015. OLIVEIRA, SABRINA TALITA DE ;&nbsp;OKIMOTO, MARIA LUCIA LEITE RIBEIRO&nbsp;.<\/p>\n\n\n\n<p><strong>29.<\/strong> <a href=\"https:\/\/periodicos.udesc.br\/index.php\/hfd\/article\/view\/6669\" target=\"_blank\" rel=\"noreferrer noopener\">Projeto de babador para pessoas com defici\u00eancia intelectual: Kit Bibs<\/a>. Human Factors in Design, v. 4, p. 131-151, 2015. BROGIN, B. ; BATISTA, V. J. ;&nbsp;OKIMOTO, MARIA LUCIA LEITE RIBEIRO&nbsp;.<\/p>\n\n\n\n<p><strong>30.<\/strong> <a href=\"https:\/\/doi.org\/10.18624\/e-tech.v1i1.558\" target=\"_blank\" rel=\"noreferrer noopener\">Design de experi\u00eancia com produtos do vestu\u00e1rio a partir da perspectiva do usu\u00e1rio com defici\u00eancia motora<\/a>. E-tech: Tecnologias para Competitividade Industrial, v. 5, p. 53-73, 2015. BROGIN, B. ; BATISTA, V. J. ;&nbsp;OKIMOTO, MARIA LUCIA LEITE RIBEIRO&nbsp;.<\/p>\n\n\n\n<p><strong>31.<\/strong> <a href=\"https:\/\/periodicos.udesc.br\/index.php\/hfd\/article\/view\/6667\" target=\"_blank\" rel=\"noreferrer noopener\">Escaneameto tridimensional da cabe\u00e7a humana para a an\u00e1lise antropom\u00e9trica no uso de capacetes bal\u00edsticos<\/a>. Human Factors in Design, v. 4, p. 21-39, 2015. CATAPAN, M. ;&nbsp;OKIMOTO, MARIA LUCIA LEITE RIBEIRO&nbsp;; RODRIGUES, YAGO W. .<\/p>\n\n\n\n<p><strong>32.<\/strong> <a href=\"http:\/\/dx.doi.org\/10.1016\/j.promfg.2015.07.689\" target=\"_blank\" rel=\"noreferrer noopener\">Anthropometric Analysis of Human Head for Designing Ballistic Helmets<\/a>. PROCEDIA MANUFACTURING, v. 3, p. 5475-5481, 2015. CATAPAN, M. ;&nbsp;OKIMOTO, MARIA LUCIA LEITE RIBEIRO&nbsp;; RODRIGUES, YAGO W. ; Caio Marcio Almeida e Silva ; SANTANA, FABIO. E. .<\/p>\n\n\n\n<p><strong>33.<\/strong> An\u00e1lise de ensaios relativos ao uso intuitivo, com \u00eanfase na percep\u00e7\u00e3o, reconhecimentos e processamento do produto. A\u00e7\u00e3o Ergon\u00f4mica, v. 9, p. 11, 2014. SILVA, C. M. A. ;&nbsp;OKIMOTO, M&nbsp;.<\/p>\n\n\n\n<p><strong>34.<\/strong> <a href=\"https:\/\/link.springer.com\/chapter\/10.1007\/978-3-319-07668-3_31\" target=\"_blank\" rel=\"noreferrer noopener\">Evaluating Quality and Usability of the User interface: A practical Study on Comparing Methods with and without Users<\/a>. Lecture Notes in Computer Science, v. 8517, p. 318-328, 2014. SILVA, C. M. A. ;&nbsp;Macedo, V. D&nbsp;; Lemos, R.L. ;&nbsp;OKIMOTO, M. L. L. R.&nbsp;.<\/p>\n\n\n\n<p><strong>35.<\/strong> <a href=\"https:\/\/link.springer.com\/chapter\/10.1007\/978-3-319-07668-3_32\" target=\"_blank\" rel=\"noreferrer noopener\">Multicultural Text Entry: A Usability Study<\/a>. Lecture Notes in Computer Science, v. LNCS8517, p. 329-339, 2014. OLAVERRI, C. ; BENGLER, K. ;&nbsp;OKIMOTO, M. L. L. R.&nbsp;.<\/p>\n\n\n\n<p><strong>36.<\/strong> <a href=\"http:\/\/acervodigital.unesp.br\/handle\/11449\/135531\" target=\"_blank\" rel=\"noreferrer noopener\">Percep\u00e7\u00e3o de desconforto na utiliza\u00e7\u00e3o de um produto: ralador de queijo.<\/a> A\u00e7\u00e3o Ergon\u00f4mica, v. 9, n.1, p. 64-70, 2014. BOMFIM, G. ;&nbsp;SILVA, Jo\u00e3o C. R. P.&nbsp;; CAMPOS, L\u00edvia F. A. ; FERNANDES, F. R. ; LANUTTI, Jamile N. L.;&nbsp;PASCHOARELLI, L. C.&nbsp;;&nbsp;OKIMOTO, M. L. L. R.&nbsp;.<\/p>\n\n\n\n<p><strong>37.<\/strong> <a href=\"https:\/\/periodicos.udesc.br\/index.php\/hfd\/article\/view\/5672\" target=\"_blank\" rel=\"noreferrer noopener\">Design Universal E Acessibilidade: An\u00e1lise Ergonomica de Equipamentos de Gin\u00e1stica em Espa\u00e7os P\u00fablicos<\/a>. Human Factors in Design, v. 2, p. 127-144, 2013. OLIVEIRA, S. T.&nbsp;;&nbsp;OKIMOTO, M. L. L. R.&nbsp;;&nbsp;PASCHOARELLI, L. C.&nbsp;; CARVALHO, M. L. .<\/p>\n\n\n\n<p><strong>38.<\/strong> <a href=\"http:\/\/dx.doi.org\/10.3233\/WOR-2012-0203-503\" target=\"_blank\" rel=\"noreferrer noopener\">The utilization of infrared imaging for occupational disease study in industrial work<\/a>. WORK, v. 41, p. 503-509, 2012.&nbsp;Briosch,M. ;&nbsp;OKIMOTO, M. L. L. R.&nbsp;;&nbsp;Vargas,J.V.C.&nbsp;<\/p>\n\n\n\n<p><strong>39.<\/strong> <a href=\"http:\/\/dx.doi.org\/10.3233\/WOR-2012-0297-1160\" target=\"_blank\" rel=\"noreferrer noopener\">Developing an usability test to evaluate the use of augmented reality to improve the first interaction with a product<\/a>. Work: A Journal of Prevention, Assessment and Rehabilitation, v. 41, p. 1160-1163, 2012.&nbsp;GONCALVES, D. A. ;&nbsp;OKIMOTO, M. L. L. R.&nbsp;;&nbsp;GOMES FERREIRA, M. G.&nbsp;.<\/p>\n\n\n\n<p><strong>40.<\/strong> <a href=\"http:\/\/dx.doi.org\/10.3233\/WOR-2012-0069-4046\" target=\"_blank\" rel=\"noreferrer noopener\">Photogrammetry procedures applied to anthropometry<\/a>. WORK, v. 41, p. 4046-4052, 2012.&nbsp;OKIMOTO, M. L. L. R.; Klein, A. .<\/p>\n\n\n\n<p><strong>41.<\/strong> <a href=\"http:\/\/dx.doi.org\/10.3233\/WOR-2012-0301-1178\" target=\"_blank\" rel=\"noreferrer noopener\">Product perception from sensory stimuli: the case of vacuum cleaner<\/a>. Work: A Journal of Prevention, Assessment and Rehabilitation, v. 41, p. 1178-1184, 2012. Silva, C. M.A;&nbsp;OKIMOTO, M. L. L. R; TANURE, R. L.<\/p>\n\n\n\n<p><strong>42.<\/strong> <a href=\"http:\/\/dx.doi.org\/10.3233\/WOR-2012-0287-1094\" target=\"_blank\" rel=\"noreferrer noopener\">Product evaluation based in the association between intuition and tasks<\/a>. WORK, v. 41, p. 1094-1099, 2012. Silva,C. M.A ;&nbsp;OKIMOTO, M. L. L. R.&nbsp;; GONCALVES, D. A. ;&nbsp;CALIXTO, Cyntia&nbsp;; Costa, H. .<\/p>\n\n\n\n<p><strong>43.<\/strong> <a href=\"http:\/\/dx.doi.org\/10.3233\/WOR-2012-0272-968\" target=\"_blank\" rel=\"noreferrer noopener\">Similar methodological analysis involving the user experience<\/a>. WORK, v. 41, p. 968-975, 2012.&nbsp;Silva,C. M. A;&nbsp;OKIMOTO, M. L. L. R.&nbsp;; TANURE, R. L. .<\/p>\n\n\n\n<p><strong>44.<\/strong> <a href=\"http:\/\/dx.doi.org\/10.3233\/WOR-2012-0288-1100\" target=\"_blank\" rel=\"noreferrer noopener\">Design of experiment with emphasis on intuitive use<\/a>. WORK, v. 41, p. 1100-1107, 2012. Silva,C. M. A;&nbsp;OKIMOTO, M. L. L. R.&nbsp;.<\/p>\n\n\n\n<p><strong>45.<\/strong> <a href=\"http:\/\/www.educacaografica.inf.br\/artigos\/elementos-de-design-com-enfase-no-uso-intuitivo-como-estrategia-de-aplicacao-das-diretrizes-para-aprendizado-com-multimidia\" target=\"_blank\" rel=\"noreferrer noopener\">Elementos de design, com \u00eanfase no uso intuitivo, como estrat\u00e9gia de aplica\u00e7\u00e3o das diretrizes para aprendizado com multim\u00eddia<\/a>. Educa\u00e7\u00e3o Grafica, v. 15, p. 01-10, 2012. SILVA, C. M. A. ; Alves, M.;&nbsp;OKIMOTO, M. L. L. R.&nbsp;; Battaiola, A. .<\/p>\n\n\n\n<p><strong>46.<\/strong> <a href=\"http:\/\/dx.doi.org\/10.3233\/WOR-2012-0355-1572\" target=\"_blank\" rel=\"noreferrer noopener\">The effect of job rotation intervals on muscle fatigue? lactic acid<\/a>. WORK, v. 41, p. 1572-1581, 2012.&nbsp;FILLUS, R. ;&nbsp;OKIMOTO, M. L. L. R.&nbsp;.<\/p>\n\n\n\n<p><strong>47.<\/strong> <a href=\"http:\/\/dx.doi.org\/10.14488\/1676-1901.v11i3.710\" target=\"_blank\" rel=\"noreferrer noopener\">\u00cdndice de levantamento da equa\u00e7\u00e3o do NIOSH e lombalgia<\/a>. REVISTA PRODU\u00c7\u00c3O ONLINE, v. 11, p. 735, 2011. TEIXIERIA, E. R. ;&nbsp;OKIMOTO, M. L. L. R.&nbsp;;&nbsp;GONTIJO, L. A.&nbsp;.<\/p>\n\n\n\n<p><strong>48.<\/strong> <a href=\"https:\/\/app.periodikos.com.br\/journal\/abergo\/article\/627d5f74a9539508f77770e3\" target=\"_blank\" rel=\"noreferrer noopener\">A import\u00e2ncia da ergonomia e usabilidade no paradigma da sustentabilidade e de suas ferramentas para o design sustent\u00e1vel<\/a>. A\u00e7\u00e3o Ergon\u00f4mica, v. 5, p. 46-51, 2010. Lepre, P. ;&nbsp;OKIMOTO, M. L. L. R.&nbsp;;&nbsp;SANTOS, Aguinaldo dos.<\/p>\n\n\n\n<p><strong>49.<\/strong> <a href=\"http:\/\/dx.doi.org\/10.1016\/j.ergon.2008.07.007\" target=\"_blank\" rel=\"noreferrer noopener\">Proposed procedures for measuring the lifting task variables required by the Revised NIOSH Lifting Equation \u00bf A case study<\/a>. International Journal of Industrial Ergonomics, v. 39, p. 15-22, 2009.&nbsp;OKIMOTO, M. L. L. R.;&nbsp;TEIXEIRA, E&nbsp;.<\/p>\n\n\n\n<p><strong>50.<\/strong> <a href=\"https:\/\/www.eed.emnuvens.com.br\/design\/article\/view\/22\" target=\"_blank\" rel=\"noreferrer noopener\">Influ\u00eancia da cor das paredes e do layout das aberturas no aproveitamento da luz natural do ambiente<\/a>. Estudos em Design (Online), v. 16, p. 1-26, 2009. KR\u00dcGER, E. ;&nbsp;OKIMOTO, M. L. L. R.&nbsp;;&nbsp;MARCHI, S.&nbsp;.<\/p>\n\n\n\n<p><strong>51.<\/strong> Revis\u00e3o da aplica\u00e7\u00e3o de produtos biopol\u00edmeros obtidos pela reciclagem de pl\u00e1sticos em design. revista iberoamericana de polimeros, v. V10(5), p. 244-259, 2009. Araujo, Edmilson ;&nbsp;OKIMOTO, M. L. L. R.&nbsp;.<\/p>\n\n\n\n<p><strong>52.<\/strong> <a href=\"https:\/\/portaldeperiodicos.unibrasil.com.br\/index.php\/cadernosnegocios\/article\/view\/2168\" target=\"_blank\" rel=\"noreferrer noopener\">A multidisciplinaridade em busca dos direitos fundamentais dos profissionais da ind\u00fastria: uma revis\u00e3o te\u00f3rico-pr\u00e1tico sobre o tema<\/a>. Cadernos da Escola de Neg\u00f3cios da UniBrasil, v. V6, p. 1-21, 2008. BALBINOT, G. ;&nbsp;GONTIJO, L. A.&nbsp;;&nbsp;OKIMOTO, M. L. L. R.&nbsp;.<\/p>\n\n\n\n<p><strong>53.<\/strong> Procedimento para a avalia\u00e7\u00e3o quantitativa de usabilidade em pain\u00e9is de instrumentos. Revista D (Uniritter), v. 1, p. 81-100, 2007. OKIMOTO, M. L. L. R.;&nbsp;GUEDES, W. M.&nbsp;.<\/p>\n\n\n\n<p><strong>54<\/strong>. <a href=\"http:\/\/dx.doi.org\/10.1016\/j.ergon.2005.09.002\" target=\"_blank\" rel=\"noreferrer noopener\">The effect of handling products of different weights on trunk kinematics of supermarket cashiers<\/a>. INTERNATIONAL JOURNAL OF INDUSTRIAL ERGONOMICS, USA, v. 36, n.12, p. 129-134, 2006. OKIMOTO, M. L. L. R.;\u00a0RODACKI, Andr\u00e9 F\u00e9lix\u00a0; VIEIRA, Jo\u00e3o Eduardo A. ; FOWLER, Neil Edward ;\u00a0RODACKI, Cintia de Lourdes Nahhas\u00a0.<\/p>\n\n\n\n<p><strong>55.<\/strong> A cor no ambiente do trabalho. Estudos em Design, v. 1, p. 1, 2006. OKIMOTO, M. L. L. R.;&nbsp;MARCHI, S. R.&nbsp;<\/p>\n\n\n\n<p><strong>56.<\/strong> Estudo da cor no ambiente de trabalho ou estudo &#8211; uma revis\u00e3o te\u00f3rica. Estudos em Design, Rio de Janeiro, v. 11, n.n1, p. 29-41, 2004. OKIMOTO, M. L. L. R.;&nbsp;MARCHI, S. R.&nbsp;.<\/p>\n\n\n\n<p><strong>57.<\/strong> <a href=\"http:\/\/pepsic.bvsalud.org\/scielo.php?script=sci_arttext&amp;pid=S1984-66572004000100006\" target=\"_blank\" rel=\"noreferrer noopener\">Explicita\u00e7\u00e3o do conhecimento t\u00e1cito: um estudo de caso no setor industrial<\/a>. Psicologia (Florian\u00f3polis) (Cessou em 2008. Cont. ISSN 1984-6657 Revista Psicologia: Organiza\u00e7\u00f5es e Trabalho), Florian\u00f3plis-SC, v. 4, n.1, p. 123-150, 2004. OKIMOTO, M. L. L. R..<\/p>\n\n\n\n<p><strong>58.<\/strong> Capacidades de regenera\u00e7\u00e3o de \u00e1gua na regi\u00e3o metropolitana de curitiba: Busca de solu\u00e7\u00f5es atrav\u00e9s da gest\u00e3o ambiental siustent\u00e1vel. Educa\u00e7\u00e3o e Tecnologia, Curitiba-Pr, v. n.5, n.dezembro, p. 105-113, 1999. OKIMOTO, M. L. L. R.;&nbsp;KR\u00dcGER, Eduardo Leite&nbsp;.<\/p>\n","protected":false},"excerpt":{"rendered":"<p>1. Recomenda\u00e7\u00f5es para a fun\u00e7\u00e3o pr\u00e1tica de uso no Design de Base Popular: o caso dos vendedores ambulantes em S\u00e3o Lu\u00eds &#8211; MA. Cuadernos Del Centro De Estudios De Dise\u00f1o Y Comunicaci\u00f3n, v. 209, p. 225-243, 2024. LIMA, A. L&#8230;.<br \/><a class=\"read-more-button\" href=\"https:\/\/tecnologia.ufpr.br\/laberg\/artigos\/\">Read more<\/a><\/p>\n","protected":false},"author":1096,"featured_media":0,"parent":0,"menu_order":0,"comment_status":"closed","ping_status":"closed","template":"","meta":{"footnotes":""},"_links":{"self":[{"href":"https:\/\/tecnologia.ufpr.br\/laberg\/wp-json\/wp\/v2\/pages\/232"}],"collection":[{"href":"https:\/\/tecnologia.ufpr.br\/laberg\/wp-json\/wp\/v2\/pages"}],"about":[{"href":"https:\/\/tecnologia.ufpr.br\/laberg\/wp-json\/wp\/v2\/types\/page"}],"author":[{"embeddable":true,"href":"https:\/\/tecnologia.ufpr.br\/laberg\/wp-json\/wp\/v2\/users\/1096"}],"replies":[{"embeddable":true,"href":"https:\/\/tecnologia.ufpr.br\/laberg\/wp-json\/wp\/v2\/comments?post=232"}],"version-history":[{"count":34,"href":"https:\/\/tecnologia.ufpr.br\/laberg\/wp-json\/wp\/v2\/pages\/232\/revisions"}],"predecessor-version":[{"id":294,"href":"https:\/\/tecnologia.ufpr.br\/laberg\/wp-json\/wp\/v2\/pages\/232\/revisions\/294"}],"wp:attachment":[{"href":"https:\/\/tecnologia.ufpr.br\/laberg\/wp-json\/wp\/v2\/media?parent=232"}],"curies":[{"name":"wp","href":"https:\/\/api.w.org\/{rel}","templated":true}]}}