{"id":2,"date":"2022-12-22T19:12:01","date_gmt":"2022-12-22T22:12:01","guid":{"rendered":"https:\/\/tecnologia.ufpr.br\/laberg\/?page_id=2"},"modified":"2026-02-10T07:54:16","modified_gmt":"2026-02-10T10:54:16","slug":"equipe","status":"publish","type":"page","link":"https:\/\/tecnologia.ufpr.br\/laberg\/equipe\/","title":{"rendered":"Equipe"},"content":{"rendered":"\n<p><\/p>\n\n\n\n<figure class=\"wp-block-table is-style-regular\"><table class=\"has-fixed-layout\"><tbody><tr><td>Nome<\/td><td>E-mail | ResearchGate<\/td><\/tr><tr><td><a href=\"http:\/\/lattes.cnpq.br\/9724832203454429\" target=\"_blank\" rel=\"noreferrer noopener\">Profa. Dra. Maria Lucia Leite Ribeiro Okimoto<\/a><\/td><td>lucia.demec@ufpr.br<\/td><\/tr><tr><td><a rel=\"noreferrer noopener\" href=\"http:\/\/lattes.cnpq.br\/7063112693191458\" target=\"_blank\">Prof. Dr. Fl\u00e1vio Issao Kubota<\/a><\/td><td><a href=\"https:\/\/www.researchgate.net\/profile\/Flavio-Kubota\" target=\"_blank\" rel=\"noreferrer noopener\">flavio.kubota@ufpr.br<\/a><\/td><\/tr><tr><td><a rel=\"noreferrer noopener\" href=\"http:\/\/lattes.cnpq.br\/8976876044857869\" target=\"_blank\">Profa. Dra. Karin Graf<\/a><\/td><td><a href=\"https:\/\/www.researchgate.net\/profile\/Karin-Graf-3\" target=\"_blank\" rel=\"noreferrer noopener\">karin.graf@ufpr.br<\/a><\/td><\/tr><tr><td><a href=\"http:\/\/lattes.cnpq.br\/3245441653950953\" target=\"_blank\" rel=\"noreferrer noopener\">Alison Alfred Klein<\/a><\/td><td><a href=\"https:\/\/www.researchgate.net\/profile\/Alison-Klein-5\" target=\"_blank\" rel=\"noreferrer noopener\">alison.klein@ufpr.br<\/a><\/td><\/tr><tr><td><a href=\"http:\/\/lattes.cnpq.br\/6824739230868633\" data-type=\"URL\" data-id=\"http:\/\/lattes.cnpq.br\/6824739230868633\" target=\"_blank\" rel=\"noreferrer noopener\">Andr\u00e9 Lu\u00eds de Oliveira Lima<\/a><\/td><td><a href=\"https:\/\/www.researchgate.net\/profile\/Andre-Lima-46\" target=\"_blank\" rel=\"noreferrer noopener\">luis.andre@ufpr.br<\/a><\/td><\/tr><tr><td><a href=\"http:\/\/lattes.cnpq.br\/4445134784447724\" target=\"_blank\" rel=\"noreferrer noopener\">Andr\u00e9 Vitkoski Diogo dos Santos<\/a><\/td><td>andre.vitkoski@gmail.com<\/td><\/tr><tr><td><a href=\"http:\/\/lattes.cnpq.br\/5444824339541677\" target=\"_blank\" rel=\"noreferrer noopener\">Caelen Teger da Silva<\/a><\/td><td>caelen@ufpr.br<\/td><\/tr><tr><td><a href=\"http:\/\/lattes.cnpq.br\/9191855088083940\" target=\"_blank\" rel=\"noreferrer noopener\">Fabricio Torres Borghi<\/a><\/td><td><a href=\"https:\/\/www.researchgate.net\/profile\/Fabricio-Borghi-4\" target=\"_blank\" rel=\"noreferrer noopener\">fabricio.borghi@ufpr.br<\/a><\/td><\/tr><tr><td><a href=\"http:\/\/lattes.cnpq.br\/5222501172147807\" target=\"_blank\" rel=\"noreferrer noopener\">Julio Cesar do Amaral<\/a><\/td><td>julioamaraldesign@gmail.com<\/td><\/tr><tr><td><a href=\"http:\/\/lattes.cnpq.br\/3925779362621093\" target=\"_blank\" rel=\"noreferrer noopener\">Kenzo Piekas Fukushima<\/a><\/td><td>kenzo.fukushima@ufpr.br<\/td><\/tr><tr><td><a href=\"http:\/\/lattes.cnpq.br\/3954743975371531\" target=\"_blank\" rel=\"noreferrer noopener\">Maria Lilian de Ara\u00fajo Barbosa<\/a><\/td><td><a href=\"https:\/\/www.researchgate.net\/profile\/Maria-Lilian-Barbosa\" target=\"_blank\" rel=\"noreferrer noopener\">lilianbarbosa.designer@gmail.com<\/a><\/td><\/tr><tr><td><a href=\"http:\/\/lattes.cnpq.br\/9930236087132470\" target=\"_blank\" rel=\"noreferrer noopener\">Rodrigo Diego de Oliveira<\/a><\/td><td>rodrigodiego@ufpr.br<\/td><\/tr><tr><td><a href=\"http:\/\/lattes.cnpq.br\/8450426524851657\" target=\"_blank\" rel=\"noreferrer noopener\">Tayane Caroline Fiametti Camera<\/a><\/td><td>tayanecamera@ufpr.br<\/td><\/tr><tr><td><a href=\"https:\/\/lattes.cnpq.br\/0175128143141206\" target=\"_blank\" rel=\"noreferrer noopener\">Vinicius Luiz Lisboa Miguel<\/a><\/td><td><a href=\"https:\/\/www.researchgate.net\/profile\/Vinicius-Miguel-2\" target=\"_blank\" rel=\"noreferrer noopener\">viniciusluizlm@gmail.com<\/a><\/td><\/tr><\/tbody><\/table><\/figure>\n\n\n\n<p><strong>Pesquisadores volunt\u00e1rios<\/strong><br><a href=\"http:\/\/lattes.cnpq.br\/6022465145297496\" target=\"_blank\" rel=\"noreferrer noopener\">Sandra Regina Marchi<\/a><\/p>\n\n\n\n<p><strong>Egressos<\/strong><br><a href=\"http:\/\/lattes.cnpq.br\/8205007891050472\" target=\"_blank\" rel=\"noreferrer noopener\">Guilherme Henrique Karling<\/a><br>Leandro Chadanowicz<br><a href=\"http:\/\/lattes.cnpq.br\/1867485453207123\" target=\"_blank\" rel=\"noreferrer noopener\">Leonardo Piluski Bilinski<\/a><br><a href=\"http:\/\/lattes.cnpq.br\/5596062691323667\" target=\"_blank\" rel=\"noreferrer noopener\">Pedro Augusto Nickel A Quadros<\/a><\/p>\n","protected":false},"excerpt":{"rendered":"<p>Nome E-mail | ResearchGate Profa. Dra. Maria Lucia Leite Ribeiro Okimoto lucia.demec@ufpr.br Prof. Dr. Fl\u00e1vio Issao Kubota flavio.kubota@ufpr.br Profa. Dra. Karin Graf karin.graf@ufpr.br Alison Alfred Klein alison.klein@ufpr.br Andr\u00e9 Lu\u00eds de Oliveira Lima luis.andre@ufpr.br Andr\u00e9 Vitkoski Diogo dos Santos andre.vitkoski@gmail.com Caelen&#8230;<br \/><a class=\"read-more-button\" href=\"https:\/\/tecnologia.ufpr.br\/laberg\/equipe\/\">Read more<\/a><\/p>\n","protected":false},"author":1095,"featured_media":0,"parent":0,"menu_order":0,"comment_status":"closed","ping_status":"closed","template":"","meta":{"footnotes":""},"_links":{"self":[{"href":"https:\/\/tecnologia.ufpr.br\/laberg\/wp-json\/wp\/v2\/pages\/2"}],"collection":[{"href":"https:\/\/tecnologia.ufpr.br\/laberg\/wp-json\/wp\/v2\/pages"}],"about":[{"href":"https:\/\/tecnologia.ufpr.br\/laberg\/wp-json\/wp\/v2\/types\/page"}],"author":[{"embeddable":true,"href":"https:\/\/tecnologia.ufpr.br\/laberg\/wp-json\/wp\/v2\/users\/1095"}],"replies":[{"embeddable":true,"href":"https:\/\/tecnologia.ufpr.br\/laberg\/wp-json\/wp\/v2\/comments?post=2"}],"version-history":[{"count":28,"href":"https:\/\/tecnologia.ufpr.br\/laberg\/wp-json\/wp\/v2\/pages\/2\/revisions"}],"predecessor-version":[{"id":386,"href":"https:\/\/tecnologia.ufpr.br\/laberg\/wp-json\/wp\/v2\/pages\/2\/revisions\/386"}],"wp:attachment":[{"href":"https:\/\/tecnologia.ufpr.br\/laberg\/wp-json\/wp\/v2\/media?parent=2"}],"curies":[{"name":"wp","href":"https:\/\/api.w.org\/{rel}","templated":true}]}}