{"id":19,"date":"2023-02-06T17:46:55","date_gmt":"2023-02-06T20:46:55","guid":{"rendered":"https:\/\/tecnologia.ufpr.br\/laberg\/?page_id=19"},"modified":"2025-03-10T11:02:46","modified_gmt":"2025-03-10T14:02:46","slug":"contato","status":"publish","type":"page","link":"https:\/\/tecnologia.ufpr.br\/laberg\/contato\/","title":{"rendered":"Contato"},"content":{"rendered":"\n<p>Coordena\u00e7\u00e3o: Profa. Dra.\u00a0Maria Lucia Leite Ribeiro Okimoto<br>Vice Coordenador: Prof. Dr. Fl\u00e1vio Issao Kubota<br>e-mail: laberg@ufpr.br<\/p>\n\n\n\n<p>HomePage oficial: <a href=\"https:\/\/tecnologia.ufpr.br\/laberg\">https:\/\/tecnologia.ufpr.br\/laberg<\/a><br>Endere\u00e7o: Avenida Coronel Francisco Her\u00e1clito dos Santos,&nbsp;S\/N<br>Bloco IV do Setor de Tecnologia, Centro Polit\u00e9cnico (Campus III) da UFPR<br>Bairro Jardim das Am\u00e9ricas, Curitiba, PR<br>CEP 81531-980<br>Departamento de Engenharia Mec\u00e2nica<br>Mezanino do Pr\u00e9dio da Oficina Mec\u00e2nica \u2013 Usinagem<br>Telefone: (41) 3361-3703<\/p>\n\n\n\n<p>Mapa: <a href=\"https:\/\/goo.gl\/maps\/2sjyB9R5K6e87JPC8\" target=\"_blank\" rel=\"noreferrer noopener\">https:\/\/goo.gl\/maps\/2sjyB9R5K6e87JPC8<\/a><\/p>\n\n\n\n<p><\/p>\n","protected":false},"excerpt":{"rendered":"<p>Coordena\u00e7\u00e3o: Profa. Dra.\u00a0Maria Lucia Leite Ribeiro OkimotoVice Coordenador: Prof. Dr. Fl\u00e1vio Issao Kubotae-mail: laberg@ufpr.br HomePage oficial: https:\/\/tecnologia.ufpr.br\/labergEndere\u00e7o: Avenida Coronel Francisco Her\u00e1clito dos Santos,&nbsp;S\/NBloco IV do Setor de Tecnologia, Centro Polit\u00e9cnico (Campus III) da UFPRBairro Jardim das Am\u00e9ricas, Curitiba, PRCEP 81531-980Departamento&#8230;<br \/><a class=\"read-more-button\" href=\"https:\/\/tecnologia.ufpr.br\/laberg\/contato\/\">Read more<\/a><\/p>\n","protected":false},"author":1096,"featured_media":0,"parent":0,"menu_order":0,"comment_status":"closed","ping_status":"closed","template":"","meta":{"footnotes":""},"_links":{"self":[{"href":"https:\/\/tecnologia.ufpr.br\/laberg\/wp-json\/wp\/v2\/pages\/19"}],"collection":[{"href":"https:\/\/tecnologia.ufpr.br\/laberg\/wp-json\/wp\/v2\/pages"}],"about":[{"href":"https:\/\/tecnologia.ufpr.br\/laberg\/wp-json\/wp\/v2\/types\/page"}],"author":[{"embeddable":true,"href":"https:\/\/tecnologia.ufpr.br\/laberg\/wp-json\/wp\/v2\/users\/1096"}],"replies":[{"embeddable":true,"href":"https:\/\/tecnologia.ufpr.br\/laberg\/wp-json\/wp\/v2\/comments?post=19"}],"version-history":[{"count":8,"href":"https:\/\/tecnologia.ufpr.br\/laberg\/wp-json\/wp\/v2\/pages\/19\/revisions"}],"predecessor-version":[{"id":320,"href":"https:\/\/tecnologia.ufpr.br\/laberg\/wp-json\/wp\/v2\/pages\/19\/revisions\/320"}],"wp:attachment":[{"href":"https:\/\/tecnologia.ufpr.br\/laberg\/wp-json\/wp\/v2\/media?parent=19"}],"curies":[{"name":"wp","href":"https:\/\/api.w.org\/{rel}","templated":true}]}}