{"id":125,"date":"2023-06-21T16:06:19","date_gmt":"2023-06-21T19:06:19","guid":{"rendered":"https:\/\/tecnologia.ufpr.br\/laberg\/?page_id=125"},"modified":"2024-06-17T14:48:20","modified_gmt":"2024-06-17T17:48:20","slug":"linhas-de-pesquisa","status":"publish","type":"page","link":"https:\/\/tecnologia.ufpr.br\/laberg\/linhas-de-pesquisa\/","title":{"rendered":"Linhas de Pesquisa"},"content":{"rendered":"<ul>\n<li>Desenvolvimento de Produto<\/li>\n<li>Design e Usabilidade<\/li>\n<li>Ergonomia e Novas Tecnologias<\/li>\n<li>Design Inclusivo, Acessibilidade e Tecnologia Assistiva<\/li>\n<li>Simula\u00e7\u00e3o humana<\/li>\n<li>An\u00e1lise da atividade de trabalho<\/li>\n<li>Engenharia de produto<\/li>\n<\/ul>\n","protected":false},"excerpt":{"rendered":"<p>Desenvolvimento de Produto Design e Usabilidade Ergonomia e Novas Tecnologias Design Inclusivo, Acessibilidade e Tecnologia Assistiva Simula\u00e7\u00e3o humana An\u00e1lise da atividade de trabalho Engenharia de produto<\/p>\n","protected":false},"author":1096,"featured_media":0,"parent":0,"menu_order":0,"comment_status":"closed","ping_status":"closed","template":"","meta":{"footnotes":""},"_links":{"self":[{"href":"https:\/\/tecnologia.ufpr.br\/laberg\/wp-json\/wp\/v2\/pages\/125"}],"collection":[{"href":"https:\/\/tecnologia.ufpr.br\/laberg\/wp-json\/wp\/v2\/pages"}],"about":[{"href":"https:\/\/tecnologia.ufpr.br\/laberg\/wp-json\/wp\/v2\/types\/page"}],"author":[{"embeddable":true,"href":"https:\/\/tecnologia.ufpr.br\/laberg\/wp-json\/wp\/v2\/users\/1096"}],"replies":[{"embeddable":true,"href":"https:\/\/tecnologia.ufpr.br\/laberg\/wp-json\/wp\/v2\/comments?post=125"}],"version-history":[{"count":10,"href":"https:\/\/tecnologia.ufpr.br\/laberg\/wp-json\/wp\/v2\/pages\/125\/revisions"}],"predecessor-version":[{"id":251,"href":"https:\/\/tecnologia.ufpr.br\/laberg\/wp-json\/wp\/v2\/pages\/125\/revisions\/251"}],"wp:attachment":[{"href":"https:\/\/tecnologia.ufpr.br\/laberg\/wp-json\/wp\/v2\/media?parent=125"}],"curies":[{"name":"wp","href":"https:\/\/api.w.org\/{rel}","templated":true}]}}