{"id":24,"date":"2024-07-10T15:44:13","date_gmt":"2024-07-10T18:44:13","guid":{"rendered":"https:\/\/tecnologia.ufpr.br\/international\/?page_id=24"},"modified":"2025-09-20T18:56:11","modified_gmt":"2025-09-20T21:56:11","slug":"setor-de-tecnologia","status":"publish","type":"page","link":"https:\/\/tecnologia.ufpr.br\/international\/setor-de-tecnologia\/","title":{"rendered":"Technology Sector"},"content":{"rendered":"\n<p><\/p>\n\n\n\n<p class=\"has-medium-font-size\"><strong>The School of Engineering and Architecture<\/strong>&nbsp;<\/p>\n\n\n\n<p>Our university is one of the oldest in Brazil, and our undergraduate Civil Engineering program was established at its founding. The School of Engineering and Architecture was officially founded in 1947. As of 2025, we offer 8 undergraduate programs, 14 graduate programs, have over 5,000 students enrolled, 90 laboratories, nearly 300 faculty members, and 100 staff members.&nbsp;<\/p>\n\n\n\n<p>Our school maintains partnerships with major industries across the country, offering both internship and research opportunities. We also provide dozens of extracurricular activities through extension programs, which are mandatory in Brazil.&nbsp;<\/p>\n\n\n\n<p><strong>If you\u2019re interested in studying at UFPR \u2013 or if you\u2019d like to work with us, visit us or just know more about us:<\/strong>&nbsp;<\/p>\n\n\n\n<p>You can contact our International Relations Office \u2013 ERI (Escrit\u00f3rio de Rela\u00e7\u00f5es Internacionais, in Portuguese), and they will assist you with everything you need. If you\u2019re looking for specific information about the School of Engineering and Architecture, feel free to reach us at:&nbsp;<\/p>\n\n\n\n<p>\ud83d\udce7 <a href=\"mailto:tecnologia.internacional@ufpr.br\" target=\"_blank\" rel=\"noreferrer noopener\">tecnologia.internacional@ufpr.br<\/a>&nbsp;<\/p>\n","protected":false},"excerpt":{"rendered":"<p>The School of Engineering and Architecture&nbsp; Our university is one of the oldest in Brazil, and our undergraduate Civil Engineering program was established at its founding. The School of Engineering and Architecture was officially founded in 1947. As of 2025,&#8230;<br \/><a class=\"read-more-button\" href=\"https:\/\/tecnologia.ufpr.br\/international\/setor-de-tecnologia\/\">Read more<\/a><\/p>\n","protected":false},"author":1110,"featured_media":0,"parent":0,"menu_order":0,"comment_status":"closed","ping_status":"closed","template":"","meta":{"footnotes":""},"_links":{"self":[{"href":"https:\/\/tecnologia.ufpr.br\/international\/wp-json\/wp\/v2\/pages\/24"}],"collection":[{"href":"https:\/\/tecnologia.ufpr.br\/international\/wp-json\/wp\/v2\/pages"}],"about":[{"href":"https:\/\/tecnologia.ufpr.br\/international\/wp-json\/wp\/v2\/types\/page"}],"author":[{"embeddable":true,"href":"https:\/\/tecnologia.ufpr.br\/international\/wp-json\/wp\/v2\/users\/1110"}],"replies":[{"embeddable":true,"href":"https:\/\/tecnologia.ufpr.br\/international\/wp-json\/wp\/v2\/comments?post=24"}],"version-history":[{"count":4,"href":"https:\/\/tecnologia.ufpr.br\/international\/wp-json\/wp\/v2\/pages\/24\/revisions"}],"predecessor-version":[{"id":280,"href":"https:\/\/tecnologia.ufpr.br\/international\/wp-json\/wp\/v2\/pages\/24\/revisions\/280"}],"wp:attachment":[{"href":"https:\/\/tecnologia.ufpr.br\/international\/wp-json\/wp\/v2\/media?parent=24"}],"curies":[{"name":"wp","href":"https:\/\/api.w.org\/{rel}","templated":true}]}}