{"id":843,"date":"2021-03-15T10:53:56","date_gmt":"2021-03-15T13:53:56","guid":{"rendered":"https:\/\/demec.ufpr.br\/gvibs\/?page_id=843"},"modified":"2025-10-22T10:18:07","modified_gmt":"2025-10-22T13:18:07","slug":"conversor-optico-eletronico-fase-2","status":"publish","type":"page","link":"https:\/\/tecnologia.ufpr.br\/gvibs\/projetos\/caracterizacao-dinamica\/conversor-optico-eletronico-fase-2\/","title":{"rendered":"Conversor \u00f3ptico-eletr\u00f4nico &#8211; Fase 2"},"content":{"rendered":"<p>Desenvolvimento de sistema distribu\u00eddo de sensoriamento ac\u00fastico e de temperatura (DATS) para instala\u00e7\u00e3o em po\u00e7os submarinos. E estudo do desempenho ac\u00fastico e s\u00edsmico de cabos e fibras \u00f3pticas. Mais especificamente, espera-se ao final do per\u00edodo de realiza\u00e7\u00e3o do projeto, o desenvolvimento e constru\u00e7\u00e3o de sistema que atenda \u00e0s condi\u00e7\u00f5es operacionais encontradas em campo para realiza\u00e7\u00e3o de medi\u00e7\u00f5es ac\u00fasticas e de temperatura ao longo de po\u00e7os submarinos, empregando fibras \u00f3pticas. Valor total R$ 304.700,00.<\/p>\n<p>Projeto Financiado pela Petrobr\u00e1s (Petrobr\u00e1s\/UTFPR\/FUTEF)<\/p>\n<p>Per\u00edodo: 2018 &#8211; 2022 (finalizado)<\/p>\n\n\n<figure class=\"wp-block-image size-large\"><img loading=\"lazy\" decoding=\"async\" width=\"1024\" height=\"574\" src=\"https:\/\/tecnologia.ufpr.br\/gvibs\/wp-content\/uploads\/sites\/63\/2025\/10\/frederico-1024x574.jpeg\" alt=\"\" class=\"wp-image-1520\" srcset=\"https:\/\/tecnologia.ufpr.br\/gvibs\/wp-content\/uploads\/sites\/63\/2025\/10\/frederico-1024x574.jpeg 1024w, https:\/\/tecnologia.ufpr.br\/gvibs\/wp-content\/uploads\/sites\/63\/2025\/10\/frederico-300x168.jpeg 300w, https:\/\/tecnologia.ufpr.br\/gvibs\/wp-content\/uploads\/sites\/63\/2025\/10\/frederico-768x431.jpeg 768w, https:\/\/tecnologia.ufpr.br\/gvibs\/wp-content\/uploads\/sites\/63\/2025\/10\/frederico-18x10.jpeg 18w, https:\/\/tecnologia.ufpr.br\/gvibs\/wp-content\/uploads\/sites\/63\/2025\/10\/frederico-175x98.jpeg 175w, https:\/\/tecnologia.ufpr.br\/gvibs\/wp-content\/uploads\/sites\/63\/2025\/10\/frederico-75x42.jpeg 75w, https:\/\/tecnologia.ufpr.br\/gvibs\/wp-content\/uploads\/sites\/63\/2025\/10\/frederico.jpeg 1156w\" sizes=\"(max-width: 1024px) 100vw, 1024px\" \/><\/figure>\n","protected":false},"excerpt":{"rendered":"<p>Desenvolvimento de sistema distribu\u00eddo de sensoriamento ac\u00fastico e de temperatura (DATS) para instala\u00e7\u00e3o em po\u00e7os submarinos. E estudo do desempenho ac\u00fastico e s\u00edsmico de cabos [&hellip;]<\/p>\n","protected":false},"author":1113,"featured_media":0,"parent":710,"menu_order":0,"comment_status":"closed","ping_status":"closed","template":"","meta":{"footnotes":""},"_links":{"self":[{"href":"https:\/\/tecnologia.ufpr.br\/gvibs\/wp-json\/wp\/v2\/pages\/843"}],"collection":[{"href":"https:\/\/tecnologia.ufpr.br\/gvibs\/wp-json\/wp\/v2\/pages"}],"about":[{"href":"https:\/\/tecnologia.ufpr.br\/gvibs\/wp-json\/wp\/v2\/types\/page"}],"author":[{"embeddable":true,"href":"https:\/\/tecnologia.ufpr.br\/gvibs\/wp-json\/wp\/v2\/users\/1113"}],"replies":[{"embeddable":true,"href":"https:\/\/tecnologia.ufpr.br\/gvibs\/wp-json\/wp\/v2\/comments?post=843"}],"version-history":[{"count":4,"href":"https:\/\/tecnologia.ufpr.br\/gvibs\/wp-json\/wp\/v2\/pages\/843\/revisions"}],"predecessor-version":[{"id":1522,"href":"https:\/\/tecnologia.ufpr.br\/gvibs\/wp-json\/wp\/v2\/pages\/843\/revisions\/1522"}],"up":[{"embeddable":true,"href":"https:\/\/tecnologia.ufpr.br\/gvibs\/wp-json\/wp\/v2\/pages\/710"}],"wp:attachment":[{"href":"https:\/\/tecnologia.ufpr.br\/gvibs\/wp-json\/wp\/v2\/media?parent=843"}],"curies":[{"name":"wp","href":"https:\/\/api.w.org\/{rel}","templated":true}]}}