{"id":81,"date":"2013-08-14T16:37:30","date_gmt":"2013-08-14T19:37:30","guid":{"rendered":"https:\/\/demec.ufpr.br\/gvibs\/?page_id=81"},"modified":"2013-08-14T16:37:30","modified_gmt":"2013-08-14T19:37:30","slug":"links","status":"publish","type":"page","link":"https:\/\/tecnologia.ufpr.br\/gvibs\/links\/","title":{"rendered":"Links \u00dateis"},"content":{"rendered":"<table align=\"center\">\n<tbody>\n<tr>\n<td style=\"text-align: center\" colspan=\"3\"><strong>Programas de Apoio \u00e0 Pesquisa<br \/>\n<\/strong><\/td>\n<\/tr>\n<tr>\n<td style=\"padding-left: 45px\"><a href=\"http:\/\/www.pgmec.ufpr.br\/\" target=\"_blank\" rel=\"noopener\"><img loading=\"lazy\" decoding=\"async\" class=\"alignnone  wp-image-400\" src=\"https:\/\/tecnologia.ufpr.br\/gvibs\/wp-content\/uploads\/sites\/63\/2015\/09\/logo-pgmec.jpg\" alt=\"logo-pgmec\" width=\"140\" height=\"52\" \/><\/a><\/td>\n<td style=\"padding-left: 45px\"><a href=\"http:\/\/www.cnpq.br\/\" target=\"_blank\" rel=\"noopener\"><img loading=\"lazy\" decoding=\"async\" class=\"alignnone  wp-image-402\" src=\"https:\/\/tecnologia.ufpr.br\/gvibs\/wp-content\/uploads\/sites\/63\/2015\/09\/logo-CNPq.png\" alt=\"logo-CNPq\" width=\"93\" height=\"59\" \/><\/a><\/td>\n<td style=\"padding-left: 45px\"><a href=\"http:\/\/www.capes.gov.br\/\" target=\"_blank\" rel=\"noopener\"><img loading=\"lazy\" decoding=\"async\" class=\"alignnone  wp-image-403\" src=\"https:\/\/tecnologia.ufpr.br\/gvibs\/wp-content\/uploads\/sites\/63\/2015\/09\/logo-Capes.png\" alt=\"logo-Capes\" width=\"89\" height=\"63\" \/><\/a><\/td>\n<\/tr>\n<tr>\n<td style=\"text-align: center\" width=\"185\"><a href=\"http:\/\/www.pgmec.ufpr.br\/\" target=\"_blank\" rel=\"noopener\">Programa de P\u00f3s Gradua\u00e7\u00e3o em Engenharia Mec\u00e2nica\/UFPR<\/a><\/td>\n<td style=\"text-align: center\" width=\"185\"><a href=\"http:\/\/www.cnpq.br\/\" target=\"_blank\" rel=\"noopener\">Conselho Nacional de Desenvolvimento Cient\u00edfico e Tecnol\u00f3gico<\/a><\/td>\n<td style=\"text-align: center\" width=\"185\"><a href=\"http:\/\/www.capes.gov.br\/\" target=\"_blank\" rel=\"noopener\">Coordena\u00e7\u00e3o de Aperfei\u00e7oamento de Pessoal de N\u00edvel Superior<\/a><\/td>\n<\/tr>\n<tr>\n<td style=\"text-align: center\" colspan=\"3\"><strong>Institucional<\/strong><\/td>\n<\/tr>\n<tr>\n<td style=\"padding-left: 45px\"><a href=\"http:\/\/www.prppg.ufpr.br\/\" target=\"_blank\" rel=\"noopener\"><img loading=\"lazy\" decoding=\"async\" class=\"alignnone  wp-image-404\" src=\"https:\/\/tecnologia.ufpr.br\/gvibs\/wp-content\/uploads\/sites\/63\/2015\/09\/logo-prppg_ufpr.png\" alt=\"logo-prppg_ufpr\" width=\"80\" height=\"48\" \/><\/a><\/td>\n<td style=\"padding-left: 45px\"><a href=\"http:\/\/www.ufpr.br\/\" target=\"_blank\" rel=\"noopener\"><img loading=\"lazy\" decoding=\"async\" class=\"alignnone  wp-image-408\" src=\"https:\/\/tecnologia.ufpr.br\/gvibs\/wp-content\/uploads\/sites\/63\/2015\/09\/logo-UFPR.png\" alt=\"logo-UFPR\" width=\"80\" height=\"48\" \/><\/a><\/td>\n<td style=\"padding-left: 45px\"><a href=\"http:\/\/www.proplan.ufpr.br\/\" target=\"_blank\" rel=\"noopener\"><img loading=\"lazy\" decoding=\"async\" class=\"  wp-image-411 alignnone\" src=\"https:\/\/tecnologia.ufpr.br\/gvibs\/wp-content\/uploads\/sites\/63\/2015\/09\/logo_proplan.jpg\" alt=\"logo_proplan\" width=\"130\" height=\"28\" srcset=\"https:\/\/tecnologia.ufpr.br\/gvibs\/wp-content\/uploads\/sites\/63\/2015\/09\/logo_proplan.jpg 875w, https:\/\/tecnologia.ufpr.br\/gvibs\/wp-content\/uploads\/sites\/63\/2015\/09\/logo_proplan-300x65.jpg 300w, https:\/\/tecnologia.ufpr.br\/gvibs\/wp-content\/uploads\/sites\/63\/2015\/09\/logo_proplan-768x167.jpg 768w\" sizes=\"(max-width: 130px) 100vw, 130px\" \/><\/a><\/td>\n<\/tr>\n<tr>\n<td style=\"text-align: center\" width=\"185\"><a href=\"http:\/\/www.prppg.ufpr.br\/\" target=\"_blank\" rel=\"noopener\">Pr\u00f3 Reitoria de Pesquisa e P\u00f3s-Gradua\u00e7\u00e3o\/UFPR<\/a><\/td>\n<td style=\"text-align: center\" width=\"185\"><a href=\"http:\/\/www.ufpr.br\/\" target=\"_blank\" rel=\"noopener\">Universidade Federaldo Paran\u00e1\/UFPR<\/a><\/td>\n<td style=\"text-align: center\" width=\"185\">\u00a0<a href=\"http:\/\/www.proplan.ufpr.br\/\" target=\"_blank\" rel=\"noopener\">Pr\u00f3-Reitoria de Planejamento, Or\u00e7amento e Finan\u00e7as\/UFPR<\/a><\/td>\n<\/tr>\n<tr>\n<td style=\"text-align: center\" colspan=\"3\"><strong>Outros links<br \/>\n<\/strong><\/td>\n<\/tr>\n<tr>\n<td style=\"padding-left: 45px\">\u00a0<a href=\"http:\/\/www-periodicos-capes-gov-br.ez22.periodicos.capes.gov.br\/index.php?option=com_phome\" target=\"_blank\" rel=\"noopener\"><img loading=\"lazy\" decoding=\"async\" class=\"  wp-image-406 alignnone\" src=\"https:\/\/tecnologia.ufpr.br\/gvibs\/wp-content\/uploads\/sites\/63\/2015\/09\/logo-periodicos.png\" alt=\"logo-periodicos\" width=\"78\" height=\"52\" \/><\/a><\/td>\n<td style=\"padding-left: 45px\">\u00a0<a href=\"https:\/\/sucupira.capes.gov.br\/sucupira\/public\/consultas\/coleta\/veiculoPublicacaoQualis\/listaConsultaGeralPeriodicos.jsf\" target=\"_blank\" rel=\"noopener\"><img loading=\"lazy\" decoding=\"async\" class=\" size-full wp-image-405 alignnone\" src=\"https:\/\/tecnologia.ufpr.br\/gvibs\/wp-content\/uploads\/sites\/63\/2015\/09\/logo-webqualis.jpg\" alt=\"logo-webqualis\" width=\"113\" height=\"36\" \/><\/a><\/td>\n<td style=\"padding-left: 45px\">\u00a0<a href=\"http:\/\/www.inovacao.ufpr.br\/node\/13#set\" target=\"_blank\" rel=\"noopener\"><img loading=\"lazy\" decoding=\"async\" class=\"alignnone  wp-image-459\" src=\"https:\/\/tecnologia.ufpr.br\/gvibs\/wp-content\/uploads\/sites\/63\/2015\/09\/logo-agenciainovacao.jpg\" alt=\"logo-agenciainovacao\" width=\"89\" height=\"57\" \/><\/a><\/td>\n<\/tr>\n<tr>\n<td style=\"text-align: center\" width=\"185\"><a href=\"http:\/\/www-periodicos-capes-gov-br.ez22.periodicos.capes.gov.br\/index.php?option=com_phome\" target=\"_blank\" rel=\"noopener\">Peri\u00f3dicos &#8211; CAPES<\/a><\/td>\n<td style=\"text-align: center\" width=\"185\"><a href=\"https:\/\/sucupira.capes.gov.br\/sucupira\/public\/consultas\/coleta\/veiculoPublicacaoQualis\/listaConsultaGeralPeriodicos.jsf\" target=\"_blank\" rel=\"noopener\">Peri\u00f3dicos Qualis <\/a><\/td>\n<td width=\"185\"><a href=\"http:\/\/www.inovacao.ufpr.br\/node\/13#set\" target=\"_blank\" rel=\"noopener\"> Ag\u00eancia de Inova\u00e7\u00e3o <\/a><\/td>\n<\/tr>\n<\/tbody>\n<\/table>\n<p>&nbsp;<\/p>\n<p>Em constru\u00e7\u00e3o<\/p>\n","protected":false},"excerpt":{"rendered":"<p>Programas de Apoio \u00e0 Pesquisa Programa de P\u00f3s Gradua\u00e7\u00e3o em Engenharia Mec\u00e2nica\/UFPR Conselho Nacional de Desenvolvimento Cient\u00edfico e Tecnol\u00f3gico Coordena\u00e7\u00e3o de Aperfei\u00e7oamento de Pessoal de [&hellip;]<\/p>\n","protected":false},"author":1113,"featured_media":0,"parent":0,"menu_order":0,"comment_status":"open","ping_status":"open","template":"","meta":{"footnotes":""},"_links":{"self":[{"href":"https:\/\/tecnologia.ufpr.br\/gvibs\/wp-json\/wp\/v2\/pages\/81"}],"collection":[{"href":"https:\/\/tecnologia.ufpr.br\/gvibs\/wp-json\/wp\/v2\/pages"}],"about":[{"href":"https:\/\/tecnologia.ufpr.br\/gvibs\/wp-json\/wp\/v2\/types\/page"}],"author":[{"embeddable":true,"href":"https:\/\/tecnologia.ufpr.br\/gvibs\/wp-json\/wp\/v2\/users\/1113"}],"replies":[{"embeddable":true,"href":"https:\/\/tecnologia.ufpr.br\/gvibs\/wp-json\/wp\/v2\/comments?post=81"}],"version-history":[{"count":1,"href":"https:\/\/tecnologia.ufpr.br\/gvibs\/wp-json\/wp\/v2\/pages\/81\/revisions"}],"predecessor-version":[{"id":1388,"href":"https:\/\/tecnologia.ufpr.br\/gvibs\/wp-json\/wp\/v2\/pages\/81\/revisions\/1388"}],"wp:attachment":[{"href":"https:\/\/tecnologia.ufpr.br\/gvibs\/wp-json\/wp\/v2\/media?parent=81"}],"curies":[{"name":"wp","href":"https:\/\/api.w.org\/{rel}","templated":true}]}}