{"id":76,"date":"2013-08-14T16:35:51","date_gmt":"2013-08-14T19:35:51","guid":{"rendered":"https:\/\/demec.ufpr.br\/gvibs\/?page_id=76"},"modified":"2024-09-05T19:34:32","modified_gmt":"2024-09-05T22:34:32","slug":"material-didatico","status":"publish","type":"page","link":"https:\/\/tecnologia.ufpr.br\/gvibs\/material-didatico\/","title":{"rendered":"P\u00f3s Gradua\u00e7\u00e3o"},"content":{"rendered":"<p><a href=\"https:\/\/www.prppg.ufpr.br\/site\/ppgmec\/pb\/disciplinas\/\">As disciplinas ministradas pelo grupo na p\u00f3s-gradua\u00e7\u00e3o s\u00e3o<\/a>:<\/p>\n<p>\u00a0<\/p>\n\n\n<figure class=\"wp-block-table\"><table><tbody><tr><td>\u00c1lgebra Linear Aplicada\u00a0 <\/td><td>1eiro trimestre<\/td><\/tr><tr><td>Fundamentos de Mec\u00e2nica dos S\u00f3lidos\u00a0 \u00a0 \u00a0<\/td><td>1eiro trimestre<\/td><\/tr><tr><td>Fundamentos de Vibra\u00e7\u00f5es\u00a0<\/td><td>1eiro trimestre<\/td><\/tr><tr><td>T\u00e9cnicas de Otimiza\u00e7\u00e3o n\u00e3o linear<\/td><td>2ndo trimestre<\/td><\/tr><tr><td>Fundamentos de Processamento de Sinais<\/td><td>2ndo trimestre<\/td><\/tr><tr><td>M\u00e9todo dos Elementos Finitos I e II\u00a0<\/td><td>2ndo trimestre<\/td><\/tr><tr><td>An\u00e1lise Modal de Sistemas Mec\u00e2nicos<\/td><td>2ndo trimestre<\/td><\/tr><tr><td>Controle Passivo de Vibra\u00e7\u00f5es<\/td><td>3ero trimestre<\/td><\/tr><tr><td>Controle Ativo de Vibra\u00e7\u00f5es\u00a0<\/td><td>3ero trimestre<\/td><\/tr><tr><td>Vibra\u00e7\u00f5es Aleat\u00f3rias\u00a0<\/td><td>3ero trimestre<\/td><\/tr><tr><td>Aprendizagem de M\u00e1quinas\u00a0 \u00a0<\/td><td>3ero trimestre<\/td><\/tr><tr><td>T\u00f3picos Especiais em Engenharia Mec\u00e2nica I e II\u00a0 \u00a0<\/td><td>3ero trimestre<\/td><\/tr><\/tbody><\/table><\/figure>\n","protected":false},"excerpt":{"rendered":"<p>As disciplinas ministradas pelo grupo na p\u00f3s-gradua\u00e7\u00e3o s\u00e3o: \u00a0 \u00c1lgebra Linear Aplicada\u00a0 1eiro trimestre Fundamentos de Mec\u00e2nica dos S\u00f3lidos\u00a0 \u00a0 \u00a0 1eiro trimestre Fundamentos de [&hellip;]<\/p>\n","protected":false},"author":1113,"featured_media":0,"parent":0,"menu_order":0,"comment_status":"open","ping_status":"open","template":"","meta":{"footnotes":""},"_links":{"self":[{"href":"https:\/\/tecnologia.ufpr.br\/gvibs\/wp-json\/wp\/v2\/pages\/76"}],"collection":[{"href":"https:\/\/tecnologia.ufpr.br\/gvibs\/wp-json\/wp\/v2\/pages"}],"about":[{"href":"https:\/\/tecnologia.ufpr.br\/gvibs\/wp-json\/wp\/v2\/types\/page"}],"author":[{"embeddable":true,"href":"https:\/\/tecnologia.ufpr.br\/gvibs\/wp-json\/wp\/v2\/users\/1113"}],"replies":[{"embeddable":true,"href":"https:\/\/tecnologia.ufpr.br\/gvibs\/wp-json\/wp\/v2\/comments?post=76"}],"version-history":[{"count":6,"href":"https:\/\/tecnologia.ufpr.br\/gvibs\/wp-json\/wp\/v2\/pages\/76\/revisions"}],"predecessor-version":[{"id":1329,"href":"https:\/\/tecnologia.ufpr.br\/gvibs\/wp-json\/wp\/v2\/pages\/76\/revisions\/1329"}],"wp:attachment":[{"href":"https:\/\/tecnologia.ufpr.br\/gvibs\/wp-json\/wp\/v2\/media?parent=76"}],"curies":[{"name":"wp","href":"https:\/\/api.w.org\/{rel}","templated":true}]}}