{"id":72,"date":"2013-08-14T16:35:14","date_gmt":"2013-08-14T19:35:14","guid":{"rendered":"https:\/\/demec.ufpr.br\/gvibs\/?page_id=72"},"modified":"2013-08-14T16:35:14","modified_gmt":"2013-08-14T19:35:14","slug":"iniciacao-cientifica","status":"publish","type":"page","link":"https:\/\/tecnologia.ufpr.br\/gvibs\/publicacoes\/iniciacao-cientifica\/","title":{"rendered":"Inicia\u00e7\u00e3o cient\u00edfica"},"content":{"rendered":"<p>&nbsp;<\/p>\n<p>Os trabalhos cient\u00edficos do grupo GVIBS podem ser encontrados nos\u00a0 respectivos curriculum vitae dos seus membros:<\/p>\n<p>&nbsp;<\/p>\n<ul>\n<li><a href=\"http:\/\/lattes.cnpq.br\/5492419330148344\" target=\"_blank\" rel=\"noopener\">Carlos Alberto Bavastri<\/a><\/li>\n<li><a href=\"http:\/\/lattes.cnpq.br\/6265884057614031\" target=\"_blank\" rel=\"noopener\">Eduardo M\u00e1rcio de Oliveira Lopes<\/a><\/li>\n<li><a href=\"http:\/\/lattes.cnpq.br\/7993339658563712\" target=\"_blank\" rel=\"noopener\">Giuliana Sardi Venter<\/a><\/li>\n<li><a href=\"http:\/\/lattes.cnpq.br\/3258218450203612\" target=\"_blank\" rel=\"noopener\">Juc\u00e9lio Tom\u00e1s Pereira<\/a><\/li>\n<\/ul>\n","protected":false},"excerpt":{"rendered":"<p>&nbsp; Os trabalhos cient\u00edficos do grupo GVIBS podem ser encontrados nos\u00a0 respectivos curriculum vitae dos seus membros: &nbsp; Carlos Alberto Bavastri Eduardo M\u00e1rcio de Oliveira [&hellip;]<\/p>\n","protected":false},"author":1113,"featured_media":0,"parent":36,"menu_order":0,"comment_status":"open","ping_status":"closed","template":"","meta":{"footnotes":""},"_links":{"self":[{"href":"https:\/\/tecnologia.ufpr.br\/gvibs\/wp-json\/wp\/v2\/pages\/72"}],"collection":[{"href":"https:\/\/tecnologia.ufpr.br\/gvibs\/wp-json\/wp\/v2\/pages"}],"about":[{"href":"https:\/\/tecnologia.ufpr.br\/gvibs\/wp-json\/wp\/v2\/types\/page"}],"author":[{"embeddable":true,"href":"https:\/\/tecnologia.ufpr.br\/gvibs\/wp-json\/wp\/v2\/users\/1113"}],"replies":[{"embeddable":true,"href":"https:\/\/tecnologia.ufpr.br\/gvibs\/wp-json\/wp\/v2\/comments?post=72"}],"version-history":[{"count":0,"href":"https:\/\/tecnologia.ufpr.br\/gvibs\/wp-json\/wp\/v2\/pages\/72\/revisions"}],"up":[{"embeddable":true,"href":"https:\/\/tecnologia.ufpr.br\/gvibs\/wp-json\/wp\/v2\/pages\/36"}],"wp:attachment":[{"href":"https:\/\/tecnologia.ufpr.br\/gvibs\/wp-json\/wp\/v2\/media?parent=72"}],"curies":[{"name":"wp","href":"https:\/\/api.w.org\/{rel}","templated":true}]}}