{"id":70,"date":"2013-08-14T16:34:12","date_gmt":"2013-08-14T19:34:12","guid":{"rendered":"https:\/\/demec.ufpr.br\/gvibs\/?page_id=70"},"modified":"2024-10-03T18:08:57","modified_gmt":"2024-10-03T21:08:57","slug":"dissertacoes","status":"publish","type":"page","link":"https:\/\/tecnologia.ufpr.br\/gvibs\/publicacoes\/dissertacoes\/","title":{"rendered":"Disserta\u00e7\u00f5es"},"content":{"rendered":"<p>Os trabalhos de conclus\u00e3o de mestrado encontram-se na pagina do\u00a0<a href=\"https:\/\/www.prppg.ufpr.br\/site\/ppgmec\/pb\/trabalhos-de-conclusao\/\" target=\"_blank\" rel=\"noopener\">PGMEC<\/a>.<\/p>\n<p>Estes trabalhos s\u00e3o divididos por ano de conclus\u00e3o e consta o aluno, t\u00edtulo do trabalho, categoria (mestrado ou doutorado), orientador e o trabalho.<\/p>\n","protected":false},"excerpt":{"rendered":"<p>Os trabalhos de conclus\u00e3o de mestrado encontram-se na pagina do\u00a0PGMEC. Estes trabalhos s\u00e3o divididos por ano de conclus\u00e3o e consta o aluno, t\u00edtulo do trabalho, [&hellip;]<\/p>\n","protected":false},"author":1113,"featured_media":0,"parent":36,"menu_order":0,"comment_status":"open","ping_status":"closed","template":"","meta":{"footnotes":""},"_links":{"self":[{"href":"https:\/\/tecnologia.ufpr.br\/gvibs\/wp-json\/wp\/v2\/pages\/70"}],"collection":[{"href":"https:\/\/tecnologia.ufpr.br\/gvibs\/wp-json\/wp\/v2\/pages"}],"about":[{"href":"https:\/\/tecnologia.ufpr.br\/gvibs\/wp-json\/wp\/v2\/types\/page"}],"author":[{"embeddable":true,"href":"https:\/\/tecnologia.ufpr.br\/gvibs\/wp-json\/wp\/v2\/users\/1113"}],"replies":[{"embeddable":true,"href":"https:\/\/tecnologia.ufpr.br\/gvibs\/wp-json\/wp\/v2\/comments?post=70"}],"version-history":[{"count":2,"href":"https:\/\/tecnologia.ufpr.br\/gvibs\/wp-json\/wp\/v2\/pages\/70\/revisions"}],"predecessor-version":[{"id":1346,"href":"https:\/\/tecnologia.ufpr.br\/gvibs\/wp-json\/wp\/v2\/pages\/70\/revisions\/1346"}],"up":[{"embeddable":true,"href":"https:\/\/tecnologia.ufpr.br\/gvibs\/wp-json\/wp\/v2\/pages\/36"}],"wp:attachment":[{"href":"https:\/\/tecnologia.ufpr.br\/gvibs\/wp-json\/wp\/v2\/media?parent=70"}],"curies":[{"name":"wp","href":"https:\/\/api.w.org\/{rel}","templated":true}]}}