{"id":68,"date":"2013-08-14T16:33:47","date_gmt":"2013-08-14T19:33:47","guid":{"rendered":"https:\/\/demec.ufpr.br\/gvibs\/?page_id=68"},"modified":"2024-10-03T18:06:44","modified_gmt":"2024-10-03T21:06:44","slug":"teses","status":"publish","type":"page","link":"https:\/\/tecnologia.ufpr.br\/gvibs\/publicacoes\/teses\/","title":{"rendered":"Teses"},"content":{"rendered":"<p>Os trabalhos de conclus\u00e3o de doutorado encontram-se na pagina do <a href=\"https:\/\/www.prppg.ufpr.br\/site\/ppgmec\/pb\/trabalhos-de-conclusao\/\" target=\"_blank\" rel=\"noopener\">PGMEC<\/a>.<\/p>\n<p>Estes trabalhos s\u00e3o divididos por ano de conclus\u00e3o e consta o aluno, t\u00edtulo do trabalho, categoria (mestrado ou doutorado), orientador e o trabalho.<\/p>\n","protected":false},"excerpt":{"rendered":"<p>Os trabalhos de conclus\u00e3o de doutorado encontram-se na pagina do PGMEC. Estes trabalhos s\u00e3o divididos por ano de conclus\u00e3o e consta o aluno, t\u00edtulo do [&hellip;]<\/p>\n","protected":false},"author":1113,"featured_media":0,"parent":36,"menu_order":0,"comment_status":"open","ping_status":"closed","template":"","meta":{"footnotes":""},"_links":{"self":[{"href":"https:\/\/tecnologia.ufpr.br\/gvibs\/wp-json\/wp\/v2\/pages\/68"}],"collection":[{"href":"https:\/\/tecnologia.ufpr.br\/gvibs\/wp-json\/wp\/v2\/pages"}],"about":[{"href":"https:\/\/tecnologia.ufpr.br\/gvibs\/wp-json\/wp\/v2\/types\/page"}],"author":[{"embeddable":true,"href":"https:\/\/tecnologia.ufpr.br\/gvibs\/wp-json\/wp\/v2\/users\/1113"}],"replies":[{"embeddable":true,"href":"https:\/\/tecnologia.ufpr.br\/gvibs\/wp-json\/wp\/v2\/comments?post=68"}],"version-history":[{"count":2,"href":"https:\/\/tecnologia.ufpr.br\/gvibs\/wp-json\/wp\/v2\/pages\/68\/revisions"}],"predecessor-version":[{"id":1345,"href":"https:\/\/tecnologia.ufpr.br\/gvibs\/wp-json\/wp\/v2\/pages\/68\/revisions\/1345"}],"up":[{"embeddable":true,"href":"https:\/\/tecnologia.ufpr.br\/gvibs\/wp-json\/wp\/v2\/pages\/36"}],"wp:attachment":[{"href":"https:\/\/tecnologia.ufpr.br\/gvibs\/wp-json\/wp\/v2\/media?parent=68"}],"curies":[{"name":"wp","href":"https:\/\/api.w.org\/{rel}","templated":true}]}}