{"id":56,"date":"2013-07-30T14:33:46","date_gmt":"2013-07-30T17:33:46","guid":{"rendered":"https:\/\/demec.ufpr.br\/gvibs\/?page_id=56"},"modified":"2026-02-25T11:42:28","modified_gmt":"2026-02-25T14:42:28","slug":"lptmv","status":"publish","type":"page","link":"https:\/\/tecnologia.ufpr.br\/gvibs\/pagina-exemplo-2\/laboratorios\/lptmv\/","title":{"rendered":"LPTMV"},"content":{"rendered":"\n<figure class=\"wp-block-gallery has-nested-images columns-default is-cropped wp-block-gallery-1 is-layout-flex wp-block-gallery-is-layout-flex\">\n<figure class=\"wp-block-image size-large\"><img loading=\"lazy\" decoding=\"async\" width=\"1024\" height=\"295\" data-id=\"1416\" src=\"https:\/\/tecnologia.ufpr.br\/gvibs\/wp-content\/uploads\/sites\/63\/2025\/09\/lptmv_horizontal-1024x295.png\" alt=\"\" class=\"wp-image-1416\" srcset=\"https:\/\/tecnologia.ufpr.br\/gvibs\/wp-content\/uploads\/sites\/63\/2025\/09\/lptmv_horizontal-1024x295.png 1024w, https:\/\/tecnologia.ufpr.br\/gvibs\/wp-content\/uploads\/sites\/63\/2025\/09\/lptmv_horizontal-300x87.png 300w, https:\/\/tecnologia.ufpr.br\/gvibs\/wp-content\/uploads\/sites\/63\/2025\/09\/lptmv_horizontal-768x222.png 768w, https:\/\/tecnologia.ufpr.br\/gvibs\/wp-content\/uploads\/sites\/63\/2025\/09\/lptmv_horizontal-1536x443.png 1536w, https:\/\/tecnologia.ufpr.br\/gvibs\/wp-content\/uploads\/sites\/63\/2025\/09\/lptmv_horizontal-2048x591.png 2048w, https:\/\/tecnologia.ufpr.br\/gvibs\/wp-content\/uploads\/sites\/63\/2025\/09\/lptmv_horizontal-18x5.png 18w, https:\/\/tecnologia.ufpr.br\/gvibs\/wp-content\/uploads\/sites\/63\/2025\/09\/lptmv_horizontal-175x50.png 175w, https:\/\/tecnologia.ufpr.br\/gvibs\/wp-content\/uploads\/sites\/63\/2025\/09\/lptmv_horizontal-75x22.png 75w\" sizes=\"(max-width: 1024px) 100vw, 1024px\" \/><\/figure>\n<\/figure>\n\n\n\n<p><\/p>\n\n\n\n<p>Este laborat\u00f3rio foi criado em 2011 pelos professores Eduardo M\u00e1rcio de Oliveira Lopes, Juc\u00e9lio Tom\u00e1s Pereira e Carlos Alberto Bavastri por meio de um projeto institucional&nbsp;INFRAESTRUTURA F\u00cdSICA E INSTRUMENTAL PARA A PESQUISA NA UFPR (MCT\/FINEP\/CT-INFRA &#8211; PROINFRA 02\/2010 &#8211; REF.: 0421\/11), subprojeto CDIM Centro de Desenvolvimento e Inova\u00e7\u00e3o em Materiais e Biomateriais, que prop\u00f5e a constru\u00e7\u00e3o de um condom\u00ednio de laborat\u00f3rios para o desenvolvimento e a inova\u00e7\u00e3o em materiais, visando aplica\u00e7\u00f5es em Engenharia, F\u00edsica e Qu\u00edmica. O objetivo dos pesquisadores deste laborat\u00f3rio \u00e9&nbsp;realizar atividades de pesquisa e desenvolvimento relacionadas \u00e0 caracteriza\u00e7\u00e3o din\u00e2mica de materiais viscoel\u00e1sticos e ao projeto de dispositivos viscoel\u00e1sticos e h\u00edbridos, para controle de vibra\u00e7\u00f5es e ru\u00eddos irradiados.<\/p>\n\n\n\n<p>A montagem deste laborat\u00f3rio teve a participa\u00e7\u00e3o e colabora\u00e7\u00e3o dos alunos do GVIBS. Entre eles, podem destacar-se a participa\u00e7\u00e3o especial de Samuel Cavalli Kluthcovsky, Bruno Ferrari de Almeida Prado e Isadora da Luz. Desde j\u00e1, o nosso mais sincero agradecimento.<\/p>\n\n\n\n<p>Infraestrutura:<\/p>\n\n\n\n<figure class=\"wp-block-image size-full\"><img loading=\"lazy\" decoding=\"async\" width=\"900\" height=\"1600\" src=\"https:\/\/tecnologia.ufpr.br\/gvibs\/wp-content\/uploads\/sites\/63\/2026\/02\/whatsapp-image-2026-02-17-at-12-53-27-pm.jpeg\" alt=\"\" class=\"wp-image-1554\" \/><\/figure>\n\n\n\n<figure class=\"wp-block-image size-full\"><img loading=\"lazy\" decoding=\"async\" width=\"1600\" height=\"900\" src=\"https:\/\/tecnologia.ufpr.br\/gvibs\/wp-content\/uploads\/sites\/63\/2026\/02\/whatsapp-image-2026-02-17-at-10-28-21-am-1.jpeg\" alt=\"\" class=\"wp-image-1553\" \/><\/figure>\n\n\n\n<figure class=\"wp-block-image size-full\"><img loading=\"lazy\" decoding=\"async\" width=\"1600\" height=\"1200\" src=\"https:\/\/tecnologia.ufpr.br\/gvibs\/wp-content\/uploads\/sites\/63\/2026\/02\/whatsapp-image-2026-02-17-at-10-00-20-am.jpeg\" alt=\"\" class=\"wp-image-1551\" \/><\/figure>\n","protected":false},"excerpt":{"rendered":"<p>Este laborat\u00f3rio foi criado em 2011 pelos professores Eduardo M\u00e1rcio de Oliveira Lopes, Juc\u00e9lio Tom\u00e1s Pereira e Carlos Alberto Bavastri por meio de um projeto [&hellip;]<\/p>\n","protected":false},"author":1113,"featured_media":0,"parent":52,"menu_order":2,"comment_status":"open","ping_status":"open","template":"","meta":{"footnotes":""},"_links":{"self":[{"href":"https:\/\/tecnologia.ufpr.br\/gvibs\/wp-json\/wp\/v2\/pages\/56"}],"collection":[{"href":"https:\/\/tecnologia.ufpr.br\/gvibs\/wp-json\/wp\/v2\/pages"}],"about":[{"href":"https:\/\/tecnologia.ufpr.br\/gvibs\/wp-json\/wp\/v2\/types\/page"}],"author":[{"embeddable":true,"href":"https:\/\/tecnologia.ufpr.br\/gvibs\/wp-json\/wp\/v2\/users\/1113"}],"replies":[{"embeddable":true,"href":"https:\/\/tecnologia.ufpr.br\/gvibs\/wp-json\/wp\/v2\/comments?post=56"}],"version-history":[{"count":5,"href":"https:\/\/tecnologia.ufpr.br\/gvibs\/wp-json\/wp\/v2\/pages\/56\/revisions"}],"predecessor-version":[{"id":1590,"href":"https:\/\/tecnologia.ufpr.br\/gvibs\/wp-json\/wp\/v2\/pages\/56\/revisions\/1590"}],"up":[{"embeddable":true,"href":"https:\/\/tecnologia.ufpr.br\/gvibs\/wp-json\/wp\/v2\/pages\/52"}],"wp:attachment":[{"href":"https:\/\/tecnologia.ufpr.br\/gvibs\/wp-json\/wp\/v2\/media?parent=56"}],"curies":[{"name":"wp","href":"https:\/\/api.w.org\/{rel}","templated":true}]}}