{"id":52,"date":"2013-07-30T14:32:22","date_gmt":"2013-07-30T17:32:22","guid":{"rendered":"https:\/\/demec.ufpr.br\/gvibs\/?page_id=52"},"modified":"2024-09-04T13:40:43","modified_gmt":"2024-09-04T16:40:43","slug":"laboratorios","status":"publish","type":"page","link":"https:\/\/tecnologia.ufpr.br\/gvibs\/pagina-exemplo-2\/laboratorios\/","title":{"rendered":"Laborat\u00f3rios"},"content":{"rendered":"<p>O Grupo de Pesquisa em Vibra\u00e7\u00f5es e Som em Sistemas Mec\u00e2nicos conta com tr\u00eas laborat\u00f3rios de ensino e pesquisa:<\/p>\n<p>&#8211; Laborat\u00f3rios de Vibra\u00e7\u00f5es e Som (LAVIBS)<\/p>\n<p>&#8211; Laborat\u00f3rio de Propriedades Termomec\u00e2nicas de Materiais Viscoel\u00e1sticos (LPTMV)<\/p>\n<p>&#8211; Laborat\u00f3rio de Mec\u00e2nica dos S\u00f3lidos Computacional (LASCOM)<\/p>\n<p>&#8211; Laborat\u00f3rio de Monitoramento e Controle (LaMoC)<\/p>\n","protected":false},"excerpt":{"rendered":"<p>O Grupo de Pesquisa em Vibra\u00e7\u00f5es e Som em Sistemas Mec\u00e2nicos conta com tr\u00eas laborat\u00f3rios de ensino e pesquisa: &#8211; Laborat\u00f3rios de Vibra\u00e7\u00f5es e Som [&hellip;]<\/p>\n","protected":false},"author":1113,"featured_media":0,"parent":1020,"menu_order":1,"comment_status":"open","ping_status":"open","template":"","meta":{"footnotes":""},"_links":{"self":[{"href":"https:\/\/tecnologia.ufpr.br\/gvibs\/wp-json\/wp\/v2\/pages\/52"}],"collection":[{"href":"https:\/\/tecnologia.ufpr.br\/gvibs\/wp-json\/wp\/v2\/pages"}],"about":[{"href":"https:\/\/tecnologia.ufpr.br\/gvibs\/wp-json\/wp\/v2\/types\/page"}],"author":[{"embeddable":true,"href":"https:\/\/tecnologia.ufpr.br\/gvibs\/wp-json\/wp\/v2\/users\/1113"}],"replies":[{"embeddable":true,"href":"https:\/\/tecnologia.ufpr.br\/gvibs\/wp-json\/wp\/v2\/comments?post=52"}],"version-history":[{"count":1,"href":"https:\/\/tecnologia.ufpr.br\/gvibs\/wp-json\/wp\/v2\/pages\/52\/revisions"}],"predecessor-version":[{"id":1287,"href":"https:\/\/tecnologia.ufpr.br\/gvibs\/wp-json\/wp\/v2\/pages\/52\/revisions\/1287"}],"up":[{"embeddable":true,"href":"https:\/\/tecnologia.ufpr.br\/gvibs\/wp-json\/wp\/v2\/pages\/1020"}],"wp:attachment":[{"href":"https:\/\/tecnologia.ufpr.br\/gvibs\/wp-json\/wp\/v2\/media?parent=52"}],"curies":[{"name":"wp","href":"https:\/\/api.w.org\/{rel}","templated":true}]}}