{"id":5,"date":"2013-07-18T14:48:02","date_gmt":"2013-07-18T17:48:02","guid":{"rendered":"https:\/\/demec.ufpr.br\/gvibs\/?page_id=5"},"modified":"2026-02-25T08:57:48","modified_gmt":"2026-02-25T11:57:48","slug":"equipe","status":"publish","type":"page","link":"https:\/\/tecnologia.ufpr.br\/gvibs\/equipe\/","title":{"rendered":"Equipe"},"content":{"rendered":"\n<div class=\"wp-block-group is-nowrap is-layout-flex wp-container-core-group-is-layout-8 wp-block-group-is-layout-flex\">\n<div class=\"wp-block-group\"><div class=\"wp-block-group__inner-container is-layout-constrained wp-block-group-is-layout-constrained\">\n<div class=\"wp-block-group\"><div class=\"wp-block-group__inner-container is-layout-constrained wp-block-group-is-layout-constrained\">\n<div class=\"wp-block-group\"><div class=\"wp-block-group__inner-container is-layout-constrained wp-block-group-is-layout-constrained\">\n<div class=\"wp-block-group\"><div class=\"wp-block-group__inner-container is-layout-constrained wp-block-group-is-layout-constrained\">\n<div class=\"wp-block-group\"><div class=\"wp-block-group__inner-container is-layout-constrained wp-block-group-is-layout-constrained\">\n<table>\n<tbody>\n<tr>\n<td colspan=\"4\" width=\"566\">\n<p style=\"text-align: center\">Docentes Pesquisadores<\/p>\n<\/td>\n<\/tr>\n<tr>\n<td width=\"141\"><a href=\"http:\/\/lattes.cnpq.br\/5492419330148344\" target=\"_blank\" rel=\"noopener\"><img loading=\"lazy\" decoding=\"async\" class=\"wp-image-309 aligncenter\" src=\"https:\/\/tecnologia.ufpr.br\/gvibs\/wp-content\/uploads\/sites\/63\/2013\/07\/foto-bavastri.jpg\" alt=\"foto-bavastri\" width=\"100\" height=\"100\" srcset=\"https:\/\/tecnologia.ufpr.br\/gvibs\/wp-content\/uploads\/sites\/63\/2013\/07\/foto-bavastri.jpg 359w, https:\/\/tecnologia.ufpr.br\/gvibs\/wp-content\/uploads\/sites\/63\/2013\/07\/foto-bavastri-300x300.jpg 300w, https:\/\/tecnologia.ufpr.br\/gvibs\/wp-content\/uploads\/sites\/63\/2013\/07\/foto-bavastri-150x150.jpg 150w\" sizes=\"(max-width: 100px) 100vw, 100px\" \/><\/a><\/td>\n<td width=\"142\"><img loading=\"lazy\" decoding=\"async\" class=\"wp-image-717 aligncenter\" src=\"https:\/\/tecnologia.ufpr.br\/gvibs\/wp-content\/uploads\/sites\/63\/2019\/01\/eduardo.jpg\" alt=\"eduardo\" width=\"85\" height=\"114\" srcset=\"https:\/\/tecnologia.ufpr.br\/gvibs\/wp-content\/uploads\/sites\/63\/2019\/01\/eduardo.jpg 1403w, https:\/\/tecnologia.ufpr.br\/gvibs\/wp-content\/uploads\/sites\/63\/2019\/01\/eduardo-225x300.jpg 225w, https:\/\/tecnologia.ufpr.br\/gvibs\/wp-content\/uploads\/sites\/63\/2019\/01\/eduardo-768x1024.jpg 768w, https:\/\/tecnologia.ufpr.br\/gvibs\/wp-content\/uploads\/sites\/63\/2019\/01\/eduardo-1152x1536.jpg 1152w\" sizes=\"(max-width: 85px) 100vw, 85px\" \/><\/td>\n<td width=\"142\"><img loading=\"lazy\" decoding=\"async\" class=\"wp-image-815 aligncenter\" src=\"https:\/\/tecnologia.ufpr.br\/gvibs\/wp-content\/uploads\/sites\/63\/2021\/03\/servletrecuperafoto.jpg\" alt=\"servletrecuperafoto\" width=\"92\" height=\"119\" srcset=\"https:\/\/tecnologia.ufpr.br\/gvibs\/wp-content\/uploads\/sites\/63\/2021\/03\/servletrecuperafoto.jpg 655w, https:\/\/tecnologia.ufpr.br\/gvibs\/wp-content\/uploads\/sites\/63\/2021\/03\/servletrecuperafoto-231x300.jpg 231w\" sizes=\"(max-width: 92px) 100vw, 92px\" \/><\/td>\n<td width=\"142\"><img loading=\"lazy\" decoding=\"async\" class=\"wp-image-732 aligncenter\" src=\"https:\/\/tecnologia.ufpr.br\/gvibs\/wp-content\/uploads\/sites\/63\/2013\/07\/50b5db29-fa9c-40ff-b5e0-0bf70258db02.jpg\" alt=\"50b5db29-fa9c-40ff-b5e0-0bf70258db02\" width=\"104\" height=\"104\" srcset=\"https:\/\/tecnologia.ufpr.br\/gvibs\/wp-content\/uploads\/sites\/63\/2013\/07\/50b5db29-fa9c-40ff-b5e0-0bf70258db02.jpg 640w, https:\/\/tecnologia.ufpr.br\/gvibs\/wp-content\/uploads\/sites\/63\/2013\/07\/50b5db29-fa9c-40ff-b5e0-0bf70258db02-300x300.jpg 300w, https:\/\/tecnologia.ufpr.br\/gvibs\/wp-content\/uploads\/sites\/63\/2013\/07\/50b5db29-fa9c-40ff-b5e0-0bf70258db02-150x150.jpg 150w\" sizes=\"(max-width: 104px) 100vw, 104px\" \/><\/td>\n<\/tr>\n<tr>\n<td width=\"141\">\n<p style=\"text-align: center\"><a href=\"http:\/\/lattes.cnpq.br\/5492419330148344\" target=\"_blank\" rel=\"noopener\">Carlos Alberto Bavastri<\/a><\/p>\n<\/td>\n<td style=\"text-align: center\" width=\"142\">\n<p><a href=\"http:\/\/lattes.cnpq.br\/6265884057614031\" target=\"_blank\" rel=\"noopener\">Eduardo M. O. Lopes<\/a><\/p>\n<\/td>\n<td style=\"text-align: center\" width=\"142\">\n<p><a href=\"http:\/\/lattes.cnpq.br\/7993339658563712\" target=\"_blank\" rel=\"noopener\">Giuliana Sardi Venter<\/a><\/p>\n<\/td>\n<td width=\"142\">\n<p style=\"text-align: center\"><a href=\"http:\/\/lattes.cnpq.br\/3258218450203612\" target=\"_blank\" rel=\"noopener\">Juc\u00e9lio Tom\u00e1s Pereira<\/a><\/p>\n<\/td>\n<\/tr>\n<tr>\n<td colspan=\"4\" width=\"566\">\u00a0<\/td>\n<\/tr>\n<tr>\n<td colspan=\"4\" width=\"566\">\n<p style=\"text-align: center\">Docentes Colaboradores<\/p>\n<\/td>\n<\/tr>\n<tr>\n<td width=\"141\"><img loading=\"lazy\" decoding=\"async\" class=\"aligncenter\" src=\"http:\/\/servicosweb.cnpq.br\/wspessoa\/servletrecuperafoto?tipo=1&amp;id=K4476352T0\" alt=\"Foto\" width=\"91\" height=\"110\" \/><\/td>\n<td width=\"142\"><img loading=\"lazy\" decoding=\"async\" class=\"aligncenter\" src=\"http:\/\/servicosweb.cnpq.br\/wspessoa\/servletrecuperafoto?tipo=1&amp;id=K4762437J6\" alt=\"Foto\" width=\"105\" height=\"124\" \/><\/td>\n<td width=\"142\"><img loading=\"lazy\" decoding=\"async\" class=\"wp-image-1108 aligncenter\" src=\"https:\/\/tecnologia.ufpr.br\/gvibs\/wp-content\/uploads\/sites\/63\/2024\/08\/foto-javier-2-170x300.png\" alt=\"\" width=\"66\" height=\"117\" srcset=\"https:\/\/tecnologia.ufpr.br\/gvibs\/wp-content\/uploads\/sites\/63\/2024\/08\/foto-javier-2-170x300.png 170w, https:\/\/tecnologia.ufpr.br\/gvibs\/wp-content\/uploads\/sites\/63\/2024\/08\/foto-javier-2-579x1024.png 579w, https:\/\/tecnologia.ufpr.br\/gvibs\/wp-content\/uploads\/sites\/63\/2024\/08\/foto-javier-2-7x12.png 7w, https:\/\/tecnologia.ufpr.br\/gvibs\/wp-content\/uploads\/sites\/63\/2024\/08\/foto-javier-2-55x98.png 55w, https:\/\/tecnologia.ufpr.br\/gvibs\/wp-content\/uploads\/sites\/63\/2024\/08\/foto-javier-2-32x57.png 32w, https:\/\/tecnologia.ufpr.br\/gvibs\/wp-content\/uploads\/sites\/63\/2024\/08\/foto-javier-2.png 720w\" sizes=\"(max-width: 66px) 100vw, 66px\" \/><\/td>\n<td width=\"142\"><a href=\"http:\/\/lattes.cnpq.br\/5487550287613757\" target=\"_blank\" rel=\"noopener\"><img loading=\"lazy\" decoding=\"async\" class=\"wp-image-375 aligncenter\" src=\"https:\/\/tecnologia.ufpr.br\/gvibs\/wp-content\/uploads\/sites\/63\/2015\/09\/foto-ipina.jpg\" alt=\"foto-ipina\" width=\"100\" height=\"105\" srcset=\"https:\/\/tecnologia.ufpr.br\/gvibs\/wp-content\/uploads\/sites\/63\/2015\/09\/foto-ipina.jpg 553w, https:\/\/tecnologia.ufpr.br\/gvibs\/wp-content\/uploads\/sites\/63\/2015\/09\/foto-ipina-286x300.jpg 286w\" sizes=\"(max-width: 100px) 100vw, 100px\" \/><\/a><\/td>\n<\/tr>\n<tr>\n<td style=\"text-align: center\" width=\"141\"><a href=\"http:\/\/lattes.cnpq.br\/9473668144091435\" target=\"_blank\" rel=\"noopener\">Jo\u00e3o Vitor de Carvalho Fontes<\/a><\/td>\n<td style=\"text-align: center\" width=\"142\"><a href=\"http:\/\/lattes.cnpq.br\/6303940442103708\" target=\"_blank\" rel=\"noopener\">Eduardo Luiz Ortiz Batista<\/a><\/td>\n<td style=\"text-align: center\" width=\"142\"><a href=\"http:\/\/lattes.cnpq.br\/5879368718595681\" target=\"_blank\" rel=\"noopener\">Javier Ernesto Kolodziej<\/a><\/td>\n<td style=\"text-align: center\" width=\"142\"><a href=\"http:\/\/lattes.cnpq.br\/5487550287613757\" target=\"_blank\" rel=\"noopener\">Juan El\u00edas Perez Ipi\u00f1a<\/a><\/p>\n<p style=\"text-align: center\">\n<\/td>\n<\/tr>\n<tr>\n<td colspan=\"4\" width=\"566\">\u00a0<\/td>\n<\/tr>\n<tr>\n<td colspan=\"4\" width=\"566\">\n<p style=\"text-align: center\">Docentes Colaboradores<\/p>\n<\/td>\n<\/tr>\n<tr>\n<td width=\"141\">\u00a0<\/td>\n<td style=\"text-align: center\" width=\"142\"><a href=\"http:\/\/lattes.cnpq.br\/4815765372448868\" target=\"_blank\" rel=\"noopener\"><img loading=\"lazy\" decoding=\"async\" class=\"wp-image-390 aligncenter\" src=\"https:\/\/tecnologia.ufpr.br\/gvibs\/wp-content\/uploads\/sites\/63\/2015\/09\/foto-luersen.jpg\" alt=\"foto-luersen\" width=\"120\" height=\"112\" srcset=\"https:\/\/tecnologia.ufpr.br\/gvibs\/wp-content\/uploads\/sites\/63\/2015\/09\/foto-luersen.jpg 449w, https:\/\/tecnologia.ufpr.br\/gvibs\/wp-content\/uploads\/sites\/63\/2015\/09\/foto-luersen-300x281.jpg 300w\" sizes=\"(max-width: 120px) 100vw, 120px\" \/><\/a><\/td>\n<td style=\"text-align: center\" width=\"142\"><img loading=\"lazy\" decoding=\"async\" class=\"wp-image-1101 aligncenter\" src=\"https:\/\/tecnologia.ufpr.br\/gvibs\/wp-content\/uploads\/sites\/63\/2024\/08\/foto-febbo-300x265.png\" alt=\"\" width=\"133\" height=\"117\" srcset=\"https:\/\/tecnologia.ufpr.br\/gvibs\/wp-content\/uploads\/sites\/63\/2024\/08\/foto-febbo-300x265.png 300w, https:\/\/tecnologia.ufpr.br\/gvibs\/wp-content\/uploads\/sites\/63\/2024\/08\/foto-febbo-768x679.png 768w, https:\/\/tecnologia.ufpr.br\/gvibs\/wp-content\/uploads\/sites\/63\/2024\/08\/foto-febbo-14x12.png 14w, https:\/\/tecnologia.ufpr.br\/gvibs\/wp-content\/uploads\/sites\/63\/2024\/08\/foto-febbo-111x98.png 111w, https:\/\/tecnologia.ufpr.br\/gvibs\/wp-content\/uploads\/sites\/63\/2024\/08\/foto-febbo-64x57.png 64w, https:\/\/tecnologia.ufpr.br\/gvibs\/wp-content\/uploads\/sites\/63\/2024\/08\/foto-febbo.png 787w\" sizes=\"(max-width: 133px) 100vw, 133px\" \/><\/td>\n<td width=\"142\">\u00a0<\/td>\n<\/tr>\n<tr>\n<td width=\"141\">\n<p style=\"text-align: center\">\n<\/td>\n<td style=\"text-align: center\" width=\"142\"><a href=\"http:\/\/lattes.cnpq.br\/4815765372448868\" target=\"_blank\" rel=\"noopener\">Marco Ant\u00f4nio Luersen<\/a><\/td>\n<td style=\"text-align: center\" width=\"142\"><a href=\"http:\/\/lattes.cnpq.br\/8988791006991434\" target=\"_blank\" rel=\"noopener\">Mariano Febbo<\/a><\/td>\n<td style=\"text-align: center\" width=\"142\">\u00a0<\/td>\n<\/tr>\n<\/tbody>\n<\/table>\n<p style=\"text-align: center\">Pesquisadores Colaboradores<\/p>\n\n\n\n<div class=\"wp-block-group\"><div class=\"wp-block-group__inner-container is-layout-constrained wp-block-group-is-layout-constrained\">\n<div class=\"wp-block-group\"><div class=\"wp-block-group__inner-container is-layout-constrained wp-block-group-is-layout-constrained\">\n<figure class=\"wp-block-table\"><table><tbody><tr><td class=\"has-text-align-center\" data-align=\"center\"><a href=\"http:\/\/lattes.cnpq.br\/3725083418235243\" target=\"_blank\" rel=\"noreferrer noopener\"><img loading=\"lazy\" decoding=\"async\" width=\"100\" height=\"100\" src=\"https:\/\/tecnologia.ufpr.br\/gvibs\/wp-content\/uploads\/sites\/63\/2013\/07\/foto-lattes.jpg\" alt=\"foto-lattes\"><\/a><\/td><td class=\"has-text-align-center\" data-align=\"center\"><a href=\"http:\/\/lattes.cnpq.br\/3725083418235243\" target=\"_blank\" rel=\"noreferrer noopener\"><img loading=\"lazy\" decoding=\"async\" width=\"100\" height=\"100\" src=\"https:\/\/tecnologia.ufpr.br\/gvibs\/wp-content\/uploads\/sites\/63\/2013\/07\/foto-lattes.jpg\" alt=\"foto-lattes\"><\/a><\/td><td class=\"has-text-align-center\" data-align=\"center\"><a href=\"http:\/\/lattes.cnpq.br\/3725083418235243\" target=\"_blank\" rel=\"noreferrer noopener\"><img loading=\"lazy\" decoding=\"async\" width=\"100\" height=\"100\" src=\"https:\/\/tecnologia.ufpr.br\/gvibs\/wp-content\/uploads\/sites\/63\/2013\/07\/foto-lattes.jpg\" alt=\"foto-lattes\"><\/a><\/td><td class=\"has-text-align-center\" data-align=\"center\"><a href=\"http:\/\/lattes.cnpq.br\/3725083418235243\" target=\"_blank\" rel=\"noreferrer noopener\"><img loading=\"lazy\" decoding=\"async\" width=\"100\" height=\"100\" src=\"https:\/\/tecnologia.ufpr.br\/gvibs\/wp-content\/uploads\/sites\/63\/2013\/07\/foto-lattes.jpg\" alt=\"foto-lattes\"><\/a><\/td><\/tr><tr><td class=\"has-text-align-center\" data-align=\"center\"><a href=\"http:\/\/lattes.cnpq.br\/3725083418235243\" target=\"_blank\" rel=\"noreferrer noopener\">Francisco Jos\u00e9 <\/a><br><a href=\"http:\/\/lattes.cnpq.br\/3725083418235243\" target=\"_blank\" rel=\"noreferrer noopener\">Doubrawa<\/a><\/td><td class=\"has-text-align-center\" data-align=\"center\"><\/td><td class=\"has-text-align-center\" data-align=\"center\"><\/td><td class=\"has-text-align-center\" data-align=\"center\"><\/td><\/tr><\/tbody><\/table><\/figure>\n\n\n\n<p class=\"has-text-align-center\">Colaboradores T\u00e9cnicos<\/p>\n\n\n\n<figure class=\"wp-block-table\"><table><tbody><tr><td class=\"has-text-align-center\" data-align=\"center\"><a href=\"http:\/\/lattes.cnpq.br\/5574824035195136\" target=\"_blank\" rel=\"noreferrer noopener\"><img loading=\"lazy\" decoding=\"async\" width=\"73\" height=\"98\" src=\"https:\/\/tecnologia.ufpr.br\/gvibs\/wp-content\/uploads\/sites\/63\/2015\/09\/foto-joao.jpg\" alt=\"foto-joao\"><\/a><\/td><td class=\"has-text-align-center\" data-align=\"center\"><a href=\"http:\/\/lattes.cnpq.br\/3725083418235243\" target=\"_blank\" rel=\"noreferrer noopener\"><img loading=\"lazy\" decoding=\"async\" width=\"100\" height=\"100\" src=\"https:\/\/tecnologia.ufpr.br\/gvibs\/wp-content\/uploads\/sites\/63\/2013\/07\/foto-lattes.jpg\" alt=\"foto-lattes\"><\/a><\/td><td class=\"has-text-align-center\" data-align=\"center\"><a href=\"http:\/\/lattes.cnpq.br\/3725083418235243\" target=\"_blank\" rel=\"noreferrer noopener\"><img loading=\"lazy\" decoding=\"async\" width=\"100\" height=\"100\" src=\"https:\/\/tecnologia.ufpr.br\/gvibs\/wp-content\/uploads\/sites\/63\/2013\/07\/foto-lattes.jpg\" alt=\"foto-lattes\"><\/a><\/td><td class=\"has-text-align-center\" data-align=\"center\"><a href=\"http:\/\/lattes.cnpq.br\/3725083418235243\" target=\"_blank\" rel=\"noreferrer noopener\"><img loading=\"lazy\" decoding=\"async\" width=\"100\" height=\"100\" src=\"https:\/\/tecnologia.ufpr.br\/gvibs\/wp-content\/uploads\/sites\/63\/2013\/07\/foto-lattes.jpg\" alt=\"foto-lattes\"><\/a><\/td><\/tr><tr><td class=\"has-text-align-center\" data-align=\"center\"><a href=\"http:\/\/lattes.cnpq.br\/5574824035195136\" target=\"_blank\" rel=\"noreferrer noopener\">Jo\u00e3o Luis Alves<\/a><\/td><td class=\"has-text-align-center\" data-align=\"center\"><\/td><td class=\"has-text-align-center\" data-align=\"center\"><\/td><td class=\"has-text-align-center\" data-align=\"center\"><\/td><\/tr><\/tbody><\/table><\/figure>\n<\/div><\/div>\n<\/div><\/div>\n\n\n\n<p style=\"text-align: center\"><span style=\"text-decoration: underline\">Alunos de P\u00f3s Doutorado:<\/span><\/p>\n<table style=\"height: 51px\" width=\"505\" align=\"center\">\n<tbody>\n<tr>\n<td style=\"padding-left: 45px\">\n<p>Eduardo Afonso Ribeiro (C.A. Bavastri)<br \/>Tiago da Silva (C.A. Bavastri)<br \/>Jos\u00e9 Eduardo Gubaua (J.T. Pereira)<br \/>J\u00e9derson da Silva (J.T. Pereira)<br \/>Jo\u00e3o Luiz do Vale (J.T. Pereira)<\/p>\n<\/td>\n<td style=\"padding-left: 45px\">\u00a0<\/td>\n<\/tr>\n<\/tbody>\n<\/table>\n<p style=\"text-align: center\"><span style=\"text-decoration: underline\">Alunos de Doutorado:<\/span><\/p>\n<table style=\"height: 287px\" width=\"524\" align=\"center\">\n<tbody>\n<tr>\n<td style=\"padding-left: 45px\">Defesas<\/td>\n<td style=\"padding-left: 45px\">Andamento<\/td>\n<\/tr>\n<tr>\n<td style=\"text-align: center\" width=\"185\">\n<p>Ana Paula Delowski Ciniello<br \/>C\u00edntia Teixeira Pr\u00e9ve<br \/>Eduardo Alfoso Ribeiro<br \/>Eduardo Gregorio Olienick Filho<br \/>Gabriela Wessling Oening Dicati<br \/>Gabriel Ruggiero do Amaral<br \/>F\u00e1bio Junkes Correa<br \/>Fernanda Oliveira Balbino<br \/>Francielly E. de Castro Silva<br \/>Frederico Alves Jahnert<br \/>H\u00e9lio Jos\u00e9 Paiva Pereira<br \/>J\u00e9derson da Silva<br \/>Jos\u00e9 Eduardo Gubaua<br \/>Jo\u00e3o do C. Lopes Gon\u00e7alves<br \/>Lucas Feitosa Nicolau<br \/>Marcus V. M. de Oliveira Filho<br \/>Maurizio Radloff Barghouthi<br \/>Renathielly F. da Silva Brunetta<br \/>Robson Assis de Oliveira<br \/>Sandmara Lanhi<br \/>Thiago da Silva<br \/>Thiago Lopes Quevedo<br \/>Tiago Lima de Souza<\/p>\n<\/td>\n<td style=\"text-align: center\" width=\"185\">\n<p>Aaron Emmanuel Gelves <br \/>(cotutela)<br \/>Andr\u00e9 K\u00fchl<br \/>Axel Alfredo Skrauba <br \/>(cotutela)<br \/>Bruno Ferrari de Almeida Prado<br \/>Carlos Alberto F. Camaduro<br \/>Dimas Medeiros J\u00fanior<br \/>Isabel Gebauer Soares<br \/>Leonardo de Castro Ferreira dos Santos<br \/>Samuel Cavalli Kluthcovsky<br \/>Tulio Paim Horta<\/p>\n<\/td>\n<\/tr>\n<\/tbody>\n<\/table>\n<p style=\"text-align: center\"><span style=\"text-decoration: underline\">Alunos de Mestrado:<\/span><\/p>\n<table style=\"height: 287px\" width=\"524\" align=\"center\">\n<tbody>\n<tr>\n<td style=\"padding-left: 45px\">Defesas<\/td>\n<td style=\"padding-left: 45px\">Andamento<\/td>\n<\/tr>\n<tr>\n<td style=\"text-align: center\" width=\"185\">\n<p>Alcemir Miliavacca<br \/>Alexandre Moura da Silveira<br \/>Anderson Langone Silva<br \/>Benedito dos Santos Xavier<br \/>Bruno F. de Almeida Prado<br \/>Camila Cristina Gon\u00e7alves<br \/>Cintia Teixeira Pr\u00e9ve<br \/>Claudio Tavares da Silva<br \/>Daniel Awada Elarrat Canto<br \/>Danilo Falleiros Barbosa Lima<br \/>Diego D. Hoepfner<br \/>Ferdinand Kanke<br \/>Eduardo Salmoria Fantin<br \/>Eduardo Greg\u00f3rio Olienick Filh<br \/>Fernanda Oliveira Balbino<br \/>Fernando H. Ortega Borotta<br \/>Francielly E. de Castro Silva<br \/>Frederico Alves Jahnert<br \/>Gabriela Wessling Oening<br \/>Gabriel Ruggiero do Amaral<br \/>Guilherme Suguinoshita<br \/>Hugo E. de Miranda Peixoto<br \/>Igor Fernando Rodrigues<br \/>Isabel Gebauer Soares<br \/>Jederson da Silva<br \/>Jeferson Ryudi Matsuda<br \/>J\u00e9ssica Carolina Barbosa Vieira<br \/>Jos\u00e9 Eduardo Gubaua<br \/>Juliana E. Lopes Pacheco<br \/>Juliana Tosin Fernandes<br \/>Kevin Mauricio Menon Ribeiro<br \/>Klaas Bastiaan Bronkhorst<br \/>Leonardo de C. F. dos Santos<br \/>Leonardo Lunardi Ferreira<br \/>Lucas Boss Barbosa<br \/>Lucas Gomes Fon\u00e7atti<br \/>\u00a0Luis Otavio Rigobello Muraro<br \/>Marcelo Dallastra<br \/>Maurizio Radloff Barghouthi<br \/>Maycon Iurassek Dezan<br \/>Roberto Luiz Schwarz<br \/>Rodrigo Bubniak Silverio<br \/>Samuel Cavalli Klothcovski<br \/>Thiago da Silva<br \/>Tiago Lima de Souza<br \/>Vin\u00edcius Consolin Smarzaro<br \/>Wagner B. de Medeiros J\u00fanior<br \/>Wagner da Silva Moreira<\/p>\n<\/td>\n<td style=\"text-align: center\" width=\"185\">\n<p>Aniela Adriana Escoda Avila<br \/>Alex Geraldo Rodrigues do Pilar<br \/>Allyson Castro da Silva<br \/>Eduardo Sassi Carocci<br \/>Fl\u00e1vio Confilde Alves Pereira<br \/>Iago Gon\u00e7alves de Oliveira<br \/>Isadora da Luz<br \/>Laura Nasser Silva<br \/>Leonel Fernandes Balbino<br \/>Matheus Fabbris Guerreiro<br \/>Paolo R. M. Cuevas<br \/>Sandrine Schueller Mafra\u00a0<br \/>Teixeira Leite Moscibrocki<br \/>William Rodrigo Ludtke<\/p>\n<\/td>\n<\/tr>\n<\/tbody>\n<\/table>\n<p style=\"text-align: center\">Alunos de Inicia\u00e7\u00e3o Cient\u00edfica:<\/p>\n<table style=\"height: 287px\" width=\"524\" align=\"center\">\n<tbody>\n<tr>\n<td style=\"padding-left: 45px\">Defesas<\/td>\n<td style=\"padding-left: 45px\">Andamento<\/td>\n<\/tr>\n<tr>\n<td style=\"text-align: center\" width=\"185\">\n<p>Alex Geraldo Rodrigues do Pilar<br \/>Aleksander Kokot<br \/>Ana Julia da Silva de Oliveira<br \/>Andr\u00e9 Jacomel Torii<br \/>Andr\u00e9 Mormul Correia<br \/>Andr\u00e9 Rolim de Moura Born<br \/>Antonio Andr\u00e9 Novotny<br \/>Arthur H. Itikawa Rolinski<br \/>Bernardo Golfetto Daronch<br \/>Betina Zynger Copaverde<br \/>Bruno Bianchini<br \/>Bruno Ferrari de Almeida Prado<br \/>Bryan Leal Andrade<br \/>Eric Augusto Salmazo<br \/>Danielle Raphaela Voltolini<br \/>Eduardo Afonso Ribeiro<br \/>Eduardo B. Medeiros Santos<br \/>Eduardo Salmoria Fontin<br \/>Eduardo Schaeldler Heim<br \/>Estevan Hideki Murai<br \/>Fl\u00e1vio Augusto Presezniak<br \/>Francielly Elizabeth Castro<br \/>Flavio Canfilde Alves Pereira<br \/>Frederico Justos<br \/>Gabriel Alves Kozan<br \/>Gabriel de Almeida Pereira<br \/>Gabriel Yuri Silva Ribeiro<br \/>Giovana de Oliveira Lanaro<br \/>Guilherme Grebos dos Santos<br \/>Guilherme Henrique Bortolotto<br \/>Guilherme Schimaikel Rocha<br \/>Gustavo Yudi Ueda Toyomoto<br \/>Herbert Weigert Ven\u00e1ncio<br \/>Igor Sanches Manei<br \/>Isabel Gebauer Soares<br \/>Isabelle Sato Rainerte<br \/>Jhonattan Dias<br \/>Jo\u00e3o Francisco Moro<br \/>Jo\u00e3o G. Cotta M. de Souza<br \/>Jo\u00e3o Rubens Daufenbach<br \/>Jos\u00e9 Ant\u00f4nio Miranda Mattei<br \/>Juliana de F\u00e1tima Prestes Souza<br \/>Klaas Bastiaan Bronkhorst<br \/>Lucas Bortolotto<br \/>Lucas H. dos Santos Tavares<br \/>Lucas Nakano<br \/>Lucas Ribeiro de Oliveira<br \/>Lucia Karina dos Santos<br \/>Luis Fernando de Paula Santos<br \/>Matheus Henrique Dias<br \/>Maurizio Radloff Barghouthi<br \/>Maycon Iurassek Dezan<br \/>Micael Dias Santana<br \/>Natalia Gaspar Lamb<br \/>Paulo Ruan Zotti Brum<br \/>Rafael Sim\u00f5es Ribeiro<br \/>Renato Jin Nakagawa Morishita<br \/>Roberson Luebke Bezerra<br \/>Rodrigo Feder Paran\u00e1<br \/>Rodrigo Terabe<br \/>Roger Busnello Fianco<br \/>Rosane Toshie Tsushima<br \/>Samuel Cavalli Kluthcovsky<br \/>Thatiane Carolina Alves da Silva<br \/>Thiago Rocha Carara<br \/>Victor de Carvalho Th\u00e1<br \/>Vitor Lucas Vaz Soeira<br \/>Vinicius Consolin Smarzaro<br \/>Vinicius Jangada de Morais<br \/>Vinicius Valencia Gon\u00e7alves<\/p>\n<\/td>\n<td style=\"text-align: center\" width=\"185\">\n<p>Alice Estevam M. dos Santos<br \/>Caio da Silva da Cruz<br \/>Conrado Hubber<br \/>Erik Pedro Krauczuk<br \/>Heloisa de Oliveira Pinho<br \/>Nicolas Eduardo C. dos Santos<br \/>Nath\u00e1lia Nogueira Alves\u00a0<br \/>Sophia Lafis Formiga<br \/>Thiago da Costa Colasso<br \/>Vitor Tarlombani Stelmach<\/p>\n<\/td>\n<\/tr>\n<\/tbody>\n<\/table>\n<\/div><\/div>\n<\/div><\/div>\n<\/div><\/div>\n<\/div><\/div>\n<\/div><\/div>\n<\/div>\n\n\n\n<div class=\"wp-block-group\"><div class=\"wp-block-group__inner-container is-layout-flow wp-block-group-is-layout-flow\">\n<div class=\"wp-block-group\"><div class=\"wp-block-group__inner-container is-layout-flow wp-block-group-is-layout-flow\">\n<div class=\"wp-block-group is-vertical is-layout-flex wp-container-core-group-is-layout-9 wp-block-group-is-layout-flex\"><\/div>\n<\/div><\/div>\n<\/div><\/div>\n","protected":false},"excerpt":{"rendered":"<p>Docentes Pesquisadores Carlos Alberto Bavastri Eduardo M. O. Lopes Giuliana Sardi Venter Juc\u00e9lio Tom\u00e1s Pereira \u00a0 Docentes Colaboradores Jo\u00e3o Vitor de Carvalho Fontes Eduardo Luiz [&hellip;]<\/p>\n","protected":false},"author":1113,"featured_media":0,"parent":0,"menu_order":0,"comment_status":"open","ping_status":"open","template":"","meta":{"footnotes":""},"_links":{"self":[{"href":"https:\/\/tecnologia.ufpr.br\/gvibs\/wp-json\/wp\/v2\/pages\/5"}],"collection":[{"href":"https:\/\/tecnologia.ufpr.br\/gvibs\/wp-json\/wp\/v2\/pages"}],"about":[{"href":"https:\/\/tecnologia.ufpr.br\/gvibs\/wp-json\/wp\/v2\/types\/page"}],"author":[{"embeddable":true,"href":"https:\/\/tecnologia.ufpr.br\/gvibs\/wp-json\/wp\/v2\/users\/1113"}],"replies":[{"embeddable":true,"href":"https:\/\/tecnologia.ufpr.br\/gvibs\/wp-json\/wp\/v2\/comments?post=5"}],"version-history":[{"count":42,"href":"https:\/\/tecnologia.ufpr.br\/gvibs\/wp-json\/wp\/v2\/pages\/5\/revisions"}],"predecessor-version":[{"id":1585,"href":"https:\/\/tecnologia.ufpr.br\/gvibs\/wp-json\/wp\/v2\/pages\/5\/revisions\/1585"}],"wp:attachment":[{"href":"https:\/\/tecnologia.ufpr.br\/gvibs\/wp-json\/wp\/v2\/media?parent=5"}],"curies":[{"name":"wp","href":"https:\/\/api.w.org\/{rel}","templated":true}]}}