{"id":38,"date":"2013-07-30T13:55:35","date_gmt":"2013-07-30T16:55:35","guid":{"rendered":"https:\/\/demec.ufpr.br\/gvibs\/?page_id=38"},"modified":"2024-09-05T19:28:05","modified_gmt":"2024-09-05T22:28:05","slug":"disciplinas","status":"publish","type":"page","link":"https:\/\/tecnologia.ufpr.br\/gvibs\/disciplinas\/","title":{"rendered":"Disciplinas"},"content":{"rendered":"<p>Os pesquisadores deste grupo de pesquisa participam ministrando aulas tanto na gradua\u00e7\u00e3o quanto na p\u00f3s gradua\u00e7\u00e3o. Estes pesquisadores, al\u00e9m desta carga hor\u00e1ria em aulas, orientam alunos nos diferentes n\u00edveis, a saber:<\/p>\n<ul>\n<li>Inicia\u00e7\u00e3o Cient\u00edfica<\/li>\n<li>Mestrado<\/li>\n<li>Doutorado<\/li>\n<li>P\u00f3s Doutorado<\/li>\n<\/ul>\n<p>Ainda, dentro da carga hor\u00e1ria em aulas e orienta\u00e7\u00e3o, estes pesquisadores s\u00e3o revisores de trabalhos cient\u00edficos em revistas de elevado fator de impacto, avaliam processos e projetos nacionais e internacionais, fazem parte de bancas de defesa de alunos de mestrado e doutorado (projeto de disserta\u00e7\u00e3o de mestrado e doutorado e defesa final) e outras atividades administrativas como reuni\u00f5es de Departamento e Colegiado do Programa de P\u00f3s Gradua\u00e7\u00e3o em Engenharia Mec\u00e2nica.<\/p>\n","protected":false},"excerpt":{"rendered":"<p>Os pesquisadores deste grupo de pesquisa participam ministrando aulas tanto na gradua\u00e7\u00e3o quanto na p\u00f3s gradua\u00e7\u00e3o. Estes pesquisadores, al\u00e9m desta carga hor\u00e1ria em aulas, orientam [&hellip;]<\/p>\n","protected":false},"author":1113,"featured_media":0,"parent":0,"menu_order":0,"comment_status":"open","ping_status":"open","template":"","meta":{"footnotes":""},"_links":{"self":[{"href":"https:\/\/tecnologia.ufpr.br\/gvibs\/wp-json\/wp\/v2\/pages\/38"}],"collection":[{"href":"https:\/\/tecnologia.ufpr.br\/gvibs\/wp-json\/wp\/v2\/pages"}],"about":[{"href":"https:\/\/tecnologia.ufpr.br\/gvibs\/wp-json\/wp\/v2\/types\/page"}],"author":[{"embeddable":true,"href":"https:\/\/tecnologia.ufpr.br\/gvibs\/wp-json\/wp\/v2\/users\/1113"}],"replies":[{"embeddable":true,"href":"https:\/\/tecnologia.ufpr.br\/gvibs\/wp-json\/wp\/v2\/comments?post=38"}],"version-history":[{"count":1,"href":"https:\/\/tecnologia.ufpr.br\/gvibs\/wp-json\/wp\/v2\/pages\/38\/revisions"}],"predecessor-version":[{"id":1325,"href":"https:\/\/tecnologia.ufpr.br\/gvibs\/wp-json\/wp\/v2\/pages\/38\/revisions\/1325"}],"wp:attachment":[{"href":"https:\/\/tecnologia.ufpr.br\/gvibs\/wp-json\/wp\/v2\/media?parent=38"}],"curies":[{"name":"wp","href":"https:\/\/api.w.org\/{rel}","templated":true}]}}