{"id":36,"date":"2013-07-30T13:54:16","date_gmt":"2013-07-30T16:54:16","guid":{"rendered":"https:\/\/demec.ufpr.br\/gvibs\/?page_id=36"},"modified":"2013-07-30T13:54:16","modified_gmt":"2013-07-30T16:54:16","slug":"publicacoes","status":"publish","type":"page","link":"https:\/\/tecnologia.ufpr.br\/gvibs\/publicacoes\/","title":{"rendered":"Publica\u00e7\u00f5es"},"content":{"rendered":"<p>Dissemina\u00e7\u00e3o de resultados atrav\u00e9s de<\/p>\n<p>&#8211; Artigos<\/p>\n<p>&#8211; Disserta\u00e7\u00f5es de mestrado<\/p>\n<p>&#8211; Teses de doutorado<\/p>\n","protected":false},"excerpt":{"rendered":"<p>Dissemina\u00e7\u00e3o de resultados atrav\u00e9s de &#8211; Artigos &#8211; Disserta\u00e7\u00f5es de mestrado &#8211; Teses de doutorado<\/p>\n","protected":false},"author":1113,"featured_media":0,"parent":0,"menu_order":0,"comment_status":"open","ping_status":"open","template":"","meta":{"footnotes":""},"_links":{"self":[{"href":"https:\/\/tecnologia.ufpr.br\/gvibs\/wp-json\/wp\/v2\/pages\/36"}],"collection":[{"href":"https:\/\/tecnologia.ufpr.br\/gvibs\/wp-json\/wp\/v2\/pages"}],"about":[{"href":"https:\/\/tecnologia.ufpr.br\/gvibs\/wp-json\/wp\/v2\/types\/page"}],"author":[{"embeddable":true,"href":"https:\/\/tecnologia.ufpr.br\/gvibs\/wp-json\/wp\/v2\/users\/1113"}],"replies":[{"embeddable":true,"href":"https:\/\/tecnologia.ufpr.br\/gvibs\/wp-json\/wp\/v2\/comments?post=36"}],"version-history":[{"count":0,"href":"https:\/\/tecnologia.ufpr.br\/gvibs\/wp-json\/wp\/v2\/pages\/36\/revisions"}],"wp:attachment":[{"href":"https:\/\/tecnologia.ufpr.br\/gvibs\/wp-json\/wp\/v2\/media?parent=36"}],"curies":[{"name":"wp","href":"https:\/\/api.w.org\/{rel}","templated":true}]}}