{"id":34,"date":"2013-07-30T13:54:01","date_gmt":"2013-07-30T16:54:01","guid":{"rendered":"https:\/\/demec.ufpr.br\/gvibs\/?page_id=34"},"modified":"2026-03-18T13:53:13","modified_gmt":"2026-03-18T16:53:13","slug":"infraestrutura","status":"publish","type":"page","link":"https:\/\/tecnologia.ufpr.br\/gvibs\/infraestrutura\/","title":{"rendered":"Infraestrutura"},"content":{"rendered":"\n<p>Laborat\u00f3rio de Propriedades Termomec\u00e2nicas de Materiais Viscoel\u00e1sticos (LPTMV)<\/p>\n\n\n\n<p>Laborat\u00f3rio de Vibra\u00e7\u00f5es e Som (LAVIBS)<\/p>\n\n\n\n<p>Laborat\u00f3rio de Mec\u00e2nica dos S\u00f3lidos Computacional (LASCOM)<\/p>\n\n\n\n<figure class=\"wp-block-image size-full\"><img loading=\"lazy\" decoding=\"async\" width=\"900\" height=\"1600\" src=\"https:\/\/tecnologia.ufpr.br\/gvibs\/wp-content\/uploads\/sites\/63\/2026\/02\/whatsapp-image-2026-02-17-at-9-21-14-am.jpeg\" alt=\"\" class=\"wp-image-1559\" \/><\/figure>\n\n\n\n<figure class=\"wp-block-image size-full\"><img loading=\"lazy\" decoding=\"async\" width=\"900\" height=\"1600\" src=\"https:\/\/tecnologia.ufpr.br\/gvibs\/wp-content\/uploads\/sites\/63\/2026\/02\/whatsapp-image-2026-02-17-at-9-21-14-am-3.jpeg\" alt=\"\" class=\"wp-image-1558\" \/><\/figure>\n\n\n\n<figure class=\"wp-block-image size-full\"><img loading=\"lazy\" decoding=\"async\" width=\"900\" height=\"1600\" src=\"https:\/\/tecnologia.ufpr.br\/gvibs\/wp-content\/uploads\/sites\/63\/2026\/02\/whatsapp-image-2026-02-17-at-9-21-14-am-1.jpeg\" alt=\"\" class=\"wp-image-1557\" \/><\/figure>\n\n\n\n<figure class=\"wp-block-image size-full\"><img loading=\"lazy\" decoding=\"async\" width=\"1600\" height=\"900\" src=\"https:\/\/tecnologia.ufpr.br\/gvibs\/wp-content\/uploads\/sites\/63\/2026\/02\/whatsapp-image-2026-02-17-at-9-21-13-am-2.jpeg\" alt=\"\" class=\"wp-image-1556\" \/><\/figure>\n\n\n\n<figure class=\"wp-block-image size-full\"><img loading=\"lazy\" decoding=\"async\" width=\"1600\" height=\"900\" src=\"https:\/\/tecnologia.ufpr.br\/gvibs\/wp-content\/uploads\/sites\/63\/2026\/02\/whatsapp-image-2026-02-17-at-10-28-21-am-1.jpeg\" alt=\"\" class=\"wp-image-1553\" \/><\/figure>\n\n\n\n<figure class=\"wp-block-image size-full\"><img loading=\"lazy\" decoding=\"async\" width=\"900\" height=\"1600\" src=\"https:\/\/tecnologia.ufpr.br\/gvibs\/wp-content\/uploads\/sites\/63\/2026\/02\/whatsapp-image-2026-02-17-at-12-53-27-pm.jpeg\" alt=\"\" class=\"wp-image-1554\" \/><\/figure>\n\n\n\n<figure class=\"wp-block-image size-full\"><img loading=\"lazy\" decoding=\"async\" width=\"1600\" height=\"1200\" src=\"https:\/\/tecnologia.ufpr.br\/gvibs\/wp-content\/uploads\/sites\/63\/2026\/02\/whatsapp-image-2026-02-17-at-10-00-20-am.jpeg\" alt=\"\" class=\"wp-image-1551\" \/><\/figure>\n\n\n<p>Caracter\u00edsticas t\u00e9cnicas dos principais equipamentos:<\/p>\n<table style=\"height: 2795px\" width=\"968\" align=\"center\">\n<tbody>\n<tr>\n<td style=\"text-align: center\" colspan=\"3\"><b>C\u00e2mara de Climatiza\u00e7\u00e3o<\/b><\/td>\n<\/tr>\n<tr>\n<td style=\"padding-left: 45px\">\u00a0<img loading=\"lazy\" decoding=\"async\" class=\"alignnone  wp-image-873\" src=\"https:\/\/tecnologia.ufpr.br\/gvibs\/wp-content\/uploads\/sites\/63\/2021\/03\/camara-de-climatizacao.png\" alt=\"camara de climatizacao\" width=\"255\" height=\"179\" srcset=\"https:\/\/tecnologia.ufpr.br\/gvibs\/wp-content\/uploads\/sites\/63\/2021\/03\/camara-de-climatizacao.png 437w, https:\/\/tecnologia.ufpr.br\/gvibs\/wp-content\/uploads\/sites\/63\/2021\/03\/camara-de-climatizacao-300x211.png 300w\" sizes=\"(max-width: 255px) 100vw, 255px\" \/><\/td>\n<td style=\"padding-left: 45px\">\u00a0<img loading=\"lazy\" decoding=\"async\" class=\"alignnone wp-image-876\" src=\"https:\/\/tecnologia.ufpr.br\/gvibs\/wp-content\/uploads\/sites\/63\/2021\/03\/comando-caamra-de-climatizacao.png\" alt=\"comando caamra de climatiza\u00e7\u00e3o\" width=\"91\" height=\"231\" \/><img loading=\"lazy\" decoding=\"async\" class=\"alignnone wp-image-877\" src=\"https:\/\/tecnologia.ufpr.br\/gvibs\/wp-content\/uploads\/sites\/63\/2021\/03\/soprador-camara-de-climaticacao.png\" alt=\"soprador camara de climatica\u00e7\u00e3o\" width=\"131\" height=\"105\" \/><\/td>\n<td style=\"padding-left: 45px\">C\u00e2mara de Climatiza\u00e7\u00e3o e Controladores\n<ul>\n<li>Marca\/modelo: ATT AV1200 C5<\/li>\n<li>Dimens\u00f5es interna<strong>\u00a0<\/strong>1000x1130x1080<\/li>\n<li>Capacidade \u00fatil (L): 1220<\/li>\n<li>Temperatura -75\u00baC a +180\u00b0C<\/li>\n<li>\u00a0Velocidade de aquecimento e resfriamento<sup>\u00a0<\/sup>(\u00b0C\/min)<strong>: <\/strong>5<\/li>\n<li>\u00a0Umidade relativa<strong>: <\/strong>10% a 98%<\/li>\n<\/ul>\n<p>Uso compartilhado<\/p>\n<p>Consultar disponibilidade para realizar ensaios. Este agendamento \u00e9 realizado enviando um e-mail para bavastri@ufpr.br. Do tempo dispon\u00edvel de maquina, o 80% ser\u00e1 destinado a pesquisa e 20% a entidades externas \u00e0 UFPR e industrias.<\/p>\n<\/td>\n<\/tr>\n<tr>\n<td style=\"text-align: center\" width=\"185\">\u00a0<\/td>\n<td style=\"text-align: center\" width=\"185\">\u00a0<\/td>\n<td style=\"text-align: center\" width=\"185\">\u00a0<\/td>\n<\/tr>\n<tr>\n<td style=\"text-align: center\" colspan=\"3\"><b>M\u00e1quina Universal de Ensaios<\/b><\/td>\n<\/tr>\n<tr>\n<td style=\"padding-left: 45px\">\u00a0<img loading=\"lazy\" decoding=\"async\" class=\"alignnone  wp-image-868\" src=\"https:\/\/tecnologia.ufpr.br\/gvibs\/wp-content\/uploads\/sites\/63\/2021\/03\/bancada-antivibratoria.jpg\" alt=\"bancada antivibratoria\" width=\"363\" height=\"200\" srcset=\"https:\/\/tecnologia.ufpr.br\/gvibs\/wp-content\/uploads\/sites\/63\/2021\/03\/bancada-antivibratoria.jpg 593w, https:\/\/tecnologia.ufpr.br\/gvibs\/wp-content\/uploads\/sites\/63\/2021\/03\/bancada-antivibratoria-300x166.jpg 300w\" sizes=\"(max-width: 363px) 100vw, 363px\" \/><\/td>\n<td style=\"padding-left: 45px\">\u00a0<img loading=\"lazy\" decoding=\"async\" class=\"alignnone wp-image-881\" src=\"https:\/\/tecnologia.ufpr.br\/gvibs\/wp-content\/uploads\/sites\/63\/2021\/03\/compressor-ar-limpo.png\" alt=\"compressor ar limpo\" width=\"342\" height=\"317\" srcset=\"https:\/\/tecnologia.ufpr.br\/gvibs\/wp-content\/uploads\/sites\/63\/2021\/03\/compressor-ar-limpo.png 312w, https:\/\/tecnologia.ufpr.br\/gvibs\/wp-content\/uploads\/sites\/63\/2021\/03\/compressor-ar-limpo-300x279.png 300w\" sizes=\"(max-width: 342px) 100vw, 342px\" \/><\/td>\n<td style=\"padding-left: 45px\">\n<p>M\u00e1quina Universal de Ensaios<\/p>\n<p>a) Estrutura de testes<\/p>\n<ul>\n<li>Marca\/modelo: Instron 8802<\/li>\n<li>Dimens\u00f5es<sup>1<\/sup> (mm): 1050x1132x2860<sup>2<\/sup><\/li>\n<li>Capacidade de carga din\u00e2mica (kN): at\u00e9 250<\/li>\n<li>Ambiente de opera\u00e7\u00e3o: de 10\u00b0C a 38\u00b0C, com 10% a 90% de umidade (n\u00e3o condensante); o ambiente tamb\u00e9m deve ser est\u00e1vel e livre de correntes de ar.<\/li>\n<\/ul>\n<p>b) Unidade hidr\u00e1ulica de pot\u00eancia<\/p>\n<ul>\n<li>Marca\/modelo: Instron 3521-078<\/li>\n<li>Dimens\u00f5es<sup>13<\/sup> (mm): 1740x1110x1670<\/li>\n<li>Vaz\u00e3o (l\/min): 78<\/li>\n<\/ul>\n<p>c) Controlador<\/p>\n<ul>\n<li>Marca\/modelo: Instron 8800<\/li>\n<li>Dimens\u00f5es<sup>1<\/sup>(mm): 280x530x650<\/li>\n<\/ul>\n<p>d) C\u00e2mara de climatiza\u00e7\u00e3o<\/p>\n<ul>\n<li>Marca\/modelo: Instron 8800<\/li>\n<li>Temperatura: -140\u00baC a +1300\u00b0C<\/li>\n<\/ul>\n<p>e) Uso compartilhado<\/p>\n<p>Consultar disponibilidade para realizar ensaios. Este agendamento \u00e9 realizado enviando um e-mail para bavastri@ufpr.br. Do tempo dispon\u00edvel de maquina, o 80% ser\u00e1 destinado a pesquisa e 20% a entidades externas \u00e0 UFPR e industrias.<\/p>\n<\/td>\n<\/tr>\n<tr>\n<td style=\"text-align: center\" width=\"185\">\u00a0<\/td>\n<td style=\"text-align: center\" width=\"185\">\u00a0<\/td>\n<td style=\"text-align: center\" width=\"185\">\u00a0<\/td>\n<\/tr>\n<tr>\n<td style=\"text-align: center\" colspan=\"3\"><strong>Bancada Antivibrat\u00f3ria\u00a0<\/strong><\/td>\n<\/tr>\n<tr class=\"alignnone\">\n<td style=\"padding-left: 45px\">\u00a0<img loading=\"lazy\" decoding=\"async\" class=\"alignnone wp-image-883\" src=\"https:\/\/tecnologia.ufpr.br\/gvibs\/wp-content\/uploads\/sites\/63\/2021\/03\/bancada-antivibratoria-1.jpg\" alt=\"bancada antivibratoria\" width=\"297\" height=\"209\" srcset=\"https:\/\/tecnologia.ufpr.br\/gvibs\/wp-content\/uploads\/sites\/63\/2021\/03\/bancada-antivibratoria-1.jpg 642w, https:\/\/tecnologia.ufpr.br\/gvibs\/wp-content\/uploads\/sites\/63\/2021\/03\/bancada-antivibratoria-1-300x211.jpg 300w\" sizes=\"(max-width: 297px) 100vw, 297px\" \/><\/td>\n<td style=\"padding-left: 45px\">\u00a0<img loading=\"lazy\" decoding=\"async\" class=\"alignnone wp-image-872\" src=\"https:\/\/tecnologia.ufpr.br\/gvibs\/wp-content\/uploads\/sites\/63\/2021\/03\/bancada-antivibratoria.png\" alt=\"bancada antivibratoria\" width=\"217\" height=\"172\" srcset=\"https:\/\/tecnologia.ufpr.br\/gvibs\/wp-content\/uploads\/sites\/63\/2021\/03\/bancada-antivibratoria.png 397w, https:\/\/tecnologia.ufpr.br\/gvibs\/wp-content\/uploads\/sites\/63\/2021\/03\/bancada-antivibratoria-300x238.png 300w\" sizes=\"(max-width: 217px) 100vw, 217px\" \/><\/td>\n<td style=\"padding-left: 45px\">\u00a0Especifica\u00e7\u00f5es T\u00e9cnicasa) Mesa\n<ul>\n<li>Marca\/modelo: Thorlabs T48HK<\/li>\n<li>Dimens\u00f5es<sup>1<\/sup>(mm): 2438,4 x 1219,2 x 910,82<\/li>\n<li>Peso (kg): 533<\/li>\n<li>Frequ\u00eancia natural 1,5 Hz<\/li>\n<\/ul>\n<p>b) Compressor<\/p>\n<ul>\n<li>Marca\/modelo: Thorlabs PTA 512<\/li>\n<li>Dimens\u00f5es<sup>1<\/sup> (mm): 350 x 340 x 340<\/li>\n<li>Peso (kg): 17<\/li>\n<li>Ru\u00eddo<sup>2<\/sup> (dBA): 30<\/li>\n<\/ul>\n<\/td>\n<\/tr>\n<tr>\n<td style=\"text-align: center\" width=\"185\">\u00a0<\/td>\n<td style=\"text-align: center\" width=\"185\">\u00a0<\/td>\n<td width=\"185\">\u00a0<\/td>\n<\/tr>\n<tr>\n<td style=\"text-align: center\" colspan=\"3\"><strong>Bancadas de Rotordin\u00e2mica<\/strong><\/td>\n<\/tr>\n<tr>\n<td style=\"padding-left: 45px\">\u00a0<img loading=\"lazy\" decoding=\"async\" class=\"alignnone wp-image-822\" src=\"https:\/\/tecnologia.ufpr.br\/gvibs\/wp-content\/uploads\/sites\/63\/2021\/03\/Projeto-WEG-2018.jpg\" alt=\"Projeto WEG 2018\" width=\"305\" height=\"142\" srcset=\"https:\/\/tecnologia.ufpr.br\/gvibs\/wp-content\/uploads\/sites\/63\/2021\/03\/Projeto-WEG-2018.jpg 1350w, https:\/\/tecnologia.ufpr.br\/gvibs\/wp-content\/uploads\/sites\/63\/2021\/03\/Projeto-WEG-2018-300x140.jpg 300w, https:\/\/tecnologia.ufpr.br\/gvibs\/wp-content\/uploads\/sites\/63\/2021\/03\/Projeto-WEG-2018-1024x477.jpg 1024w, https:\/\/tecnologia.ufpr.br\/gvibs\/wp-content\/uploads\/sites\/63\/2021\/03\/Projeto-WEG-2018-768x358.jpg 768w\" sizes=\"(max-width: 305px) 100vw, 305px\" \/><\/td>\n<td style=\"padding-left: 45px\">\u00a0<img loading=\"lazy\" decoding=\"async\" class=\"alignnone size-full wp-image-885\" src=\"https:\/\/tecnologia.ufpr.br\/gvibs\/wp-content\/uploads\/sites\/63\/2021\/03\/rotor-Bently-1.png\" alt=\"rotor Bently 1\" width=\"567\" height=\"229\" srcset=\"https:\/\/tecnologia.ufpr.br\/gvibs\/wp-content\/uploads\/sites\/63\/2021\/03\/rotor-Bently-1.png 567w, https:\/\/tecnologia.ufpr.br\/gvibs\/wp-content\/uploads\/sites\/63\/2021\/03\/rotor-Bently-1-300x121.png 300w\" sizes=\"(max-width: 567px) 100vw, 567px\" \/><\/td>\n<td style=\"padding-left: 45px\">\u00a0Especifica\u00e7\u00f5es T\u00e9cnicasRotor comercial da Bently Nevada &#8211; RotorkitsRotor desenvolvido pelo grupo de pesquisa GVIBS\u00a0 com motor e inversor de frequ\u00eancias da WEG M\u00e1quinas El\u00e9tricas,\u00a0WEG W22 Premium e\u00a0WEG\/CFW700A07P0T4DB20, respectivamente.<\/td>\n<\/tr>\n<tr>\n<td style=\"text-align: center\" width=\"185\">\u00a0<\/td>\n<td style=\"text-align: center\" width=\"185\">\u00a0<\/td>\n<td style=\"text-align: center\" width=\"185\">\u00a0<\/td>\n<\/tr>\n<tr>\n<td style=\"text-align: center\" colspan=\"3\"><b>Atuadores tipo Shaker<\/b><\/td>\n<\/tr>\n<tr>\n<td style=\"padding-left: 45px\">\u00a0<img loading=\"lazy\" decoding=\"async\" class=\"alignnone size-full wp-image-874\" src=\"https:\/\/tecnologia.ufpr.br\/gvibs\/wp-content\/uploads\/sites\/63\/2021\/03\/shaker-da-tira.png\" alt=\"shaker da tira\" width=\"234\" height=\"283\" \/><\/td>\n<td style=\"padding-left: 45px\">\u00a0<img loading=\"lazy\" decoding=\"async\" class=\"alignnone size-full wp-image-888\" src=\"https:\/\/tecnologia.ufpr.br\/gvibs\/wp-content\/uploads\/sites\/63\/2021\/03\/shake-medio.jpg\" alt=\"shake medio\" width=\"635\" height=\"361\" srcset=\"https:\/\/tecnologia.ufpr.br\/gvibs\/wp-content\/uploads\/sites\/63\/2021\/03\/shake-medio.jpg 635w, https:\/\/tecnologia.ufpr.br\/gvibs\/wp-content\/uploads\/sites\/63\/2021\/03\/shake-medio-300x171.jpg 300w\" sizes=\"(max-width: 635px) 100vw, 635px\" \/><\/td>\n<td style=\"padding-left: 45px\">\u00a0\u00a0Especifica\u00e7\u00f5es T\u00e9cnicasShaker TIRA\n<ul>\n<li>Marca\/modelo: TIRA TV 56280\/LS-340<\/li>\n<li>Dimens\u00f5es<sup>1<\/sup>(mm):769x770x899<\/li>\n<li>Peso (com suporte)(kg): 780<\/li>\n<li>Pico de for\u00e7a nominal<sup>2<\/sup> (N): 8000\/6000\/16000<\/li>\n<li>Faixa de frequ\u00eancia (Hz): 0 a 3000<\/li>\n<li>Deslocamento m\u00e1ximo (mm): 50,8 (pico-pico)<\/li>\n<li>Velocidade m\u00e1xima<sup>2<\/sup> (m\/s): 1,7\/1,7\/2,5<\/li>\n<li>Acelera\u00e7\u00e3o m\u00e1xima<sup>2<\/sup> (g): 88\/65\/175<\/li>\n<\/ul>\n<p>Shaker Bruel &amp; Kjaer<\/p>\n<ul>\n<li>Marca\/modelo:\u00a0Bruel &amp; Kjaer 4824<\/li>\n<li>For\u00e7a de 100 N (22 lbf)<\/li>\n<li>Ideal para ata precis\u00e3o<\/li>\n<\/ul>\n<p>Uso compartilhado<\/p>\n<p>Consultar disponibilidade para realizar ensaios. Este agendamento \u00e9 realizado enviando um e-mail para bavastri@ufpr.br. Do tempo dispon\u00edvel de maquina, o 80% ser\u00e1 destinado a pesquisa e 20% a entidades externas \u00e0 UFPR e industrias.<\/p>\n<\/td>\n<\/tr>\n<tr>\n<td style=\"text-align: center\" width=\"185\">\u00a0<\/td>\n<td style=\"text-align: center\" width=\"185\">\u00a0<\/td>\n<td style=\"text-align: center\" width=\"185\">\u00a0<\/td>\n<\/tr>\n<tr>\n<td style=\"text-align: center\" colspan=\"3\"><b>Medidores de Vibra\u00e7\u00f5es e Ac\u00fastica<\/b><\/td>\n<\/tr>\n<tr>\n<td style=\"padding-left: 45px\">\u00a0<img loading=\"lazy\" decoding=\"async\" class=\"alignnone size-full wp-image-890\" src=\"https:\/\/tecnologia.ufpr.br\/gvibs\/wp-content\/uploads\/sites\/63\/2021\/03\/sistema-de-medicao-analise-modal.png\" alt=\"sistema de medi\u00e7\u00e3o analise modal\" width=\"596\" height=\"448\" srcset=\"https:\/\/tecnologia.ufpr.br\/gvibs\/wp-content\/uploads\/sites\/63\/2021\/03\/sistema-de-medicao-analise-modal.png 596w, https:\/\/tecnologia.ufpr.br\/gvibs\/wp-content\/uploads\/sites\/63\/2021\/03\/sistema-de-medicao-analise-modal-300x226.png 300w\" sizes=\"(max-width: 596px) 100vw, 596px\" \/><\/td>\n<td style=\"padding-left: 45px\">\u00a0<img loading=\"lazy\" decoding=\"async\" class=\"alignnone size-full wp-image-889\" src=\"https:\/\/tecnologia.ufpr.br\/gvibs\/wp-content\/uploads\/sites\/63\/2021\/03\/sistema-de-medicao-acusitca.png\" alt=\"sistema de medi\u00e7\u00e3o acusitca\" width=\"719\" height=\"484\" srcset=\"https:\/\/tecnologia.ufpr.br\/gvibs\/wp-content\/uploads\/sites\/63\/2021\/03\/sistema-de-medicao-acusitca.png 719w, https:\/\/tecnologia.ufpr.br\/gvibs\/wp-content\/uploads\/sites\/63\/2021\/03\/sistema-de-medicao-acusitca-300x202.png 300w\" sizes=\"(max-width: 719px) 100vw, 719px\" \/><\/td>\n<td style=\"padding-left: 45px\">\u00a0Especifica\u00e7\u00f5es T\u00e9cnicasAnalisadores:\n<ul>\n<li>Pulse<\/li>\n<li>Photon<\/li>\n<li>Quatro<\/li>\n<\/ul>\n<p>Aceler\u00f4metros:<\/p>\n<ul>\n<li>S\u00edsmicos<\/li>\n<li>Miniaturas<\/li>\n<li>M\u00e9dios<\/li>\n<\/ul>\n<p>Microfones:<\/p>\n<ul>\n<li>ICPs de 1\/2 e 1\/4 de polegadas<\/li>\n<\/ul>\n<\/td>\n<\/tr>\n<tr>\n<td style=\"text-align: center\" width=\"185\">\u00a0<\/td>\n<td style=\"text-align: center\" width=\"185\">\u00a0<\/td>\n<td width=\"185\">\u00a0<\/td>\n<\/tr>\n<\/tbody>\n<\/table>\n\n\n\n","protected":false},"excerpt":{"rendered":"<p>Laborat\u00f3rio de Propriedades Termomec\u00e2nicas de Materiais Viscoel\u00e1sticos (LPTMV) Laborat\u00f3rio de Vibra\u00e7\u00f5es e Som (LAVIBS) Laborat\u00f3rio de Mec\u00e2nica dos S\u00f3lidos Computacional (LASCOM) Caracter\u00edsticas t\u00e9cnicas dos principais [&hellip;]<\/p>\n","protected":false},"author":1113,"featured_media":0,"parent":0,"menu_order":0,"comment_status":"open","ping_status":"open","template":"","meta":{"footnotes":""},"_links":{"self":[{"href":"https:\/\/tecnologia.ufpr.br\/gvibs\/wp-json\/wp\/v2\/pages\/34"}],"collection":[{"href":"https:\/\/tecnologia.ufpr.br\/gvibs\/wp-json\/wp\/v2\/pages"}],"about":[{"href":"https:\/\/tecnologia.ufpr.br\/gvibs\/wp-json\/wp\/v2\/types\/page"}],"author":[{"embeddable":true,"href":"https:\/\/tecnologia.ufpr.br\/gvibs\/wp-json\/wp\/v2\/users\/1113"}],"replies":[{"embeddable":true,"href":"https:\/\/tecnologia.ufpr.br\/gvibs\/wp-json\/wp\/v2\/comments?post=34"}],"version-history":[{"count":10,"href":"https:\/\/tecnologia.ufpr.br\/gvibs\/wp-json\/wp\/v2\/pages\/34\/revisions"}],"predecessor-version":[{"id":1592,"href":"https:\/\/tecnologia.ufpr.br\/gvibs\/wp-json\/wp\/v2\/pages\/34\/revisions\/1592"}],"wp:attachment":[{"href":"https:\/\/tecnologia.ufpr.br\/gvibs\/wp-json\/wp\/v2\/media?parent=34"}],"curies":[{"name":"wp","href":"https:\/\/api.w.org\/{rel}","templated":true}]}}