{"id":302,"date":"2015-09-24T10:14:08","date_gmt":"2015-09-24T13:14:08","guid":{"rendered":"https:\/\/demec.ufpr.br\/gvibs\/?page_id=302"},"modified":"2025-12-22T10:43:52","modified_gmt":"2025-12-22T13:43:52","slug":"lascom","status":"publish","type":"page","link":"https:\/\/tecnologia.ufpr.br\/gvibs\/pagina-exemplo-2\/laboratorios\/lascom\/","title":{"rendered":"LASCOM"},"content":{"rendered":"\n<figure class=\"wp-block-gallery has-nested-images columns-default is-cropped wp-block-gallery-1 is-layout-flex wp-block-gallery-is-layout-flex\">\n<figure class=\"wp-block-image size-large\"><img loading=\"lazy\" decoding=\"async\" width=\"1024\" height=\"269\" data-id=\"1420\" src=\"https:\/\/tecnologia.ufpr.br\/gvibs\/wp-content\/uploads\/sites\/63\/2025\/09\/lascom_horizontal-1-1024x269.png\" alt=\"\" class=\"wp-image-1420\" srcset=\"https:\/\/tecnologia.ufpr.br\/gvibs\/wp-content\/uploads\/sites\/63\/2025\/09\/lascom_horizontal-1-1024x269.png 1024w, https:\/\/tecnologia.ufpr.br\/gvibs\/wp-content\/uploads\/sites\/63\/2025\/09\/lascom_horizontal-1-300x79.png 300w, https:\/\/tecnologia.ufpr.br\/gvibs\/wp-content\/uploads\/sites\/63\/2025\/09\/lascom_horizontal-1-768x201.png 768w, https:\/\/tecnologia.ufpr.br\/gvibs\/wp-content\/uploads\/sites\/63\/2025\/09\/lascom_horizontal-1-1536x403.png 1536w, https:\/\/tecnologia.ufpr.br\/gvibs\/wp-content\/uploads\/sites\/63\/2025\/09\/lascom_horizontal-1-2048x537.png 2048w, https:\/\/tecnologia.ufpr.br\/gvibs\/wp-content\/uploads\/sites\/63\/2025\/09\/lascom_horizontal-1-18x5.png 18w, https:\/\/tecnologia.ufpr.br\/gvibs\/wp-content\/uploads\/sites\/63\/2025\/09\/lascom_horizontal-1-175x46.png 175w, https:\/\/tecnologia.ufpr.br\/gvibs\/wp-content\/uploads\/sites\/63\/2025\/09\/lascom_horizontal-1-75x20.png 75w\" sizes=\"(max-width: 1024px) 100vw, 1024px\" \/><\/figure>\n<\/figure>\n\n\n\n<p>O Laborat\u00f3rio de Mec\u00e2nica dos S\u00f3lidos Computacional (LASCOM), que foi criado em 12 de agosto de 2012 pelo professor Juc\u00e9lio Tom\u00e1s Pereira, busca o aprofundamento de conhecimentos em fen\u00f4menos da Mec\u00e2nica dos S\u00f3lidos e Vibra\u00e7\u00f5es Mec\u00e2nicas, no desenvolvimento de t\u00e9cnicas num\u00e9rico-experimentais para identifica\u00e7\u00e3o de par\u00e2metros e na an\u00e1lise de comportamentos e\/ou projetos \u00f3timos de novos sistemas estruturais mec\u00e2nicos. Totalmente inserido na \u00c1rea de Mec\u00e2nica dos S\u00f3lidos e Vibra\u00e7\u00f5es do PGMEC\/UFPR, este laborat\u00f3rio disp\u00f5e de recursos humanos, de equipamentos de medi\u00e7\u00e3o para an\u00e1lise experimental de deforma\u00e7\u00f5es\/tens\u00f5es, de equipamentos para medi\u00e7\u00e3o de vibra\u00e7\u00f5es e ru\u00eddo em estruturas e de computadores e softwares para simula\u00e7\u00f5es num\u00e9ricas dos fen\u00f4menos relacionados.<\/p>\n\n\n\n<p><\/p>\n","protected":false},"excerpt":{"rendered":"<p>O Laborat\u00f3rio de Mec\u00e2nica dos S\u00f3lidos Computacional (LASCOM), que foi criado em 12 de agosto de 2012 pelo professor Juc\u00e9lio Tom\u00e1s Pereira, busca o aprofundamento [&hellip;]<\/p>\n","protected":false},"author":1113,"featured_media":0,"parent":52,"menu_order":0,"comment_status":"open","ping_status":"open","template":"","meta":{"footnotes":""},"_links":{"self":[{"href":"https:\/\/tecnologia.ufpr.br\/gvibs\/wp-json\/wp\/v2\/pages\/302"}],"collection":[{"href":"https:\/\/tecnologia.ufpr.br\/gvibs\/wp-json\/wp\/v2\/pages"}],"about":[{"href":"https:\/\/tecnologia.ufpr.br\/gvibs\/wp-json\/wp\/v2\/types\/page"}],"author":[{"embeddable":true,"href":"https:\/\/tecnologia.ufpr.br\/gvibs\/wp-json\/wp\/v2\/users\/1113"}],"replies":[{"embeddable":true,"href":"https:\/\/tecnologia.ufpr.br\/gvibs\/wp-json\/wp\/v2\/comments?post=302"}],"version-history":[{"count":7,"href":"https:\/\/tecnologia.ufpr.br\/gvibs\/wp-json\/wp\/v2\/pages\/302\/revisions"}],"predecessor-version":[{"id":1526,"href":"https:\/\/tecnologia.ufpr.br\/gvibs\/wp-json\/wp\/v2\/pages\/302\/revisions\/1526"}],"up":[{"embeddable":true,"href":"https:\/\/tecnologia.ufpr.br\/gvibs\/wp-json\/wp\/v2\/pages\/52"}],"wp:attachment":[{"href":"https:\/\/tecnologia.ufpr.br\/gvibs\/wp-json\/wp\/v2\/media?parent=302"}],"curies":[{"name":"wp","href":"https:\/\/api.w.org\/{rel}","templated":true}]}}