{"id":28,"date":"2013-07-30T13:47:55","date_gmt":"2013-07-30T16:47:55","guid":{"rendered":"https:\/\/demec.ufpr.br\/gvibs\/?page_id=28"},"modified":"2026-02-24T11:02:08","modified_gmt":"2026-02-24T14:02:08","slug":"projetos","status":"publish","type":"page","link":"https:\/\/tecnologia.ufpr.br\/gvibs\/projetos\/","title":{"rendered":"Projetos"},"content":{"rendered":"\n<figure class=\"wp-block-table\"><table><tbody><tr><td class=\"has-text-align-center\" data-align=\"center\"><\/td><td class=\"has-text-align-center\" data-align=\"center\"><\/td><td><\/td><\/tr><tr><td class=\"has-text-align-center\" data-align=\"center\"><img decoding=\"async\" src=\"https:\/\/tecnologia.ufpr.br\/gvibs\/wp-content\/uploads\/sites\/63\/2024\/09\/imagem1.png\" alt=\"\" style=\"width: 230px\"><\/td><td class=\"has-text-align-center\" data-align=\"center\"><a href=\"https:\/\/tecnologia.ufpr.br\/gvibs\/projetos\/neutralizadores-dinamicos-viscoelasticos\/\" target=\"_blank\" rel=\"noreferrer noopener\"><strong>Neutralizadores de Vibra\u00e7\u00f5es <\/strong><\/a><br><a href=\"https:\/\/tecnologia.ufpr.br\/gvibs\/projetos\/neutralizadores-dinamicos-viscoelasticos\/\" target=\"_blank\" rel=\"noreferrer noopener\"><strong>Viscoel\u00e1sticos<\/strong><\/a><\/td><td>Equipe:<br>&#8211; Eduardo O. Lopes<br>&#8211; Juc\u00e9lio T. Pereira<br>&#8211; Carlos A. Bavastri <br>&#8211; Jo\u00e3o Luiz Alves<br>&#8211;\u00a0Jederson da Silva<br>&#8211; Jo\u00e3o Luiz do Vale<br>&#8211;\u00a0Samuel Kluthcovsky<br>&#8211; Bruno F. A. Prado<br>&#8211; Eduardo Salmoria Fantin<br>&#8211; Isadora da Luz<br>&#8211; Fernanda Domingues Biagi<br>&#8211; Matheus F Guerreiro<br>&#8211; Igor Sanches Manei<br>&#8211; Nathalia Nogueira Alves<br>&#8211; Heloisa de Oliveira Pinho<br>&#8211; Vitor Tarlombani Stelmach<\/td><\/tr><tr><td class=\"has-text-align-center\" data-align=\"center\"><\/td><td class=\"has-text-align-center\" data-align=\"center\"><\/td><td><\/td><\/tr><tr><td class=\"has-text-align-center\" data-align=\"center\"><\/td><td class=\"has-text-align-center\" data-align=\"center\"><\/td><td><\/td><\/tr><\/tbody><\/table><\/figure>\n\n\n\n<figure class=\"wp-block-table\"><table><tbody><tr><td><\/td><td class=\"has-text-align-center\" data-align=\"center\"><\/td><td><\/td><\/tr><tr><td><img decoding=\"async\" src=\"https:\/\/tecnologia.ufpr.br\/gvibs\/wp-content\/uploads\/sites\/63\/2024\/09\/nd-hibridos.png\" alt=\"\" style=\"width: 220px\"><\/td><td class=\"has-text-align-center\" data-align=\"center\"><a href=\"https:\/\/tecnologia.ufpr.br\/gvibs\/projetos\/desenvolvimento-e-transferencia-de-tecnologia-de-neutralizadores-dinamicos-hibridos-em-unidades-industriais-de-processamento\/\" target=\"_blank\" rel=\"noreferrer noopener\"><strong>Desenvolvimento e Transfer\u00eancia <\/strong><br><strong>de Tecnologia de Neutralizadores <\/strong><br><strong>Din\u00e2micos H\u00edbridos em Unidades <\/strong><br><strong>Industriais de Processamento<\/strong><\/a><\/td><td>Equipe:<br>&#8211; Eduardo M. O. Lopes<br>&#8211; Maurizio R. Barghouthi<br>&#8211; Eduardo L. O. Batista<br>&#8211;&nbsp;Isabel G. Soares<\/td><\/tr><tr><td><\/td><td class=\"has-text-align-center\" data-align=\"center\"><\/td><td><\/td><\/tr><tr><td><\/td><td class=\"has-text-align-center\" data-align=\"center\"><\/td><td><\/td><\/tr><\/tbody><\/table><\/figure>\n\n\n\n<figure class=\"wp-block-table\"><table><tbody><tr><td><\/td><td class=\"has-text-align-center\" data-align=\"center\"><\/td><td><\/td><\/tr><tr><td><img decoding=\"async\" src=\"https:\/\/tecnologia.ufpr.br\/gvibs\/wp-content\/uploads\/sites\/63\/2024\/09\/machinery-learning.png\" alt=\"\" style=\"width: 250px\"><\/td><td class=\"has-text-align-center\" data-align=\"center\"><strong><a href=\"https:\/\/tecnologia.ufpr.br\/gvibs\/monitoramento-de-maquinas-ferramenta-cnc-atraves-de-analise-modal-operacional-e-aprendizagem-de-maquina\/\" target=\"_blank\" rel=\"noreferrer noopener\">Monitoramento de M\u00e1quinas <br>Ferramenta CNC atrav\u00e9s de <br>An\u00e1lise Modal Operacional e <br>Aprendizagem de M\u00e1quina<\/a><\/strong><\/td><td>Equipe:<br>&#8211; Giuliana S. Venter<br>&#8211; Eduardo M. O. Lopes<\/td><\/tr><tr><td><\/td><td class=\"has-text-align-center\" data-align=\"center\"><\/td><td><\/td><\/tr><tr><td><\/td><td class=\"has-text-align-center\" data-align=\"center\"><\/td><td><\/td><\/tr><\/tbody><\/table><\/figure>\n\n\n\n<figure class=\"wp-block-table\"><table><tbody><tr><td class=\"has-text-align-center\" data-align=\"center\"><\/td><td class=\"has-text-align-center\" data-align=\"center\"><\/td><td><\/td><\/tr><tr><td class=\"has-text-align-center\" data-align=\"center\"><img decoding=\"async\" src=\"https:\/\/tecnologia.ufpr.br\/gvibs\/wp-content\/uploads\/sites\/63\/2015\/09\/fig-carcaterizacao_3.jpg\" alt=\"\" style=\"width: 230px\"><\/td><td class=\"has-text-align-center\" data-align=\"center\"><a href=\"https:\/\/tecnologia.ufpr.br\/gvibs\/projetos\/caracterizacao-de-propriedades-mecanicas-e-aplicacoes-de-materiais-viscoelasticos-solidos\/\" target=\"_blank\" rel=\"noreferrer noopener\"><strong>Caracteriza\u00e7\u00e3o de Propriedades <br>Mec\u00e2nicas e Aplica\u00e7\u00f5es de Materiais <br>Viscoel\u00e1sticos S\u00f3lidos<\/strong><\/a><\/td><td>Equipe:<br>&#8211; Juc\u00e9lio T. Pereira<br>&#8211; Tiago L. de Souza<br>&#8211; Sandmara Lanhi<br>&#8211; Luis  O. R. Muraro<br>&#8211; Andr\u00e9K\u00fchl<br>&#8211; Matheus F. Guerreiro <\/td><\/tr><tr><td class=\"has-text-align-center\" data-align=\"center\"><\/td><td class=\"has-text-align-center\" data-align=\"center\"><\/td><td><\/td><\/tr><tr><td class=\"has-text-align-center\" data-align=\"center\"><\/td><td class=\"has-text-align-center\" data-align=\"center\"><\/td><td><\/td><\/tr><\/tbody><\/table><\/figure>\n\n\n\n<figure class=\"wp-block-table\"><table><tbody><tr><td class=\"has-text-align-center\" data-align=\"center\"><\/td><td class=\"has-text-align-center\" data-align=\"center\"><\/td><td class=\"has-text-align-left\" data-align=\"left\"><\/td><\/tr><tr><td class=\"has-text-align-center\" data-align=\"center\"><img loading=\"lazy\" decoding=\"async\" width=\"223\" height=\"118\" src=\"https:\/\/tecnologia.ufpr.br\/gvibs\/wp-content\/uploads\/sites\/63\/2021\/03\/Projeto-Petrobras-Caso-1.jpg\" alt=\"Projeto Petrobras Caso 1\"><\/td><td class=\"has-text-align-center\" data-align=\"center\"><a href=\"https:\/\/tecnologia.ufpr.br\/gvibs\/projetos\/projeto-de-neutralizadores-de-vibracao-aplicados-a-estruturas-e-equipamentos-de-refinaria-de-petroleo\/\" target=\"_blank\" rel=\"noreferrer noopener\"><strong>Desenvolvimento de metodologia <\/strong><br><strong>para o projeto \u00f3timo de neutralizadores <\/strong><br><strong>de vibra\u00e7\u00e3o aplicados a estruturas e <\/strong><br><strong>equipamentos de refinaria de petr\u00f3leo <\/strong><br><strong>&#8211; Etapa I &#8211; <\/strong><br><strong>e levantamento de informa\u00e7\u00f5es para o <\/strong><br><strong>desenvolvimento de software para <\/strong><br><strong>aplica\u00e7\u00e3o em controle de vibra\u00e7\u00f5es <\/strong><br><strong>&#8211; Etapa II &#8211;<\/strong><\/a><\/td><td class=\"has-text-align-left\" data-align=\"left\">Equipe:<br>&#8211; Eduardo M. O. Lopes<br>&#8211; Juc\u00e9lio T. Pereira<br>&#8211; Carlos A. Bavastri <br>&#8211;&nbsp;Thiago da Silva<br>&#8211;&nbsp;Jos\u00e9 E. Gubaua<br>&#8211; Alex G. R. do Pilar<br>&#8211; Gabriel A. Pereira<\/td><\/tr><tr><td class=\"has-text-align-center\" data-align=\"center\"><\/td><td class=\"has-text-align-center\" data-align=\"center\"><\/td><td class=\"has-text-align-left\" data-align=\"left\"><\/td><\/tr><tr><td class=\"has-text-align-center\" data-align=\"center\"><\/td><td class=\"has-text-align-center\" data-align=\"center\"><\/td><td class=\"has-text-align-left\" data-align=\"left\"><\/td><\/tr><\/tbody><\/table><\/figure>\n\n\n\n<figure class=\"wp-block-table\"><table><tbody><tr><td class=\"has-text-align-center\" data-align=\"center\"><\/td><td class=\"has-text-align-center\" data-align=\"center\"><\/td><td><\/td><\/tr><tr><td class=\"has-text-align-center\" data-align=\"center\"><img decoding=\"async\" src=\"https:\/\/tecnologia.ufpr.br\/gvibs\/wp-content\/uploads\/sites\/63\/2013\/07\/rotor15.jpg\" alt=\"rotor15\" style=\"width: 230px\"><\/td><td class=\"has-text-align-center\" data-align=\"center\"><a href=\"https:\/\/tecnologia.ufpr.br\/gvibs\/projetos\/identificacao-e-controle-de-vibracoes-em-dinamica-de-rotores\/\" target=\"_blank\" rel=\"noreferrer noopener\"><strong>Din\u00e2mica de Rotores: Identifica\u00e7\u00e3o <\/strong><br><strong>e Controle de Vibra\u00e7\u00f5es Usando <\/strong><br><strong>Materiais Viscoel\u00e1sticos<\/strong><\/a><\/td><td>Equipe:<br>&#8211; Eduardo M. O. Lopes<br>&#8211; Carlos A. Bavastri<br>&#8211; Hilton Penha Silva<br>&#8211; Francisco J. Doubrawa<br>&#8211; Danielle R. Voltolini<br>&#8211; Thiago da Silva<br>&#8211;&nbsp;Samuel Kluthcovsky<br>&#8211; Bruno F. A. Prado<br>&#8211; Tulio Paim Horta<br>&#8211; Ana Rita V. Costa<\/td><\/tr><tr><td class=\"has-text-align-center\" data-align=\"center\"><\/td><td class=\"has-text-align-center\" data-align=\"center\"><\/td><td><\/td><\/tr><tr><td class=\"has-text-align-center\" data-align=\"center\"><\/td><td class=\"has-text-align-center\" data-align=\"center\"><\/td><td><\/td><\/tr><\/tbody><\/table><\/figure>\n\n\n\n<figure class=\"wp-block-table\"><table><tbody><tr><td class=\"has-text-align-center\" data-align=\"center\"><\/td><td class=\"has-text-align-center\" data-align=\"center\"><\/td><td><\/td><\/tr><tr><td class=\"has-text-align-center\" data-align=\"center\"><img decoding=\"async\" src=\"https:\/\/tecnologia.ufpr.br\/gvibs\/wp-content\/uploads\/sites\/63\/2015\/10\/logo_controle_2.jpg\" alt=\"logo_controle_2\" style=\"width: 200px\"><\/td><td class=\"has-text-align-center\" data-align=\"center\"><a href=\"https:\/\/tecnologia.ufpr.br\/gvibs\/pesquisa\/prognostico-de-dano-em-sistemas-mecanicos\/\" target=\"_blank\" rel=\"noreferrer noopener\"><strong>Neutralizadores Din\u00e2micos de Vibra\u00e7\u00f5es <\/strong><br><strong>e Ru\u00eddo Irradiado: Modelagem <\/strong><br><strong>Generalizada, Proposta de Novos <\/strong><br><strong>Dispositivos e Aplica\u00e7\u00f5es<\/strong><\/a><\/td><td>Equipe:<br>&#8211; Eduardo M. O. Lopes<br>&#8211; Juc\u00e9lio T. Pereira<br>&#8211; Carlos A. Bavastri <br>&#8211; Francisco Doubrawa<br>&#8211; Samuel Kluthcovsky<br>&#8211; Bruno F. de A. Prado<br>&#8211; Eduardo S. Fantin<br>&#8211; Francielly E.C. Silva<br>&#8211; Milena W. Bavaresco<br>&#8211; Isadora da Luz<br>&#8211; Aniela A. E. Avila<br>&#8211; Lucas Feitosa Nicolau<\/td><\/tr><tr><td class=\"has-text-align-center\" data-align=\"center\"><\/td><td class=\"has-text-align-center\" data-align=\"center\"><\/td><td><\/td><\/tr><tr><td class=\"has-text-align-center\" data-align=\"center\"><\/td><td class=\"has-text-align-center\" data-align=\"center\"><\/td><td><\/td><\/tr><\/tbody><\/table><\/figure>\n\n\n\n<figure class=\"wp-block-table\"><table><tbody><tr><td><\/td><td class=\"has-text-align-center\" data-align=\"center\"><\/td><td><\/td><\/tr><tr><td><img decoding=\"async\" src=\"https:\/\/tecnologia.ufpr.br\/gvibs\/wp-content\/uploads\/sites\/63\/2024\/09\/colheita-de-energia-1-1.png\" alt=\"\" style=\"width: 250px\"><\/td><td class=\"has-text-align-center\" data-align=\"center\"><strong><a href=\"https:\/\/tecnologia.ufpr.br\/gvibs\/projetos\/utilizacao-de-energy-harvesting-em-aplicacoes-de-controle-ativo-e-controle-hibrido\/\" target=\"_blank\" rel=\"noreferrer noopener\">Utiliza\u00e7\u00e3o de energy harvesting <br>em aplica\u00e7\u00f5es de controle ativo <br>e controle h\u00edbrido<\/a><\/strong><\/td><td>Equipe:<br>&#8211; Giuliana S. Venter<br>&#8211; Carlos A. bavastri<br>&#8211; Allyson C. da Silva<br>&#8211; Paolo R. M. Cuevas<\/td><\/tr><tr><td><\/td><td class=\"has-text-align-center\" data-align=\"center\"><\/td><td><\/td><\/tr><tr><td><\/td><td class=\"has-text-align-center\" data-align=\"center\"><\/td><td><\/td><\/tr><\/tbody><\/table><\/figure>\n\n\n\n<figure class=\"wp-block-table\"><table><tbody><tr><td class=\"has-text-align-center\" data-align=\"center\"><\/td><td class=\"has-text-align-center\" data-align=\"center\"><\/td><td><\/td><\/tr><tr><td class=\"has-text-align-center\" data-align=\"center\"><img decoding=\"async\" src=\"https:\/\/tecnologia.ufpr.br\/gvibs\/wp-content\/uploads\/sites\/63\/2021\/03\/projeto-fibras-oticas-1.png\" alt=\"projeto fibras oticas\" style=\"width: 220px\"><\/td><td class=\"has-text-align-center\" data-align=\"center\"><a href=\"https:\/\/tecnologia.ufpr.br\/gvibs\/projetos\/caracterizacao-dinamica\/conversor-optico-eletronico-fase-2\/\" target=\"_blank\" rel=\"noreferrer noopener\"><strong>Conversor \u00f3ptico-eletr\u00f4nico &#8211; <\/strong><br><strong>Fase 2 (Termo de Coopera\u00e7\u00e3o <\/strong><br><strong>5850.0107231.18.9)<\/strong><\/a><\/td><td>Equipe:<br>&#8211; Jean C. C. da Silva<br>&#8211; Cicero Martelli<br>&#8211; Juc\u00e9lio T. Pereira<br>&#8211; Carlos A. Bavastri <br>&#8211; Frederico Janhert<\/td><\/tr><tr><td class=\"has-text-align-center\" data-align=\"center\"><\/td><td class=\"has-text-align-center\" data-align=\"center\"><\/td><td><\/td><\/tr><tr><td class=\"has-text-align-center\" data-align=\"center\"><\/td><td class=\"has-text-align-center\" data-align=\"center\"><\/td><td><\/td><\/tr><\/tbody><\/table><\/figure>\n\n\n\n<figure class=\"wp-block-table\"><table><tbody><tr><td class=\"has-text-align-center\" data-align=\"center\"><\/td><td class=\"has-text-align-center\" data-align=\"center\"><\/td><td><\/td><\/tr><tr><td class=\"has-text-align-center\" data-align=\"center\"><img decoding=\"async\" src=\"https:\/\/tecnologia.ufpr.br\/gvibs\/wp-content\/uploads\/sites\/63\/2013\/07\/rotor-4.png\" alt=\"rotor 4\" style=\"width: 230px\"><\/td><td class=\"has-text-align-center\" data-align=\"center\"><a href=\"https:\/\/tecnologia.ufpr.br\/gvibs\/inovacao-tecnologica-em-componentes-mecanicos-para-motores-eletricos-itecmel-promove\/\" target=\"_blank\" rel=\"noreferrer noopener\"><strong>Inova\u00e7\u00e3o Tecnol\u00f3gica em Componentes <\/strong><br><strong>Mec\u00e2nicos para Motores El\u00e9tricos <\/strong><br><strong>ITECMEL\/PROMOVE (FINEP 4931\/06)<\/strong><\/a><\/td><td>Equipe:<br>&#8211; Marco A. Luersen<br>&#8211; Juc\u00e9lio T. Pereira<br>&#8211; Carlos A. Bavastri <br>&#8211; Francisco Doubrawa<br>&#8211;&nbsp;Hideraldo L. Santos<br>&#8211;&nbsp;Hilton P. Silva<br>&#8211; Alexandre Kokot<br>&#8211; Eduardo A. Ribeiro<\/td><\/tr><tr><td class=\"has-text-align-center\" data-align=\"center\"><\/td><td class=\"has-text-align-center\" data-align=\"center\"><\/td><td><\/td><\/tr><tr><td class=\"has-text-align-center\" data-align=\"center\"><\/td><td class=\"has-text-align-center\" data-align=\"center\"><\/td><td><\/td><\/tr><\/tbody><\/table><\/figure>\n\n\n\n<figure class=\"wp-block-table\"><table><tbody><tr><td><\/td><td class=\"has-text-align-center\" data-align=\"center\"><\/td><td><\/td><\/tr><tr><td><img decoding=\"async\" src=\"https:\/\/tecnologia.ufpr.br\/gvibs\/wp-content\/uploads\/sites\/63\/2015\/10\/logo_controle_3.jpg\" alt=\"logo_controle_3\" style=\"width: 230px\"><\/td><td class=\"has-text-align-center\" data-align=\"center\"><a href=\"https:\/\/tecnologia.ufpr.br\/gvibs\/projeto-de-um-neutralizadores-de-vibracao-viscoelasticos\/\" target=\"_blank\" rel=\"noreferrer noopener\">&nbsp;<strong>Desenvolvimento de Projeto de <\/strong><\/a><br><a href=\"https:\/\/tecnologia.ufpr.br\/gvibs\/projeto-de-um-neutralizadores-de-vibracao-viscoelasticos\/\" target=\"_blank\" rel=\"noreferrer noopener\"><strong>um Conjunto de Neutralizadores de <\/strong><\/a><br><a href=\"https:\/\/tecnologia.ufpr.br\/gvibs\/projeto-de-um-neutralizadores-de-vibracao-viscoelasticos\/\" target=\"_blank\" rel=\"noreferrer noopener\"><strong>Vibra\u00e7\u00e3o Viscoel\u00e1sticos para Redu\u00e7\u00e3o do <\/strong><\/a><br><a href=\"https:\/\/tecnologia.ufpr.br\/gvibs\/projeto-de-um-neutralizadores-de-vibracao-viscoelasticos\/\" target=\"_blank\" rel=\"noreferrer noopener\"><strong>N\u00edvel Global de Vibra\u00e7\u00e3o Axial do Grupo <\/strong><\/a><br><a href=\"https:\/\/tecnologia.ufpr.br\/gvibs\/projeto-de-um-neutralizadores-de-vibracao-viscoelasticos\/\" target=\"_blank\" rel=\"noreferrer noopener\"><strong>Hidro-Gerador 1 da Usina Hidrel\u00e9trica <\/strong><\/a><br><a href=\"https:\/\/tecnologia.ufpr.br\/gvibs\/projeto-de-um-neutralizadores-de-vibracao-viscoelasticos\/\" target=\"_blank\" rel=\"noreferrer noopener\"><strong>Passo Fundo<\/strong><\/a><\/td><td>Equipe:<br>&#8211; Jos\u00e9 J. de Esp\u00edndola<br>&#8211; Eduardo O. Lopes<br>&#8211; Carlos A. Bavastri <br>&#8211; Juc\u00e9lio T. Pereira<\/td><\/tr><tr><td><\/td><td class=\"has-text-align-center\" data-align=\"center\"><\/td><td><\/td><\/tr><tr><td><\/td><td class=\"has-text-align-center\" data-align=\"center\"><\/td><td><\/td><\/tr><\/tbody><\/table><\/figure>\n\n\n\n<figure class=\"wp-block-table\"><table><tbody><tr><td class=\"has-text-align-center\" data-align=\"center\"><\/td><td class=\"has-text-align-center\" data-align=\"center\"><\/td><td><\/td><\/tr><tr><td class=\"has-text-align-center\" data-align=\"center\"><img decoding=\"async\" src=\"https:\/\/tecnologia.ufpr.br\/gvibs\/wp-content\/uploads\/sites\/63\/2021\/03\/Neutralizador-para-linhas-de-tranmissao-de-energia-eletrica.jpg\" alt=\"Neutralizador para linhas de tranmiss\u00e3o de energia el\u00e9trica\" style=\"width: 220px\"><\/td><td class=\"has-text-align-center\" data-align=\"center\"><a href=\"https:\/\/tecnologia.ufpr.br\/gvibs\/desenvolvimento-final-de-neutralizador-dinamico-viscoelastico-para-cabos-de-linhas-aereas\/\" target=\"_blank\" rel=\"noreferrer noopener\"><strong>Projeto FINEP 246\/2002: Desenvolvimento <\/strong><br><strong>Final de Neutralizador Din\u00e2mico <\/strong><br><strong>Viscoel\u00e1stico para Cabos de Linhas A\u00e9reas<\/strong><\/a><\/td><td>Equipe:<br>&#8211; Jos\u00e9 J. de Esp\u00edndola<br>&#8211; Eduardo O. Lopes<br>&#8211; Carlos A. Bavastri <br>&#8211; Fl\u00e1vio A. Presezniak<\/td><\/tr><tr><td class=\"has-text-align-center\" data-align=\"center\"><\/td><td class=\"has-text-align-center\" data-align=\"center\"><\/td><td><\/td><\/tr><tr><td class=\"has-text-align-center\" data-align=\"center\"><\/td><td class=\"has-text-align-center\" data-align=\"center\"><\/td><td><\/td><\/tr><\/tbody><\/table><\/figure>\n","protected":false},"excerpt":{"rendered":"<p>Neutralizadores de Vibra\u00e7\u00f5es Viscoel\u00e1sticos Equipe:&#8211; Eduardo O. Lopes&#8211; Juc\u00e9lio T. Pereira&#8211; Carlos A. Bavastri &#8211; Jo\u00e3o Luiz Alves&#8211;\u00a0Jederson da Silva&#8211; Jo\u00e3o Luiz do Vale&#8211;\u00a0Samuel Kluthcovsky&#8211; [&hellip;]<\/p>\n","protected":false},"author":1113,"featured_media":0,"parent":0,"menu_order":0,"comment_status":"open","ping_status":"open","template":"","meta":{"footnotes":""},"_links":{"self":[{"href":"https:\/\/tecnologia.ufpr.br\/gvibs\/wp-json\/wp\/v2\/pages\/28"}],"collection":[{"href":"https:\/\/tecnologia.ufpr.br\/gvibs\/wp-json\/wp\/v2\/pages"}],"about":[{"href":"https:\/\/tecnologia.ufpr.br\/gvibs\/wp-json\/wp\/v2\/types\/page"}],"author":[{"embeddable":true,"href":"https:\/\/tecnologia.ufpr.br\/gvibs\/wp-json\/wp\/v2\/users\/1113"}],"replies":[{"embeddable":true,"href":"https:\/\/tecnologia.ufpr.br\/gvibs\/wp-json\/wp\/v2\/comments?post=28"}],"version-history":[{"count":38,"href":"https:\/\/tecnologia.ufpr.br\/gvibs\/wp-json\/wp\/v2\/pages\/28\/revisions"}],"predecessor-version":[{"id":1582,"href":"https:\/\/tecnologia.ufpr.br\/gvibs\/wp-json\/wp\/v2\/pages\/28\/revisions\/1582"}],"wp:attachment":[{"href":"https:\/\/tecnologia.ufpr.br\/gvibs\/wp-json\/wp\/v2\/media?parent=28"}],"curies":[{"name":"wp","href":"https:\/\/api.w.org\/{rel}","templated":true}]}}