{"id":255,"date":"2015-08-31T15:31:01","date_gmt":"2015-08-31T18:31:01","guid":{"rendered":"https:\/\/demec.ufpr.br\/gvibs\/?page_id=255"},"modified":"2024-09-04T15:54:23","modified_gmt":"2024-09-04T18:54:23","slug":"graduacao","status":"publish","type":"page","link":"https:\/\/tecnologia.ufpr.br\/gvibs\/disciplinas\/graduacao\/","title":{"rendered":"Gradua\u00e7\u00e3o"},"content":{"rendered":"<p>As disciplinas ministradas pelo grupo na gradua\u00e7\u00e3o s\u00e3o:<\/p>\n<ul>\n<li>Elementos de M\u00e1quinas I<\/li>\n<li>Elementos de M\u00e1quinas II<\/li>\n<li>Est\u00e1tica<\/li>\n<li>Din\u00e2mica<\/li>\n<li>Mec\u00e2nica dos S\u00f3lidos I<\/li>\n<li>Mec\u00e2nica dos S\u00f3lidos II<\/li>\n<li>Princ\u00edpios de Mecatr\u00f4nica<\/li>\n<li>Vibra\u00e7\u00f5es Mec\u00e2nicas<\/li>\n<\/ul>\n<p>Optativas:<\/p>\n<ul>\n<li>Din\u00e2mica de Rotores<\/li>\n<li>Elementos Finitos<\/li>\n<li>Machine Learning<\/li>\n<li>Prototipagem com Controle Digital<\/li>\n<li>T\u00e9cnicas de Otimiza\u00e7\u00e3o n\u00e3o Linear<\/li>\n<\/ul>\n","protected":false},"excerpt":{"rendered":"<p>As disciplinas ministradas pelo grupo na gradua\u00e7\u00e3o s\u00e3o: Elementos de M\u00e1quinas I Elementos de M\u00e1quinas II Est\u00e1tica Din\u00e2mica Mec\u00e2nica dos S\u00f3lidos I Mec\u00e2nica dos S\u00f3lidos [&hellip;]<\/p>\n","protected":false},"author":1113,"featured_media":0,"parent":38,"menu_order":0,"comment_status":"open","ping_status":"open","template":"","meta":{"footnotes":""},"_links":{"self":[{"href":"https:\/\/tecnologia.ufpr.br\/gvibs\/wp-json\/wp\/v2\/pages\/255"}],"collection":[{"href":"https:\/\/tecnologia.ufpr.br\/gvibs\/wp-json\/wp\/v2\/pages"}],"about":[{"href":"https:\/\/tecnologia.ufpr.br\/gvibs\/wp-json\/wp\/v2\/types\/page"}],"author":[{"embeddable":true,"href":"https:\/\/tecnologia.ufpr.br\/gvibs\/wp-json\/wp\/v2\/users\/1113"}],"replies":[{"embeddable":true,"href":"https:\/\/tecnologia.ufpr.br\/gvibs\/wp-json\/wp\/v2\/comments?post=255"}],"version-history":[{"count":5,"href":"https:\/\/tecnologia.ufpr.br\/gvibs\/wp-json\/wp\/v2\/pages\/255\/revisions"}],"predecessor-version":[{"id":1298,"href":"https:\/\/tecnologia.ufpr.br\/gvibs\/wp-json\/wp\/v2\/pages\/255\/revisions\/1298"}],"up":[{"embeddable":true,"href":"https:\/\/tecnologia.ufpr.br\/gvibs\/wp-json\/wp\/v2\/pages\/38"}],"wp:attachment":[{"href":"https:\/\/tecnologia.ufpr.br\/gvibs\/wp-json\/wp\/v2\/media?parent=255"}],"curies":[{"name":"wp","href":"https:\/\/api.w.org\/{rel}","templated":true}]}}