{"id":1258,"date":"2024-09-04T09:56:13","date_gmt":"2024-09-04T12:56:13","guid":{"rendered":"https:\/\/tecnologia.ufpr.br\/gvibs\/?page_id=1258"},"modified":"2025-10-21T12:59:50","modified_gmt":"2025-10-21T15:59:50","slug":"caracterizacao-de-propriedades-mecanicas-e-aplicacoes-de-materiais-viscoelasticos-solidos","status":"publish","type":"page","link":"https:\/\/tecnologia.ufpr.br\/gvibs\/projetos\/caracterizacao-de-propriedades-mecanicas-e-aplicacoes-de-materiais-viscoelasticos-solidos\/","title":{"rendered":"Caracteriza\u00e7\u00e3o de Propriedades Mec\u00e2nicas e Aplica\u00e7\u00f5es de Materiais Viscoel\u00e1sticos S\u00f3lidos"},"content":{"rendered":"\n<p>O presente projeto de pesquisa tem como meta principal o desenvolvimento de duas metodologias de identifica\u00e7\u00e3o das propriedades mec\u00e2nicas de s\u00f3lidos viscoel\u00e1sticos. A primeira, definida no dom\u00ednio da frequ\u00eancia, se baseia no ajuste de um modelo matem\u00e1tico de transmissibilidade din\u00e2mica de um s\u00f3lido r\u00edgido suportado por um s\u00f3lido viscoel\u00e1stico flex\u00edvel, confrontando dados experimentais em v\u00e1rias temperaturas e frequ\u00eancias com os valores obtidos pelo modelo anal\u00edtico. A segunda metodologia, no dom\u00ednio do tempo, se baseia em um ensaio uniaxial de um corpo de prova em diferentes taxas de deforma\u00e7\u00e3o e diferentes temperaturas. Em ambos os casos, ser\u00e3o empregados modelos constitutivos baseados em S\u00e9ries de Prony e c\u00e1lculo fracion\u00e1rio. Valor total R$ 200.000,00.<\/p>\n\n\n\n<p>Financiador: CNPq<\/p>\n\n\n\n<p>Per\u00edodo: 2022 &#8211; Atual (andamento)<\/p>\n\n\n\n<figure class=\"wp-block-table\"><table><tbody><tr><td class=\"has-text-align-center\" data-align=\"center\"><img decoding=\"async\" src=\"https:\/\/tecnologia.ufpr.br\/gvibs\/wp-content\/uploads\/sites\/63\/2025\/10\/dma-olienick.jpg\" alt=\"\"><\/td><td class=\"has-text-align-center\" data-align=\"center\"><img decoding=\"async\" src=\"https:\/\/tecnologia.ufpr.br\/gvibs\/wp-content\/uploads\/sites\/63\/2025\/10\/nomograma-com-precarga.jpg\" alt=\"\"><img alt=\"\"><img alt=\"\"><\/td><\/tr><\/tbody><\/table><\/figure>\n","protected":false},"excerpt":{"rendered":"<p>O presente projeto de pesquisa tem como meta principal o desenvolvimento de duas metodologias de identifica\u00e7\u00e3o das propriedades mec\u00e2nicas de s\u00f3lidos viscoel\u00e1sticos. A primeira, definida [&hellip;]<\/p>\n","protected":false},"author":1113,"featured_media":0,"parent":28,"menu_order":0,"comment_status":"closed","ping_status":"closed","template":"","meta":{"footnotes":""},"_links":{"self":[{"href":"https:\/\/tecnologia.ufpr.br\/gvibs\/wp-json\/wp\/v2\/pages\/1258"}],"collection":[{"href":"https:\/\/tecnologia.ufpr.br\/gvibs\/wp-json\/wp\/v2\/pages"}],"about":[{"href":"https:\/\/tecnologia.ufpr.br\/gvibs\/wp-json\/wp\/v2\/types\/page"}],"author":[{"embeddable":true,"href":"https:\/\/tecnologia.ufpr.br\/gvibs\/wp-json\/wp\/v2\/users\/1113"}],"replies":[{"embeddable":true,"href":"https:\/\/tecnologia.ufpr.br\/gvibs\/wp-json\/wp\/v2\/comments?post=1258"}],"version-history":[{"count":4,"href":"https:\/\/tecnologia.ufpr.br\/gvibs\/wp-json\/wp\/v2\/pages\/1258\/revisions"}],"predecessor-version":[{"id":1482,"href":"https:\/\/tecnologia.ufpr.br\/gvibs\/wp-json\/wp\/v2\/pages\/1258\/revisions\/1482"}],"up":[{"embeddable":true,"href":"https:\/\/tecnologia.ufpr.br\/gvibs\/wp-json\/wp\/v2\/pages\/28"}],"wp:attachment":[{"href":"https:\/\/tecnologia.ufpr.br\/gvibs\/wp-json\/wp\/v2\/media?parent=1258"}],"curies":[{"name":"wp","href":"https:\/\/api.w.org\/{rel}","templated":true}]}}