{"id":1234,"date":"2024-09-03T17:40:31","date_gmt":"2024-09-03T20:40:31","guid":{"rendered":"https:\/\/tecnologia.ufpr.br\/gvibs\/?page_id=1234"},"modified":"2025-10-21T14:57:53","modified_gmt":"2025-10-21T17:57:53","slug":"identificacao-e-controle-de-vibracoes-em-dinamica-de-rotores","status":"publish","type":"page","link":"https:\/\/tecnologia.ufpr.br\/gvibs\/projetos\/identificacao-e-controle-de-vibracoes-em-dinamica-de-rotores\/","title":{"rendered":"Identifica\u00e7\u00e3o e Controle de Vibra\u00e7\u00f5es em Din\u00e2mica de Rotores"},"content":{"rendered":"\n<p>No presente projeto, pretende-se: 1) propor modelos para calculo da rigidez angular dos mancais de rolamento para estudos e predi\u00e7\u00e3o do comportamento din\u00e2mico de m\u00e1quinas girantes e 2) propor uma metodologia de projeto \u00f3timo de neutralizadores din\u00e2micos viscoel\u00e1sticos para controlar vibra\u00e7\u00f5es flexionais de rotores, de forma indireta, controlando graus de liberdade angulares. Com a inclus\u00e3o de modelos de rigidez angular precisos, valores estes que ser\u00e3o corroborados de forma num\u00e9rica e experimental atrav\u00e9s de um processo inverso de identifica\u00e7\u00e3o, simula\u00e7\u00f5es num\u00e9ricas em distintos tipos e tamanhos de rotores ser\u00e3o realizadas para verificar a sua influ\u00eancia no comportamento din\u00e2mico dos mesmos. J\u00e1 em controle passivo de vibra\u00e7\u00f5es, trabalhos anteriores de pesquisa apresentaram uma metodologia de controle passivo \u00f3timo, usando neutralizadores din\u00e2micos viscoel\u00e1sticos para reduzir o deslocamento de vibra\u00e7\u00e3o flexional, usando, para tal fim, mancais auxiliares para fixa\u00e7\u00e3o dos dispositivos. Esta metodologia geral se mostrou eficaz no controle passivo de vibra\u00e7\u00f5es, atrav\u00e9s de um ou v\u00e1rios dispositivos, para atuar sobre uma ou v\u00e1rias frequ\u00eancias caracter\u00edsticas do rotor em estudo, o que se conhece como controle em banda larga de frequ\u00eancias. Por outro lado, estes dispositivos devem ser fixados nos pontos de m\u00e1xima amplitude relativa dos modos a controlar, o que muitas vezes se torna dif\u00edcil ou at\u00e9 imposs\u00edvel de ser realizado. Assim, surge a necessidade de uma nova abordagem, motivo do presente projeto, que \u00e9 controlar a vibra\u00e7\u00e3o flexional de rotores de forma indireta, controlando graus de liberdade angulares do eixo. Sabe-se que os valores m\u00e1ximos deste grau de liberdade ocorrem perto dos mancais, podendo-se, assim, controlar, indistintamente, qualquer modo com a fixa\u00e7\u00e3o destes dispositivos na vizinhan\u00e7a dos mesmos. Esta metodologia permite realizar um controle flexional, prevendo uma solu\u00e7\u00e3o adequada e interessante do ponto de vista da f\u00e1cil manuten\u00e7\u00e3o. V\u00e1rios projetos desenvolvidos desde 2005. Valor total desses projetos R$ 280.000,00; <\/p>\n\n\n\n<p><\/p>\n\n\n\n<p>Financiador: WEG INDUSTRIAS EL\u00c9TRICAS<\/p>\n\n\n\n<p>Per\u00edodo: 2015 \u2013 atual (andamento)<\/p>\n\n\n\n<figure class=\"wp-block-image size-large\"><img loading=\"lazy\" decoding=\"async\" width=\"1024\" height=\"574\" src=\"https:\/\/tecnologia.ufpr.br\/gvibs\/wp-content\/uploads\/sites\/63\/2025\/10\/interface-em-matlab-e-java-1024x574.jpeg\" alt=\"\" class=\"wp-image-1488\" srcset=\"https:\/\/tecnologia.ufpr.br\/gvibs\/wp-content\/uploads\/sites\/63\/2025\/10\/interface-em-matlab-e-java-1024x574.jpeg 1024w, https:\/\/tecnologia.ufpr.br\/gvibs\/wp-content\/uploads\/sites\/63\/2025\/10\/interface-em-matlab-e-java-300x168.jpeg 300w, https:\/\/tecnologia.ufpr.br\/gvibs\/wp-content\/uploads\/sites\/63\/2025\/10\/interface-em-matlab-e-java-768x431.jpeg 768w, https:\/\/tecnologia.ufpr.br\/gvibs\/wp-content\/uploads\/sites\/63\/2025\/10\/interface-em-matlab-e-java-18x10.jpeg 18w, https:\/\/tecnologia.ufpr.br\/gvibs\/wp-content\/uploads\/sites\/63\/2025\/10\/interface-em-matlab-e-java-175x98.jpeg 175w, https:\/\/tecnologia.ufpr.br\/gvibs\/wp-content\/uploads\/sites\/63\/2025\/10\/interface-em-matlab-e-java-75x42.jpeg 75w, https:\/\/tecnologia.ufpr.br\/gvibs\/wp-content\/uploads\/sites\/63\/2025\/10\/interface-em-matlab-e-java.jpeg 1156w\" sizes=\"(max-width: 1024px) 100vw, 1024px\" \/><\/figure>\n\n\n\n<figure class=\"wp-block-image size-large\"><img loading=\"lazy\" decoding=\"async\" width=\"1024\" height=\"574\" src=\"https:\/\/tecnologia.ufpr.br\/gvibs\/wp-content\/uploads\/sites\/63\/2025\/10\/dinamica-de-rotores-resultados-2-1024x574.jpeg\" alt=\"\" class=\"wp-image-1494\" srcset=\"https:\/\/tecnologia.ufpr.br\/gvibs\/wp-content\/uploads\/sites\/63\/2025\/10\/dinamica-de-rotores-resultados-2-1024x574.jpeg 1024w, https:\/\/tecnologia.ufpr.br\/gvibs\/wp-content\/uploads\/sites\/63\/2025\/10\/dinamica-de-rotores-resultados-2-300x168.jpeg 300w, https:\/\/tecnologia.ufpr.br\/gvibs\/wp-content\/uploads\/sites\/63\/2025\/10\/dinamica-de-rotores-resultados-2-768x431.jpeg 768w, https:\/\/tecnologia.ufpr.br\/gvibs\/wp-content\/uploads\/sites\/63\/2025\/10\/dinamica-de-rotores-resultados-2-18x10.jpeg 18w, https:\/\/tecnologia.ufpr.br\/gvibs\/wp-content\/uploads\/sites\/63\/2025\/10\/dinamica-de-rotores-resultados-2-175x98.jpeg 175w, https:\/\/tecnologia.ufpr.br\/gvibs\/wp-content\/uploads\/sites\/63\/2025\/10\/dinamica-de-rotores-resultados-2-75x42.jpeg 75w, https:\/\/tecnologia.ufpr.br\/gvibs\/wp-content\/uploads\/sites\/63\/2025\/10\/dinamica-de-rotores-resultados-2.jpeg 1156w\" sizes=\"(max-width: 1024px) 100vw, 1024px\" \/><\/figure>\n","protected":false},"excerpt":{"rendered":"<p>No presente projeto, pretende-se: 1) propor modelos para calculo da rigidez angular dos mancais de rolamento para estudos e predi\u00e7\u00e3o do comportamento din\u00e2mico de m\u00e1quinas [&hellip;]<\/p>\n","protected":false},"author":1113,"featured_media":0,"parent":28,"menu_order":0,"comment_status":"closed","ping_status":"closed","template":"","meta":{"footnotes":""},"_links":{"self":[{"href":"https:\/\/tecnologia.ufpr.br\/gvibs\/wp-json\/wp\/v2\/pages\/1234"}],"collection":[{"href":"https:\/\/tecnologia.ufpr.br\/gvibs\/wp-json\/wp\/v2\/pages"}],"about":[{"href":"https:\/\/tecnologia.ufpr.br\/gvibs\/wp-json\/wp\/v2\/types\/page"}],"author":[{"embeddable":true,"href":"https:\/\/tecnologia.ufpr.br\/gvibs\/wp-json\/wp\/v2\/users\/1113"}],"replies":[{"embeddable":true,"href":"https:\/\/tecnologia.ufpr.br\/gvibs\/wp-json\/wp\/v2\/comments?post=1234"}],"version-history":[{"count":6,"href":"https:\/\/tecnologia.ufpr.br\/gvibs\/wp-json\/wp\/v2\/pages\/1234\/revisions"}],"predecessor-version":[{"id":1495,"href":"https:\/\/tecnologia.ufpr.br\/gvibs\/wp-json\/wp\/v2\/pages\/1234\/revisions\/1495"}],"up":[{"embeddable":true,"href":"https:\/\/tecnologia.ufpr.br\/gvibs\/wp-json\/wp\/v2\/pages\/28"}],"wp:attachment":[{"href":"https:\/\/tecnologia.ufpr.br\/gvibs\/wp-json\/wp\/v2\/media?parent=1234"}],"curies":[{"name":"wp","href":"https:\/\/api.w.org\/{rel}","templated":true}]}}